{"id":98,"date":"2018-01-14T21:07:11","date_gmt":"2018-01-14T21:07:11","guid":{"rendered":"http:\/\/134.169.6.169\/milq\/?page_id=98"},"modified":"2020-02-26T20:13:08","modified_gmt":"2020-02-26T20:13:08","slug":"kontakt","status":"publish","type":"page","link":"https:\/\/www.milq.info\/en\/kontakt\/","title":{"rendered":"Impressum"},"content":{"rendered":"<div id=\"bsf_rt_marker\"><\/div><table border=\"0\" width=\"100%\">\n<tbody>\n<tr>\n<td valign=\"top\"><\/td>\n<td class=\"contentdescription\" valign=\"top\">Alle hier verwendeten Namen, Begriffe, Zeichen und Grafiken k\u00f6nnen Marken- oder Warenzeichen im Besitze ihrer rechtlichen Eigent\u00fcmer sein. Die Rechte aller erw\u00e4hnten und benutzten Marken- und Warenzeichen liegen ausschlie\u00dflich bei deren Besitzern.<\/td>\n<\/tr>\n<\/tbody>\n<\/table>\n<p><img decoding=\"async\" class=\"aligncenter\" src=\"\/data\/_uploaded\/TUBSLogo.png\" alt=\"\" \/><\/p>\n<p><strong>Technische Universit\u00e4t Braunschweig<\/strong><br \/>\n<strong>Prof. Dr. Rainer M\u00fcller<\/strong><\/p>\n<p><strong>TU Braunschweig &#8211; IFdN &#8211; Abteilung Physik und Physikdidaktik<\/strong><br \/>\nBienroder Weg 82<br \/>\nD-38106 Braunschweig<\/p>\n<p><strong>\u00a0<\/strong><\/p>\n<table border=\"0\" width=\"588\" cellspacing=\"2\" cellpadding=\"0\">\n<tbody>\n<tr>\n<td align=\"left\"><img decoding=\"async\" src=\"\/data\/_uploaded\/image\/M_images\/con_address.png\" alt=\"Website: \" \/><\/td>\n<td align=\"left\"><a href=\"http:\/\/www.tu-braunschweig.de\/ifdn\/physik\">www.tu-braunschweig.de\/ifdn\/physik<\/a><\/td>\n<\/tr>\n<tr>\n<td align=\"left\"><img decoding=\"async\" src=\"\/data\/_uploaded\/image\/M_images\/emailButton.png\" alt=\"E-Mail: \" \/><\/td>\n<td align=\"left\"><a href=\"mailto:physikdidaktik@tu-bs.de?subject=Impressum%20-%20milq\" rel=\"noopener\">physikdidaktik@tu-bs.de<\/a><\/td>\n<\/tr>\n<\/tbody>\n<\/table>\n<p><!--\n\n\n<table border=\"0\" width=\"100%\">\n\n\n<tbody>\n\n\n<tr>\n\n\n<td align=\"left\"><img decoding=\"async\" src=\"\/include\/image.php?i=c&amp;w=20&amp;h=20&amp;img=%2Fimage%2FM_images%2Ftechnik.png\" alt=\"\" \/>\u00a0\u00a0\u00a0<strong>Technische Angaben<\/strong><\/td>\n\n\n<\/tr>\n\n\n\n\n<tr>\n\n\n<td align=\"left\">Technisch Verantwortlicher:\n<a href=\"http:\/\/www.uni-salzburg.at?id=64291\">Ass.Prof. Dr. Alexander Strahl<\/a>\n<a href=\"mailto:a.strahl@tu-bs.de\" rel=\"noopener\">a.strahl@tu-bs.de<\/a><\/td>\n\n\n<\/tr>\n\n\n<\/tbody>\n\n\n<\/table>\n\n\n--><\/p>\n<table border=\"0\" width=\"100%\">\n<tbody>\n<tr>\n<td>\n<table border=\"0\" width=\"100%\">\n<tbody>\n<tr>\n<td align=\"left\"><img decoding=\"async\" src=\"\/include\/image.php?i=d&amp;w=20&amp;h=20&amp;img=%2Fimage%2FM_images%2Frechtlich.jpg\" alt=\"\" \/>\u00a0\u00a0\u00a0<strong>Rechtliche Angaben<\/strong><\/td>\n<\/tr>\n<tr>\n<td align=\"left\">Inhaltlich Verantwortlicher gem\u00e4\u00df TMG<\/td>\n<\/tr>\n<\/tbody>\n<\/table>\n<\/td>\n<\/tr>\n<tr>\n<td>\n<table border=\"0\" width=\"100%\">\n<tbody>\n<tr>\n<td align=\"left\"><img decoding=\"async\" src=\"\/data\/_uploaded\/image\/M_images\/picture.png\" alt=\"\" \/>\u00a0\u00a0\u00a0<strong>Bildquellen und -rechte<\/strong><\/td>\n<\/tr>\n<\/tbody>\n<\/table>\n<\/td>\n<\/tr>\n<tr>\n<td>\n<table border=\"0\" width=\"100%\">\n<tbody>\n<tr>\n<td align=\"left\"><img decoding=\"async\" src=\"\/data\/_uploaded\/image\/M_images\/con_info.png\" alt=\"\" \/>\u00a0\u00a0\u00a0<strong>Weitere Informationen<\/strong><\/td>\n<\/tr>\n<tr>\n<td align=\"left\" valign=\"top\"><a href=\"\/allg-nutzungsbedingungen\">Allg. Nutzungsbedingungen anzeigen<\/a><\/td>\n<\/tr>\n<tr>\n<td align=\"left\" valign=\"top\"><a href=\"\/datenschutz\">Erkl\u00e4rung zum Datenschutz anzeigen<\/a><\/td>\n<\/tr>\n<\/tbody>\n<\/table>\n<\/td>\n<\/tr>\n<\/tbody>\n<\/table>\n","protected":false},"excerpt":{"rendered":"<p>Alle hier verwendeten Namen, Begriffe, Zeichen und Grafiken k\u00f6nnen Marken- oder Warenzeichen im Besitze ihrer rechtlichen Eigent\u00fcmer sein. Die Rechte aller erw\u00e4hnten und benutzten Marken- und Warenzeichen liegen ausschlie\u00dflich bei deren Besitzern. Technische Universit\u00e4t Braunschweig Prof. Dr. Rainer M\u00fcller TU Braunschweig &#8211; IFdN &#8211; Abteilung Physik und Physikdidaktik Bienroder Weg 82 D-38106 Braunschweig \u00a0 www.tu-braunschweig.de\/ifdn\/physik&hellip; <a href=\"https:\/\/www.milq.info\/en\/kontakt\/\" class=\"more-link\">Continue reading <span class=\"screen-reader-text\">Impressum<\/span><\/a><\/p>\n","protected":false},"author":5,"featured_media":0,"parent":0,"menu_order":0,"comment_status":"closed","ping_status":"closed","template":"","meta":{"footnotes":""},"class_list":["post-98","page","type-page","status-publish","hentry","without-featured-image"],"yoast_head":"<!-- This site is optimized with the Yoast SEO plugin v27.5 - https:\/\/yoast.com\/product\/yoast-seo-wordpress\/ -->\n<title>Impressum - milq<\/title>\n<meta name=\"robots\" content=\"index, follow, max-snippet:-1, max-image-preview:large, max-video-preview:-1\" \/>\n<link rel=\"canonical\" href=\"https:\/\/www.milq.info\/kontakt\/\" \/>\n<meta property=\"og:locale\" content=\"en_US\" \/>\n<meta property=\"og:type\" content=\"article\" \/>\n<meta property=\"og:title\" content=\"Impressum - milq\" \/>\n<meta property=\"og:description\" content=\"Alle hier verwendeten Namen, Begriffe, Zeichen und Grafiken k\u00f6nnen Marken- oder Warenzeichen im Besitze ihrer rechtlichen Eigent\u00fcmer sein. Die Rechte aller erw\u00e4hnten und benutzten Marken- und Warenzeichen liegen ausschlie\u00dflich bei deren Besitzern. Technische Universit\u00e4t Braunschweig Prof. Dr. Rainer M\u00fcller TU Braunschweig &#8211; IFdN &#8211; Abteilung Physik und Physikdidaktik Bienroder Weg 82 D-38106 Braunschweig \u00a0 www.tu-braunschweig.de\/ifdn\/physik&hellip; Continue reading Impressum\" \/>\n<meta property=\"og:url\" content=\"https:\/\/www.milq.info\/kontakt\/\" \/>\n<meta property=\"og:site_name\" content=\"milq\" \/>\n<meta property=\"article:modified_time\" content=\"2020-02-26T20:13:08+00:00\" \/>\n<meta property=\"og:image\" content=\"https:\/\/www.milq.info\/data\/_uploaded\/TUBSLogo.png\" \/>\n<meta name=\"twitter:card\" content=\"summary_large_image\" \/>\n<script type=\"application\/ld+json\" class=\"yoast-schema-graph\">{\"@context\":\"https:\\\/\\\/schema.org\",\"@graph\":[{\"@type\":\"WebPage\",\"@id\":\"https:\\\/\\\/www.milq.info\\\/kontakt\\\/\",\"url\":\"https:\\\/\\\/www.milq.info\\\/kontakt\\\/\",\"name\":\"Impressum - milq\",\"isPartOf\":{\"@id\":\"https:\\\/\\\/www.milq.info\\\/#website\"},\"datePublished\":\"2018-01-14T21:07:11+00:00\",\"dateModified\":\"2020-02-26T20:13:08+00:00\",\"breadcrumb\":{\"@id\":\"https:\\\/\\\/www.milq.info\\\/kontakt\\\/#breadcrumb\"},\"inLanguage\":\"en-US\",\"potentialAction\":[{\"@type\":\"ReadAction\",\"target\":[\"https:\\\/\\\/www.milq.info\\\/kontakt\\\/\"]}]},{\"@type\":\"BreadcrumbList\",\"@id\":\"https:\\\/\\\/www.milq.info\\\/kontakt\\\/#breadcrumb\",\"itemListElement\":[{\"@type\":\"ListItem\",\"position\":1,\"name\":\"Startseite\",\"item\":\"https:\\\/\\\/www.milq.info\\\/\"},{\"@type\":\"ListItem\",\"position\":2,\"name\":\"Impressum\"}]},{\"@type\":\"WebSite\",\"@id\":\"https:\\\/\\\/www.milq.info\\\/#website\",\"url\":\"https:\\\/\\\/www.milq.info\\\/\",\"name\":\"milq\",\"description\":\"Quantenphysik in der Schule\",\"potentialAction\":[{\"@type\":\"SearchAction\",\"target\":{\"@type\":\"EntryPoint\",\"urlTemplate\":\"https:\\\/\\\/www.milq.info\\\/?s={search_term_string}\"},\"query-input\":{\"@type\":\"PropertyValueSpecification\",\"valueRequired\":true,\"valueName\":\"search_term_string\"}}],\"inLanguage\":\"en-US\"}]}<\/script>\n<!-- \/ Yoast SEO plugin. -->","yoast_head_json":{"title":"Impressum - milq","robots":{"index":"index","follow":"follow","max-snippet":"max-snippet:-1","max-image-preview":"max-image-preview:large","max-video-preview":"max-video-preview:-1"},"canonical":"https:\/\/www.milq.info\/kontakt\/","og_locale":"en_US","og_type":"article","og_title":"Impressum - milq","og_description":"Alle hier verwendeten Namen, Begriffe, Zeichen und Grafiken k\u00f6nnen Marken- oder Warenzeichen im Besitze ihrer rechtlichen Eigent\u00fcmer sein. Die Rechte aller erw\u00e4hnten und benutzten Marken- und Warenzeichen liegen ausschlie\u00dflich bei deren Besitzern. Technische Universit\u00e4t Braunschweig Prof. Dr. Rainer M\u00fcller TU Braunschweig &#8211; IFdN &#8211; Abteilung Physik und Physikdidaktik Bienroder Weg 82 D-38106 Braunschweig \u00a0 www.tu-braunschweig.de\/ifdn\/physik&hellip; Continue reading Impressum","og_url":"https:\/\/www.milq.info\/kontakt\/","og_site_name":"milq","article_modified_time":"2020-02-26T20:13:08+00:00","og_image":[{"url":"https:\/\/www.milq.info\/data\/_uploaded\/TUBSLogo.png","type":"","width":"","height":""}],"twitter_card":"summary_large_image","schema":{"@context":"https:\/\/schema.org","@graph":[{"@type":"WebPage","@id":"https:\/\/www.milq.info\/kontakt\/","url":"https:\/\/www.milq.info\/kontakt\/","name":"Impressum - milq","isPartOf":{"@id":"https:\/\/www.milq.info\/#website"},"datePublished":"2018-01-14T21:07:11+00:00","dateModified":"2020-02-26T20:13:08+00:00","breadcrumb":{"@id":"https:\/\/www.milq.info\/kontakt\/#breadcrumb"},"inLanguage":"en-US","potentialAction":[{"@type":"ReadAction","target":["https:\/\/www.milq.info\/kontakt\/"]}]},{"@type":"BreadcrumbList","@id":"https:\/\/www.milq.info\/kontakt\/#breadcrumb","itemListElement":[{"@type":"ListItem","position":1,"name":"Startseite","item":"https:\/\/www.milq.info\/"},{"@type":"ListItem","position":2,"name":"Impressum"}]},{"@type":"WebSite","@id":"https:\/\/www.milq.info\/#website","url":"https:\/\/www.milq.info\/","name":"milq","description":"Quantenphysik in der Schule","potentialAction":[{"@type":"SearchAction","target":{"@type":"EntryPoint","urlTemplate":"https:\/\/www.milq.info\/?s={search_term_string}"},"query-input":{"@type":"PropertyValueSpecification","valueRequired":true,"valueName":"search_term_string"}}],"inLanguage":"en-US"}]}},"_links":{"self":[{"href":"https:\/\/www.milq.info\/en\/wp-json\/wp\/v2\/pages\/98","targetHints":{"allow":["GET"]}}],"collection":[{"href":"https:\/\/www.milq.info\/en\/wp-json\/wp\/v2\/pages"}],"about":[{"href":"https:\/\/www.milq.info\/en\/wp-json\/wp\/v2\/types\/page"}],"author":[{"embeddable":true,"href":"https:\/\/www.milq.info\/en\/wp-json\/wp\/v2\/users\/5"}],"replies":[{"embeddable":true,"href":"https:\/\/www.milq.info\/en\/wp-json\/wp\/v2\/comments?post=98"}],"version-history":[{"count":18,"href":"https:\/\/www.milq.info\/en\/wp-json\/wp\/v2\/pages\/98\/revisions"}],"predecessor-version":[{"id":1463,"href":"https:\/\/www.milq.info\/en\/wp-json\/wp\/v2\/pages\/98\/revisions\/1463"}],"wp:attachment":[{"href":"https:\/\/www.milq.info\/en\/wp-json\/wp\/v2\/media?parent=98"}],"curies":[{"name":"wp","href":"https:\/\/api.w.org\/{rel}","templated":true}]}}