{"id":92,"date":"2018-01-14T21:05:33","date_gmt":"2018-01-14T21:05:33","guid":{"rendered":"http:\/\/134.169.6.169\/milq\/?page_id=92"},"modified":"2018-04-24T10:18:17","modified_gmt":"2018-04-24T10:18:17","slug":"arbeitsblatter","status":"publish","type":"page","link":"https:\/\/www.milq.info\/en\/materialien\/arbeitsblatter\/","title":{"rendered":"Arbeitsbl\u00e4tter"},"content":{"rendered":"<div id=\"bsf_rt_marker\"><\/div><div id=\"content\">\n<div id=\"gpx_content\" class=\"filenum-34 cf\">\n<div class=\"GPAREA filetype-text\">\n<p class=\"li_0\"><a title=\"a1 Arbeitsbl\u00e4tter zum Photoeffekt\" href=\"\/a1_arbeitsblaetter_zum_photoeffekt\" >a1 Arbeitsbl\u00e4tter zum Photoeffekt<\/a><\/p>\n<p class=\"li_1\"><a title=\"a2 Arbeitsbl\u00e4tter zum Interferometer\" href=\"\/a2_arbeitsblaetter_zum_interferometer\" >a2 Arbeitsbl\u00e4tter zum Interferometer<\/a><\/p>\n<p class=\"li_2\"><a title=\"a3 Arbeitsblatt zum Messpostulat\" href=\"\/a3_arbeitsblatt_zum_messpostulat\" >a3 Arbeitsblatt zum Messpostulat<\/a><\/p>\n<p class=\"li_3\"><a title=\"a4 Arbeitsbl\u00e4tter zum Doppelspaltexperiment\" href=\"\/a4_arbeitsblaetter_zum_doppelspaltexperiment\" >a4 Arbeitsbl\u00e4tter zum Doppelspaltexperiment<\/a><\/p>\n<p class=\"li_4\"><a title=\"a5 Arbeitsblatt zum Verhalten am Doppelspalt\" href=\"\/a5_arbeitsblatt_zum_verhalten_am_doppelspalt\" >a5 Arbeitsblatt zum Verhalten am Doppelspalt<\/a><\/p>\n<p class=\"li_5\"><a title=\"a6 Arbeitsblatt zur Intensit\u00e4tsverteilung am Doppelspalt\" href=\"\/a6_arbeitsblatt_zur_intensitaetsverteilung_am_doppelspalt\" >a6 Arbeitsblatt zur Intensit\u00e4tsverteilung am Doppelspalt<\/a><\/p>\n<p class=\"li_6\"><a title=\"a7 Arbeitsblatt zur Komplementarit\u00e4t\" href=\"\/a7_arbeitsblatt_zur_komplementaritaet\" >a7 Arbeitsblatt zur Komplementarit\u00e4t<\/a><\/p>\n<p class=\"li_7\"><a title=\"a8 Zusammenhang zwischen Orts- und Impulsunsch\u00e4rfe\" href=\"\/a8_zusammenhang_zwischen_orts-_und_impulsunschaerfe\" >a8 Zusammenhang zwischen Orts- und Impulsunsch\u00e4rfe<\/a><\/p>\n<p class=\"li_8\"><a title=\"a9 Selbstkontrolle der Kapitel 1-7\" href=\"\/a9_selbstkontrolle_der_kapitel_1-7\" >a9 Selbstkontrolle der Kapitel 1-7<\/a><\/p>\n<p class=\"li_9\"><a title=\"a10 Aufgabenbl\u00e4tter zur Schr\u00f6dinger-Gleichung\" href=\"\/a10_aufgabenblaetter_zur_schroedinger-gleichung\" >a10 Aufgabenbl\u00e4tter zur Schr\u00f6dinger-Gleichung<\/a><\/p>\n<p class=\"li_10\"><a title=\"a11 Arbeitsblatt zur Pr\u00e4paration\" href=\"\/a11_arbeitsblatt_zur_praeparation\" >a11 Arbeitsblatt zur Pr\u00e4paration<\/a><\/p>\n<\/div>\n<\/div>\n<\/div>\n","protected":false},"excerpt":{"rendered":"<p>a1 Arbeitsbl\u00e4tter zum Photoeffekt a2 Arbeitsbl\u00e4tter zum Interferometer a3 Arbeitsblatt zum Messpostulat a4 Arbeitsbl\u00e4tter zum Doppelspaltexperiment a5 Arbeitsblatt zum Verhalten am Doppelspalt a6 Arbeitsblatt zur Intensit\u00e4tsverteilung am Doppelspalt a7 Arbeitsblatt zur Komplementarit\u00e4t a8 Zusammenhang zwischen Orts- und Impulsunsch\u00e4rfe a9 Selbstkontrolle der Kapitel 1-7 a10 Aufgabenbl\u00e4tter zur Schr\u00f6dinger-Gleichung a11 Arbeitsblatt zur Pr\u00e4paration<\/p>\n","protected":false},"author":5,"featured_media":0,"parent":16,"menu_order":0,"comment_status":"closed","ping_status":"closed","template":"","meta":{"footnotes":""},"class_list":["post-92","page","type-page","status-publish","hentry","without-featured-image"],"yoast_head":"<!-- This site is optimized with the Yoast SEO plugin v27.4 - https:\/\/yoast.com\/product\/yoast-seo-wordpress\/ -->\n<title>Arbeitsbl\u00e4tter - milq<\/title>\n<meta name=\"robots\" content=\"index, follow, max-snippet:-1, max-image-preview:large, max-video-preview:-1\" \/>\n<link rel=\"canonical\" href=\"https:\/\/www.milq.info\/materialien\/arbeitsblatter\/\" \/>\n<meta property=\"og:locale\" content=\"en_US\" \/>\n<meta property=\"og:type\" content=\"article\" \/>\n<meta property=\"og:title\" content=\"Arbeitsbl\u00e4tter - milq\" \/>\n<meta property=\"og:description\" content=\"a1 Arbeitsbl\u00e4tter zum Photoeffekt a2 Arbeitsbl\u00e4tter zum Interferometer a3 Arbeitsblatt zum Messpostulat a4 Arbeitsbl\u00e4tter zum Doppelspaltexperiment a5 Arbeitsblatt zum Verhalten am Doppelspalt a6 Arbeitsblatt zur Intensit\u00e4tsverteilung am Doppelspalt a7 Arbeitsblatt zur Komplementarit\u00e4t a8 Zusammenhang zwischen Orts- und Impulsunsch\u00e4rfe a9 Selbstkontrolle der Kapitel 1-7 a10 Aufgabenbl\u00e4tter zur Schr\u00f6dinger-Gleichung a11 Arbeitsblatt zur Pr\u00e4paration\" \/>\n<meta property=\"og:url\" content=\"https:\/\/www.milq.info\/materialien\/arbeitsblatter\/\" \/>\n<meta property=\"og:site_name\" content=\"milq\" \/>\n<meta property=\"article:modified_time\" content=\"2018-04-24T10:18:17+00:00\" \/>\n<meta name=\"twitter:card\" content=\"summary_large_image\" \/>\n<script type=\"application\/ld+json\" class=\"yoast-schema-graph\">{\"@context\":\"https:\\\/\\\/schema.org\",\"@graph\":[{\"@type\":\"WebPage\",\"@id\":\"https:\\\/\\\/www.milq.info\\\/materialien\\\/arbeitsblatter\\\/\",\"url\":\"https:\\\/\\\/www.milq.info\\\/materialien\\\/arbeitsblatter\\\/\",\"name\":\"Arbeitsbl\u00e4tter - milq\",\"isPartOf\":{\"@id\":\"https:\\\/\\\/www.milq.info\\\/#website\"},\"datePublished\":\"2018-01-14T21:05:33+00:00\",\"dateModified\":\"2018-04-24T10:18:17+00:00\",\"breadcrumb\":{\"@id\":\"https:\\\/\\\/www.milq.info\\\/materialien\\\/arbeitsblatter\\\/#breadcrumb\"},\"inLanguage\":\"en-US\",\"potentialAction\":[{\"@type\":\"ReadAction\",\"target\":[\"https:\\\/\\\/www.milq.info\\\/materialien\\\/arbeitsblatter\\\/\"]}]},{\"@type\":\"BreadcrumbList\",\"@id\":\"https:\\\/\\\/www.milq.info\\\/materialien\\\/arbeitsblatter\\\/#breadcrumb\",\"itemListElement\":[{\"@type\":\"ListItem\",\"position\":1,\"name\":\"Startseite\",\"item\":\"https:\\\/\\\/www.milq.info\\\/\"},{\"@type\":\"ListItem\",\"position\":2,\"name\":\"Materialien\",\"item\":\"https:\\\/\\\/www.milq.info\\\/materialien\\\/\"},{\"@type\":\"ListItem\",\"position\":3,\"name\":\"Arbeitsbl\u00e4tter\"}]},{\"@type\":\"WebSite\",\"@id\":\"https:\\\/\\\/www.milq.info\\\/#website\",\"url\":\"https:\\\/\\\/www.milq.info\\\/\",\"name\":\"milq\",\"description\":\"Quantenphysik in der Schule\",\"potentialAction\":[{\"@type\":\"SearchAction\",\"target\":{\"@type\":\"EntryPoint\",\"urlTemplate\":\"https:\\\/\\\/www.milq.info\\\/?s={search_term_string}\"},\"query-input\":{\"@type\":\"PropertyValueSpecification\",\"valueRequired\":true,\"valueName\":\"search_term_string\"}}],\"inLanguage\":\"en-US\"}]}<\/script>\n<!-- \/ Yoast SEO plugin. -->","yoast_head_json":{"title":"Arbeitsbl\u00e4tter - milq","robots":{"index":"index","follow":"follow","max-snippet":"max-snippet:-1","max-image-preview":"max-image-preview:large","max-video-preview":"max-video-preview:-1"},"canonical":"https:\/\/www.milq.info\/materialien\/arbeitsblatter\/","og_locale":"en_US","og_type":"article","og_title":"Arbeitsbl\u00e4tter - milq","og_description":"a1 Arbeitsbl\u00e4tter zum Photoeffekt a2 Arbeitsbl\u00e4tter zum Interferometer a3 Arbeitsblatt zum Messpostulat a4 Arbeitsbl\u00e4tter zum Doppelspaltexperiment a5 Arbeitsblatt zum Verhalten am Doppelspalt a6 Arbeitsblatt zur Intensit\u00e4tsverteilung am Doppelspalt a7 Arbeitsblatt zur Komplementarit\u00e4t a8 Zusammenhang zwischen Orts- und Impulsunsch\u00e4rfe a9 Selbstkontrolle der Kapitel 1-7 a10 Aufgabenbl\u00e4tter zur Schr\u00f6dinger-Gleichung a11 Arbeitsblatt zur Pr\u00e4paration","og_url":"https:\/\/www.milq.info\/materialien\/arbeitsblatter\/","og_site_name":"milq","article_modified_time":"2018-04-24T10:18:17+00:00","twitter_card":"summary_large_image","schema":{"@context":"https:\/\/schema.org","@graph":[{"@type":"WebPage","@id":"https:\/\/www.milq.info\/materialien\/arbeitsblatter\/","url":"https:\/\/www.milq.info\/materialien\/arbeitsblatter\/","name":"Arbeitsbl\u00e4tter - milq","isPartOf":{"@id":"https:\/\/www.milq.info\/#website"},"datePublished":"2018-01-14T21:05:33+00:00","dateModified":"2018-04-24T10:18:17+00:00","breadcrumb":{"@id":"https:\/\/www.milq.info\/materialien\/arbeitsblatter\/#breadcrumb"},"inLanguage":"en-US","potentialAction":[{"@type":"ReadAction","target":["https:\/\/www.milq.info\/materialien\/arbeitsblatter\/"]}]},{"@type":"BreadcrumbList","@id":"https:\/\/www.milq.info\/materialien\/arbeitsblatter\/#breadcrumb","itemListElement":[{"@type":"ListItem","position":1,"name":"Startseite","item":"https:\/\/www.milq.info\/"},{"@type":"ListItem","position":2,"name":"Materialien","item":"https:\/\/www.milq.info\/materialien\/"},{"@type":"ListItem","position":3,"name":"Arbeitsbl\u00e4tter"}]},{"@type":"WebSite","@id":"https:\/\/www.milq.info\/#website","url":"https:\/\/www.milq.info\/","name":"milq","description":"Quantenphysik in der Schule","potentialAction":[{"@type":"SearchAction","target":{"@type":"EntryPoint","urlTemplate":"https:\/\/www.milq.info\/?s={search_term_string}"},"query-input":{"@type":"PropertyValueSpecification","valueRequired":true,"valueName":"search_term_string"}}],"inLanguage":"en-US"}]}},"_links":{"self":[{"href":"https:\/\/www.milq.info\/en\/wp-json\/wp\/v2\/pages\/92","targetHints":{"allow":["GET"]}}],"collection":[{"href":"https:\/\/www.milq.info\/en\/wp-json\/wp\/v2\/pages"}],"about":[{"href":"https:\/\/www.milq.info\/en\/wp-json\/wp\/v2\/types\/page"}],"author":[{"embeddable":true,"href":"https:\/\/www.milq.info\/en\/wp-json\/wp\/v2\/users\/5"}],"replies":[{"embeddable":true,"href":"https:\/\/www.milq.info\/en\/wp-json\/wp\/v2\/comments?post=92"}],"version-history":[{"count":15,"href":"https:\/\/www.milq.info\/en\/wp-json\/wp\/v2\/pages\/92\/revisions"}],"predecessor-version":[{"id":597,"href":"https:\/\/www.milq.info\/en\/wp-json\/wp\/v2\/pages\/92\/revisions\/597"}],"up":[{"embeddable":true,"href":"https:\/\/www.milq.info\/en\/wp-json\/wp\/v2\/pages\/16"}],"wp:attachment":[{"href":"https:\/\/www.milq.info\/en\/wp-json\/wp\/v2\/media?parent=92"}],"curies":[{"name":"wp","href":"https:\/\/api.w.org\/{rel}","templated":true}]}}