{"id":87,"date":"2018-01-14T21:03:22","date_gmt":"2018-01-14T21:03:22","guid":{"rendered":"http:\/\/134.169.6.169\/milq\/?page_id=87"},"modified":"2018-04-24T11:37:47","modified_gmt":"2018-04-24T11:37:47","slug":"quanteninformationstheorie","status":"publish","type":"page","link":"https:\/\/www.milq.info\/en\/spezialgebiete\/quanteninformationstheorie\/","title":{"rendered":"Quanteninformationstheorie"},"content":{"rendered":"<div id=\"bsf_rt_marker\"><\/div><div id=\"content\">\n<div id=\"gpx_content\" class=\"filenum-19 cf\">\n<div class=\"GPAREA filetype-text\">\n<p>Folgender pdf-Artikel basiert auf dem Vortrag &#8220;Quanteninformationstheorie &#8211; ein Thema f\u00fcr den Schulunterricht&#8221; von Dr. Wolfgang D\u00fcr auf der Fr\u00fchjahrstagung der Deutschen Physikalischen Gesellschaft (DPG) 2010 in Hannover, der uns mit freundlicher Genehmigung zur Verf\u00fcgung gestellt wurde.<\/p>\n<h3><strong>Quanteninformationstheorie im Schulunterricht<\/strong><\/h3>\n<div>Wolfgang D\u00fcr*<\/div>\n<h4>Kurzfassung<\/h4>\n<p>Die Quanteninformationstheorie ist ein modernes interdisziplin\u00e4res Forschungsgebiet, welches Quantentheorie und Informationswissenschaften vereint. Dabei geht es einerseits um eine systematische Untersuchung und ein besseres Verst\u00e4ndnis der seltsamen Quanteneigenschaften, allen voran der quantenmechanischen Verschr\u00e4nkung, andererseits um eine praktische Nutzung dieser Effekte im Sinne der Informationsverarbeitung. In den letzten Jahren hat es dabei sowohl auf konzeptioneller als auch auf experimenteller Ebene interessante Fortschritte gegeben, welche uns einer praktischen Nutzung von Quantenkommunikation, Quantenkryptographie und Quanteninformationsverarbeitung mit Quantencomputern n\u00e4her bringen. In diesem Beitrag soll die Relevanz der Quanteninformationstheorie f\u00fcr den Schulunterricht\u00a0\u00a0\u2013 im Sinne eines alternativen Zugangs zur Quantenphysik \u2013 diskutiert und erste Ans\u00e4tze f\u00fcr ein darauf basierendes Unterrichtskonzept vorgestellt werden.<\/p>\n<p><strong><a href=\"\/data\/_uploaded\/Downloads\/Zusaetze\/D%C3%BCr_2010_Quanteninformation_DPG.pdf\" >Zur pdf-Datei<\/a><\/strong><\/p>\n<p>_______________________________________________________________________<\/p>\n<p>*Institut f\u00fcr Theoretische Physik, Universit\u00e4t Innsbruck, Technikerstrasse 25, A-6020 Innsbruck, Austria<\/p>\n<div class=\"gpclear\"><\/div>\n<\/div>\n<\/div>\n<div id=\"gpAfterContent\">\n<div class=\"gpArea_ GPAREA\"><\/div>\n<\/div>\n<\/div>\n","protected":false},"excerpt":{"rendered":"<p>Folgender pdf-Artikel basiert auf dem Vortrag &#8220;Quanteninformationstheorie &#8211; ein Thema f\u00fcr den Schulunterricht&#8221; von Dr. Wolfgang D\u00fcr auf der Fr\u00fchjahrstagung der Deutschen Physikalischen Gesellschaft (DPG) 2010 in Hannover, der uns mit freundlicher Genehmigung zur Verf\u00fcgung gestellt wurde. Quanteninformationstheorie im Schulunterricht Wolfgang D\u00fcr* Kurzfassung Die Quanteninformationstheorie ist ein modernes interdisziplin\u00e4res Forschungsgebiet, welches Quantentheorie und Informationswissenschaften vereint.&hellip; <a href=\"https:\/\/www.milq.info\/en\/spezialgebiete\/quanteninformationstheorie\/\" class=\"more-link\">Continue reading <span class=\"screen-reader-text\">Quanteninformationstheorie<\/span><\/a><\/p>\n","protected":false},"author":5,"featured_media":0,"parent":75,"menu_order":0,"comment_status":"closed","ping_status":"closed","template":"","meta":{"footnotes":""},"class_list":["post-87","page","type-page","status-publish","hentry","without-featured-image"],"yoast_head":"<!-- This site is optimized with the Yoast SEO plugin v27.4 - https:\/\/yoast.com\/product\/yoast-seo-wordpress\/ -->\n<title>Quanteninformationstheorie - milq<\/title>\n<meta name=\"robots\" content=\"index, follow, max-snippet:-1, max-image-preview:large, max-video-preview:-1\" \/>\n<link rel=\"canonical\" href=\"https:\/\/www.milq.info\/spezialgebiete\/quanteninformationstheorie\/\" \/>\n<meta property=\"og:locale\" content=\"en_US\" \/>\n<meta property=\"og:type\" content=\"article\" \/>\n<meta property=\"og:title\" content=\"Quanteninformationstheorie - milq\" \/>\n<meta property=\"og:description\" content=\"Folgender pdf-Artikel basiert auf dem Vortrag &#8220;Quanteninformationstheorie &#8211; ein Thema f\u00fcr den Schulunterricht&#8221; von Dr. Wolfgang D\u00fcr auf der Fr\u00fchjahrstagung der Deutschen Physikalischen Gesellschaft (DPG) 2010 in Hannover, der uns mit freundlicher Genehmigung zur Verf\u00fcgung gestellt wurde. Quanteninformationstheorie im Schulunterricht Wolfgang D\u00fcr* Kurzfassung Die Quanteninformationstheorie ist ein modernes interdisziplin\u00e4res Forschungsgebiet, welches Quantentheorie und Informationswissenschaften vereint.&hellip; Continue reading Quanteninformationstheorie\" \/>\n<meta property=\"og:url\" content=\"https:\/\/www.milq.info\/spezialgebiete\/quanteninformationstheorie\/\" \/>\n<meta property=\"og:site_name\" content=\"milq\" \/>\n<meta property=\"article:modified_time\" content=\"2018-04-24T11:37:47+00:00\" \/>\n<meta name=\"twitter:card\" content=\"summary_large_image\" \/>\n<meta name=\"twitter:label1\" content=\"Est. reading time\" \/>\n\t<meta name=\"twitter:data1\" content=\"1 minute\" \/>\n<script type=\"application\/ld+json\" class=\"yoast-schema-graph\">{\"@context\":\"https:\\\/\\\/schema.org\",\"@graph\":[{\"@type\":\"WebPage\",\"@id\":\"https:\\\/\\\/www.milq.info\\\/spezialgebiete\\\/quanteninformationstheorie\\\/\",\"url\":\"https:\\\/\\\/www.milq.info\\\/spezialgebiete\\\/quanteninformationstheorie\\\/\",\"name\":\"Quanteninformationstheorie - milq\",\"isPartOf\":{\"@id\":\"https:\\\/\\\/www.milq.info\\\/#website\"},\"datePublished\":\"2018-01-14T21:03:22+00:00\",\"dateModified\":\"2018-04-24T11:37:47+00:00\",\"breadcrumb\":{\"@id\":\"https:\\\/\\\/www.milq.info\\\/spezialgebiete\\\/quanteninformationstheorie\\\/#breadcrumb\"},\"inLanguage\":\"en-US\",\"potentialAction\":[{\"@type\":\"ReadAction\",\"target\":[\"https:\\\/\\\/www.milq.info\\\/spezialgebiete\\\/quanteninformationstheorie\\\/\"]}]},{\"@type\":\"BreadcrumbList\",\"@id\":\"https:\\\/\\\/www.milq.info\\\/spezialgebiete\\\/quanteninformationstheorie\\\/#breadcrumb\",\"itemListElement\":[{\"@type\":\"ListItem\",\"position\":1,\"name\":\"Startseite\",\"item\":\"https:\\\/\\\/www.milq.info\\\/\"},{\"@type\":\"ListItem\",\"position\":2,\"name\":\"Spezialgebiete\",\"item\":\"https:\\\/\\\/www.milq.info\\\/spezialgebiete\\\/\"},{\"@type\":\"ListItem\",\"position\":3,\"name\":\"Quanteninformationstheorie\"}]},{\"@type\":\"WebSite\",\"@id\":\"https:\\\/\\\/www.milq.info\\\/#website\",\"url\":\"https:\\\/\\\/www.milq.info\\\/\",\"name\":\"milq\",\"description\":\"Quantenphysik in der Schule\",\"potentialAction\":[{\"@type\":\"SearchAction\",\"target\":{\"@type\":\"EntryPoint\",\"urlTemplate\":\"https:\\\/\\\/www.milq.info\\\/?s={search_term_string}\"},\"query-input\":{\"@type\":\"PropertyValueSpecification\",\"valueRequired\":true,\"valueName\":\"search_term_string\"}}],\"inLanguage\":\"en-US\"}]}<\/script>\n<!-- \/ Yoast SEO plugin. -->","yoast_head_json":{"title":"Quanteninformationstheorie - milq","robots":{"index":"index","follow":"follow","max-snippet":"max-snippet:-1","max-image-preview":"max-image-preview:large","max-video-preview":"max-video-preview:-1"},"canonical":"https:\/\/www.milq.info\/spezialgebiete\/quanteninformationstheorie\/","og_locale":"en_US","og_type":"article","og_title":"Quanteninformationstheorie - milq","og_description":"Folgender pdf-Artikel basiert auf dem Vortrag &#8220;Quanteninformationstheorie &#8211; ein Thema f\u00fcr den Schulunterricht&#8221; von Dr. Wolfgang D\u00fcr auf der Fr\u00fchjahrstagung der Deutschen Physikalischen Gesellschaft (DPG) 2010 in Hannover, der uns mit freundlicher Genehmigung zur Verf\u00fcgung gestellt wurde. Quanteninformationstheorie im Schulunterricht Wolfgang D\u00fcr* Kurzfassung Die Quanteninformationstheorie ist ein modernes interdisziplin\u00e4res Forschungsgebiet, welches Quantentheorie und Informationswissenschaften vereint.&hellip; Continue reading Quanteninformationstheorie","og_url":"https:\/\/www.milq.info\/spezialgebiete\/quanteninformationstheorie\/","og_site_name":"milq","article_modified_time":"2018-04-24T11:37:47+00:00","twitter_card":"summary_large_image","twitter_misc":{"Est. reading time":"1 minute"},"schema":{"@context":"https:\/\/schema.org","@graph":[{"@type":"WebPage","@id":"https:\/\/www.milq.info\/spezialgebiete\/quanteninformationstheorie\/","url":"https:\/\/www.milq.info\/spezialgebiete\/quanteninformationstheorie\/","name":"Quanteninformationstheorie - milq","isPartOf":{"@id":"https:\/\/www.milq.info\/#website"},"datePublished":"2018-01-14T21:03:22+00:00","dateModified":"2018-04-24T11:37:47+00:00","breadcrumb":{"@id":"https:\/\/www.milq.info\/spezialgebiete\/quanteninformationstheorie\/#breadcrumb"},"inLanguage":"en-US","potentialAction":[{"@type":"ReadAction","target":["https:\/\/www.milq.info\/spezialgebiete\/quanteninformationstheorie\/"]}]},{"@type":"BreadcrumbList","@id":"https:\/\/www.milq.info\/spezialgebiete\/quanteninformationstheorie\/#breadcrumb","itemListElement":[{"@type":"ListItem","position":1,"name":"Startseite","item":"https:\/\/www.milq.info\/"},{"@type":"ListItem","position":2,"name":"Spezialgebiete","item":"https:\/\/www.milq.info\/spezialgebiete\/"},{"@type":"ListItem","position":3,"name":"Quanteninformationstheorie"}]},{"@type":"WebSite","@id":"https:\/\/www.milq.info\/#website","url":"https:\/\/www.milq.info\/","name":"milq","description":"Quantenphysik in der Schule","potentialAction":[{"@type":"SearchAction","target":{"@type":"EntryPoint","urlTemplate":"https:\/\/www.milq.info\/?s={search_term_string}"},"query-input":{"@type":"PropertyValueSpecification","valueRequired":true,"valueName":"search_term_string"}}],"inLanguage":"en-US"}]}},"_links":{"self":[{"href":"https:\/\/www.milq.info\/en\/wp-json\/wp\/v2\/pages\/87","targetHints":{"allow":["GET"]}}],"collection":[{"href":"https:\/\/www.milq.info\/en\/wp-json\/wp\/v2\/pages"}],"about":[{"href":"https:\/\/www.milq.info\/en\/wp-json\/wp\/v2\/types\/page"}],"author":[{"embeddable":true,"href":"https:\/\/www.milq.info\/en\/wp-json\/wp\/v2\/users\/5"}],"replies":[{"embeddable":true,"href":"https:\/\/www.milq.info\/en\/wp-json\/wp\/v2\/comments?post=87"}],"version-history":[{"count":2,"href":"https:\/\/www.milq.info\/en\/wp-json\/wp\/v2\/pages\/87\/revisions"}],"predecessor-version":[{"id":646,"href":"https:\/\/www.milq.info\/en\/wp-json\/wp\/v2\/pages\/87\/revisions\/646"}],"up":[{"embeddable":true,"href":"https:\/\/www.milq.info\/en\/wp-json\/wp\/v2\/pages\/75"}],"wp:attachment":[{"href":"https:\/\/www.milq.info\/en\/wp-json\/wp\/v2\/media?parent=87"}],"curies":[{"name":"wp","href":"https:\/\/api.w.org\/{rel}","templated":true}]}}