{"id":85,"date":"2018-01-14T21:02:59","date_gmt":"2018-01-14T21:02:59","guid":{"rendered":"http:\/\/134.169.6.169\/milq\/?page_id=85"},"modified":"2018-04-24T11:36:39","modified_gmt":"2018-04-24T11:36:39","slug":"schulervorstellungen","status":"publish","type":"page","link":"https:\/\/www.milq.info\/en\/spezialgebiete\/schulervorstellungen\/","title":{"rendered":"Sch\u00fclervorstellungen"},"content":{"rendered":"<div id=\"bsf_rt_marker\"><\/div><div id=\"content\">\n<div id=\"gpx_content\" class=\"filenum-18 cf\">\n<div class=\"GPAREA filetype-text\">\n<div class=\"article-content\">\n<h2>und Lernschwierigkeiten in der Quantenphysik<\/h2>\n<p>Um ein angemessenes Verst\u00e4ndnis zu erleichtern, ist es bei der Vermittlung eines Stoffgebietes wie der Quantenphysik ratsam, sich auch an Sch\u00fclervorstellungen und Lernschwierigkeiten zu orientieren. Dazu sind im Verlaufe der letzten Jahre verschiedene Studien durchgef\u00fchrt worden, die in der folgenden pdf-Datei ausf\u00fchrlich beschrieben werden.<\/p>\n<p>Hier sei nur eine kleine Zusammenfassung vorangestell (Fu\u00dfnoten beziehen sich auf die pdf-Datei):<br \/>\nEs kann wohl als wesentlich bei allen Studien festgehalten werden, dass sich eine mechanistische Vorstellung hartn\u00e4ckig in den K\u00f6pfen h\u00e4lt. Sowohl der Bahnbegriff als auch der Teilchenaspekt mithin das Bohr\u00b4sche planetenartige Atommodell sind Vorstellungen, von denen sich selbst Studierende nur schwer l\u00f6sen k\u00f6nnen.<sup>1<\/sup>\u00a0Neue Konzepte erfahren oft nur in dem Ma\u00dfe eine Akzeptanz wie schnell oder problemlos sie sich in bereits bestehende pers\u00f6nliche Modelle einf\u00fcgen lassen. Manche typische Quantenphysikaspekte wie die Unbestimmtheitsrelation werden von vielen Sch\u00fclerinnen und Sch\u00fclern in ihrer Relevanz auf diese Weise kaum erkannt oder es gibt nur unspezifische Vorstellungen dar\u00fcber. So verh\u00e4lt es sich z. B. auch mit dem Lokalisierungsproblem von Elektronen.<sup>2<\/sup>\u00a0Zudem f\u00fchren Unsicherheiten im Verst\u00e4ndnis zu verschiedenen Mischformen von Erkl\u00e4rungsmodellen. Die Besonderheiten der Quantenphysik im Gegensatz zur klassischen Physik werden in ihrer Bedeutung nicht immer gen\u00fcgend erfasst. Bestimmte Aspekte werden zwar als ungew\u00f6hnlich, nichtsdestoweniger aber als gegeben hingenommen, ohne sie weiter zu hinterfragen. Wenn auch auf Elektronen bezogen, kann man allgemein mit Wiesner feststellen \u201e[&#8230;] sie [die Sch\u00fclerinnen und Sch\u00fcler] haben aber keine klaren stabilen Vorstellungen dar\u00fcber, was anders ist.&#8221;<sup>3<\/sup>\u00a0In diesem Sinn lassen viele Sch\u00fclerinnen und Sch\u00fcler auch ein gleichzeitiges Nebeneinander verschiedener Modelle f\u00fcr sie widerspruchsfrei gelten, wie es typisch f\u00fcr den Welle-Teilchen-Dualismus ist. Der vorangegangene Unterricht war demnach f\u00fcr sie oft so pr\u00e4gend, dass Wellen- und Teilcheneigenschaften nahezu problemlos als zwei Seiten einer Medaille aufgefasst werden &#8211; je nachdem, was gerade gebraucht wird, verwenden die Sch\u00fcler das eine oder das andere Modell.<sup>4<\/sup><\/p>\n<p>Das Unterrichtskonzept und der milq-Lehrgang suchen diesem Umstand im Sinne einer Quintessenz insofern Rechnung zu tragen, als dass konsequent von der klassischen Physik ausgegangen wird, um das Besondere der Quantenphysik in den Vordergrund zu r\u00fccken und als dass weder der Dualismus wird noch das Bohr\u00b4sche Atommodell problematisiert werden, weil diese beiden Denkans\u00e4zte geeignet sind, die Fehlvorstellungen noch zu zementieren.<\/p>\n<p><a href=\"\/data\/_uploaded\/Downloads\/Zusaetze\/milq_Muellerr_SuS-Vorstellg.pdf\" >N\u00e4here Information finden Sie in dem folgenden pdf-Auszug aus: M\u00fcller, Rainer: Quantenphysik in der Schule. Studien zum Physiklernen. Bd. 26 &#8211; Berlin: Logos 2003. S. 17-40.<\/a><\/p>\n<hr \/>\n<p><sup>1<\/sup>\u00a0Vgl. in der\u00a0<a href=\"\/data\/_uploaded\/Downloads\/Zusaetze\/milq_Muellerr_SuS-Vorstellg.pdf\" >pdf-Datei zu Sch\u00fclervorstellungen aus: M\u00fcller, Rainer: Quantenphysik in der Schule. Berlin: Logos 2003. S. 17-40.<\/a><br \/>\nDort z. B. Kap. I 1, Fr\u00fche Untersuchungen in Bremen und Kap. II, Untersuchung zur Vorstellung von Lehramtsstudierenden.<br \/>\n<sup>2<\/sup>\u00a0Vgl. ebd. z. B. Kap. I 2, Die Untersuchungen von Wiesner.<br \/>\n<sup>3<\/sup>\u00a0Ebd. S. 10.<br \/>\n<sup>4<\/sup>\u00a0Vgl. ebd, Kap. I 3, Die Untersuchung von Lichtfeld und Fischler.<\/p>\n<\/div>\n<p>&nbsp;<\/p>\n<div class=\"gpclear\"><\/div>\n<\/div>\n<\/div>\n<div id=\"gpAfterContent\">\n<div class=\"gpArea_ GPAREA\"><\/div>\n<\/div>\n<\/div>\n","protected":false},"excerpt":{"rendered":"<p>und Lernschwierigkeiten in der Quantenphysik Um ein angemessenes Verst\u00e4ndnis zu erleichtern, ist es bei der Vermittlung eines Stoffgebietes wie der Quantenphysik ratsam, sich auch an Sch\u00fclervorstellungen und Lernschwierigkeiten zu orientieren. Dazu sind im Verlaufe der letzten Jahre verschiedene Studien durchgef\u00fchrt worden, die in der folgenden pdf-Datei ausf\u00fchrlich beschrieben werden. Hier sei nur eine kleine Zusammenfassung&hellip; <a href=\"https:\/\/www.milq.info\/en\/spezialgebiete\/schulervorstellungen\/\" class=\"more-link\">Continue reading <span class=\"screen-reader-text\">Sch\u00fclervorstellungen<\/span><\/a><\/p>\n","protected":false},"author":5,"featured_media":0,"parent":75,"menu_order":0,"comment_status":"closed","ping_status":"closed","template":"","meta":{"footnotes":""},"class_list":["post-85","page","type-page","status-publish","hentry","without-featured-image"],"yoast_head":"<!-- This site is optimized with the Yoast SEO plugin v27.5 - https:\/\/yoast.com\/product\/yoast-seo-wordpress\/ -->\n<title>Sch\u00fclervorstellungen - milq<\/title>\n<meta name=\"robots\" content=\"index, follow, max-snippet:-1, max-image-preview:large, max-video-preview:-1\" \/>\n<link rel=\"canonical\" href=\"https:\/\/www.milq.info\/spezialgebiete\/schulervorstellungen\/\" \/>\n<meta property=\"og:locale\" content=\"en_US\" \/>\n<meta property=\"og:type\" content=\"article\" \/>\n<meta property=\"og:title\" content=\"Sch\u00fclervorstellungen - milq\" \/>\n<meta property=\"og:description\" content=\"und Lernschwierigkeiten in der Quantenphysik Um ein angemessenes Verst\u00e4ndnis zu erleichtern, ist es bei der Vermittlung eines Stoffgebietes wie der Quantenphysik ratsam, sich auch an Sch\u00fclervorstellungen und Lernschwierigkeiten zu orientieren. Dazu sind im Verlaufe der letzten Jahre verschiedene Studien durchgef\u00fchrt worden, die in der folgenden pdf-Datei ausf\u00fchrlich beschrieben werden. Hier sei nur eine kleine Zusammenfassung&hellip; Continue reading Sch\u00fclervorstellungen\" \/>\n<meta property=\"og:url\" content=\"https:\/\/www.milq.info\/spezialgebiete\/schulervorstellungen\/\" \/>\n<meta property=\"og:site_name\" content=\"milq\" \/>\n<meta property=\"article:modified_time\" content=\"2018-04-24T11:36:39+00:00\" \/>\n<meta name=\"twitter:card\" content=\"summary_large_image\" \/>\n<meta name=\"twitter:label1\" content=\"Est. reading time\" \/>\n\t<meta name=\"twitter:data1\" content=\"2 minutes\" \/>\n<script type=\"application\/ld+json\" class=\"yoast-schema-graph\">{\"@context\":\"https:\\\/\\\/schema.org\",\"@graph\":[{\"@type\":\"WebPage\",\"@id\":\"https:\\\/\\\/www.milq.info\\\/spezialgebiete\\\/schulervorstellungen\\\/\",\"url\":\"https:\\\/\\\/www.milq.info\\\/spezialgebiete\\\/schulervorstellungen\\\/\",\"name\":\"Sch\u00fclervorstellungen - milq\",\"isPartOf\":{\"@id\":\"https:\\\/\\\/www.milq.info\\\/#website\"},\"datePublished\":\"2018-01-14T21:02:59+00:00\",\"dateModified\":\"2018-04-24T11:36:39+00:00\",\"breadcrumb\":{\"@id\":\"https:\\\/\\\/www.milq.info\\\/spezialgebiete\\\/schulervorstellungen\\\/#breadcrumb\"},\"inLanguage\":\"en-US\",\"potentialAction\":[{\"@type\":\"ReadAction\",\"target\":[\"https:\\\/\\\/www.milq.info\\\/spezialgebiete\\\/schulervorstellungen\\\/\"]}]},{\"@type\":\"BreadcrumbList\",\"@id\":\"https:\\\/\\\/www.milq.info\\\/spezialgebiete\\\/schulervorstellungen\\\/#breadcrumb\",\"itemListElement\":[{\"@type\":\"ListItem\",\"position\":1,\"name\":\"Startseite\",\"item\":\"https:\\\/\\\/www.milq.info\\\/\"},{\"@type\":\"ListItem\",\"position\":2,\"name\":\"Spezialgebiete\",\"item\":\"https:\\\/\\\/www.milq.info\\\/spezialgebiete\\\/\"},{\"@type\":\"ListItem\",\"position\":3,\"name\":\"Sch\u00fclervorstellungen\"}]},{\"@type\":\"WebSite\",\"@id\":\"https:\\\/\\\/www.milq.info\\\/#website\",\"url\":\"https:\\\/\\\/www.milq.info\\\/\",\"name\":\"milq\",\"description\":\"Quantenphysik in der Schule\",\"potentialAction\":[{\"@type\":\"SearchAction\",\"target\":{\"@type\":\"EntryPoint\",\"urlTemplate\":\"https:\\\/\\\/www.milq.info\\\/?s={search_term_string}\"},\"query-input\":{\"@type\":\"PropertyValueSpecification\",\"valueRequired\":true,\"valueName\":\"search_term_string\"}}],\"inLanguage\":\"en-US\"}]}<\/script>\n<!-- \/ Yoast SEO plugin. -->","yoast_head_json":{"title":"Sch\u00fclervorstellungen - milq","robots":{"index":"index","follow":"follow","max-snippet":"max-snippet:-1","max-image-preview":"max-image-preview:large","max-video-preview":"max-video-preview:-1"},"canonical":"https:\/\/www.milq.info\/spezialgebiete\/schulervorstellungen\/","og_locale":"en_US","og_type":"article","og_title":"Sch\u00fclervorstellungen - milq","og_description":"und Lernschwierigkeiten in der Quantenphysik Um ein angemessenes Verst\u00e4ndnis zu erleichtern, ist es bei der Vermittlung eines Stoffgebietes wie der Quantenphysik ratsam, sich auch an Sch\u00fclervorstellungen und Lernschwierigkeiten zu orientieren. Dazu sind im Verlaufe der letzten Jahre verschiedene Studien durchgef\u00fchrt worden, die in der folgenden pdf-Datei ausf\u00fchrlich beschrieben werden. Hier sei nur eine kleine Zusammenfassung&hellip; Continue reading Sch\u00fclervorstellungen","og_url":"https:\/\/www.milq.info\/spezialgebiete\/schulervorstellungen\/","og_site_name":"milq","article_modified_time":"2018-04-24T11:36:39+00:00","twitter_card":"summary_large_image","twitter_misc":{"Est. reading time":"2 minutes"},"schema":{"@context":"https:\/\/schema.org","@graph":[{"@type":"WebPage","@id":"https:\/\/www.milq.info\/spezialgebiete\/schulervorstellungen\/","url":"https:\/\/www.milq.info\/spezialgebiete\/schulervorstellungen\/","name":"Sch\u00fclervorstellungen - milq","isPartOf":{"@id":"https:\/\/www.milq.info\/#website"},"datePublished":"2018-01-14T21:02:59+00:00","dateModified":"2018-04-24T11:36:39+00:00","breadcrumb":{"@id":"https:\/\/www.milq.info\/spezialgebiete\/schulervorstellungen\/#breadcrumb"},"inLanguage":"en-US","potentialAction":[{"@type":"ReadAction","target":["https:\/\/www.milq.info\/spezialgebiete\/schulervorstellungen\/"]}]},{"@type":"BreadcrumbList","@id":"https:\/\/www.milq.info\/spezialgebiete\/schulervorstellungen\/#breadcrumb","itemListElement":[{"@type":"ListItem","position":1,"name":"Startseite","item":"https:\/\/www.milq.info\/"},{"@type":"ListItem","position":2,"name":"Spezialgebiete","item":"https:\/\/www.milq.info\/spezialgebiete\/"},{"@type":"ListItem","position":3,"name":"Sch\u00fclervorstellungen"}]},{"@type":"WebSite","@id":"https:\/\/www.milq.info\/#website","url":"https:\/\/www.milq.info\/","name":"milq","description":"Quantenphysik in der Schule","potentialAction":[{"@type":"SearchAction","target":{"@type":"EntryPoint","urlTemplate":"https:\/\/www.milq.info\/?s={search_term_string}"},"query-input":{"@type":"PropertyValueSpecification","valueRequired":true,"valueName":"search_term_string"}}],"inLanguage":"en-US"}]}},"_links":{"self":[{"href":"https:\/\/www.milq.info\/en\/wp-json\/wp\/v2\/pages\/85","targetHints":{"allow":["GET"]}}],"collection":[{"href":"https:\/\/www.milq.info\/en\/wp-json\/wp\/v2\/pages"}],"about":[{"href":"https:\/\/www.milq.info\/en\/wp-json\/wp\/v2\/types\/page"}],"author":[{"embeddable":true,"href":"https:\/\/www.milq.info\/en\/wp-json\/wp\/v2\/users\/5"}],"replies":[{"embeddable":true,"href":"https:\/\/www.milq.info\/en\/wp-json\/wp\/v2\/comments?post=85"}],"version-history":[{"count":2,"href":"https:\/\/www.milq.info\/en\/wp-json\/wp\/v2\/pages\/85\/revisions"}],"predecessor-version":[{"id":645,"href":"https:\/\/www.milq.info\/en\/wp-json\/wp\/v2\/pages\/85\/revisions\/645"}],"up":[{"embeddable":true,"href":"https:\/\/www.milq.info\/en\/wp-json\/wp\/v2\/pages\/75"}],"wp:attachment":[{"href":"https:\/\/www.milq.info\/en\/wp-json\/wp\/v2\/media?parent=85"}],"curies":[{"name":"wp","href":"https:\/\/api.w.org\/{rel}","templated":true}]}}