{"id":75,"date":"2018-01-14T21:00:49","date_gmt":"2018-01-14T21:00:49","guid":{"rendered":"http:\/\/134.169.6.169\/milq\/?page_id=75"},"modified":"2018-05-03T10:41:36","modified_gmt":"2018-05-03T10:41:36","slug":"spezialgebiete","status":"publish","type":"page","link":"https:\/\/www.milq.info\/en\/spezialgebiete\/","title":{"rendered":"Spezialgebiete"},"content":{"rendered":"<div id=\"bsf_rt_marker\"><\/div><h1>Einf\u00fchrung<\/h1>\n<p>Die Spezialgebiete behandeln Themen aus der Didaktik und der neueren Forschung aus Wissenschaft und Technik, die mit der Quantenphysik verkn\u00fcpft sind. Dieser Bereich wird daher regelm\u00e4\u00dfig erweitert und\/oder angepasst.<\/p>\n<ul>\n<li>So liefert das Thema &#8220;<a href=\"\/spezialgebiete\/didaktische-konzepte\/\" >Didaktische Konzepte&#8221;<\/a>\u00a0einen \u00dcberblick \u00fcber verschiedene Unterrichtsans\u00e4tze zur Quantenphysik in der Schule.<\/li>\n<\/ul>\n<ul>\n<li>Das Thema\u00a0<a href=\"\/spezialgebiete\/schrodingergleichung-qualitativ\/\" >&#8220;Schr\u00f6dingergleichung qualitativ&#8221;<\/a>\u00a0bietet einen intuitiven Zugang zur Quantenphysik.<\/li>\n<\/ul>\n<ul>\n<li>In den Themenbereichen\u00a0<a href=\"\/spezialgebiete\/Quantenspiele\" >&#8220;Quantenspiele&#8221;<\/a>\u00a0und\u00a0<a href=\"\/spezialgebiete\/die-quanten-teleportation\/\" >&#8220;Quantenteleportation&#8221;<\/a>\u00a0erh\u00e4lt man Einblicke in moderne Anwendungsbereiche der Quantenphysik.<\/li>\n<\/ul>\n<ul>\n<li>Die pdf-Datei\u00a0<a href=\"\/spezialgebiete\/schulervorstellungen\/\" >Sch\u00fclervorstellungen<\/a>\u00a0fasst verschiedene Studien zu Sch\u00fclervorstellungen und Lernschwierigkeiten in Zusammenhang mit der Quantenphysik zusammen.<\/li>\n<\/ul>\n<ul>\n<li>Der Beitrag\u00a0<a href=\"\/spezialgebiete\/Quanteninformationstheorie\" >Quanteninformationstheorie im Schulunterricht<\/a>\u00a0bietet als pdf-Datei einen m\u00f6glichen alternativen Zugang zur Quantenphysik in der Schule.<\/li>\n<\/ul>\n","protected":false},"excerpt":{"rendered":"<p>Einf\u00fchrung Die Spezialgebiete behandeln Themen aus der Didaktik und der neueren Forschung aus Wissenschaft und Technik, die mit der Quantenphysik verkn\u00fcpft sind. Dieser Bereich wird daher regelm\u00e4\u00dfig erweitert und\/oder angepasst. So liefert das Thema &#8220;Didaktische Konzepte&#8221;\u00a0einen \u00dcberblick \u00fcber verschiedene Unterrichtsans\u00e4tze zur Quantenphysik in der Schule. Das Thema\u00a0&#8220;Schr\u00f6dingergleichung qualitativ&#8221;\u00a0bietet einen intuitiven Zugang zur Quantenphysik. In den&hellip; <a href=\"https:\/\/www.milq.info\/en\/spezialgebiete\/\" class=\"more-link\">Continue reading <span class=\"screen-reader-text\">Spezialgebiete<\/span><\/a><\/p>\n","protected":false},"author":5,"featured_media":0,"parent":0,"menu_order":0,"comment_status":"closed","ping_status":"closed","template":"","meta":{"footnotes":""},"class_list":["post-75","page","type-page","status-publish","hentry","without-featured-image"],"yoast_head":"<!-- This site is optimized with the Yoast SEO plugin v27.4 - https:\/\/yoast.com\/product\/yoast-seo-wordpress\/ -->\n<title>Spezialgebiete - milq<\/title>\n<meta name=\"robots\" content=\"index, follow, max-snippet:-1, max-image-preview:large, max-video-preview:-1\" \/>\n<link rel=\"canonical\" href=\"https:\/\/www.milq.info\/spezialgebiete\/\" \/>\n<meta property=\"og:locale\" content=\"en_US\" \/>\n<meta property=\"og:type\" content=\"article\" \/>\n<meta property=\"og:title\" content=\"Spezialgebiete - milq\" \/>\n<meta property=\"og:description\" content=\"Einf\u00fchrung Die Spezialgebiete behandeln Themen aus der Didaktik und der neueren Forschung aus Wissenschaft und Technik, die mit der Quantenphysik verkn\u00fcpft sind. Dieser Bereich wird daher regelm\u00e4\u00dfig erweitert und\/oder angepasst. So liefert das Thema &#8220;Didaktische Konzepte&#8221;\u00a0einen \u00dcberblick \u00fcber verschiedene Unterrichtsans\u00e4tze zur Quantenphysik in der Schule. Das Thema\u00a0&#8220;Schr\u00f6dingergleichung qualitativ&#8221;\u00a0bietet einen intuitiven Zugang zur Quantenphysik. In den&hellip; Continue reading Spezialgebiete\" \/>\n<meta property=\"og:url\" content=\"https:\/\/www.milq.info\/spezialgebiete\/\" \/>\n<meta property=\"og:site_name\" content=\"milq\" \/>\n<meta property=\"article:modified_time\" content=\"2018-05-03T10:41:36+00:00\" \/>\n<meta name=\"twitter:card\" content=\"summary_large_image\" \/>\n<meta name=\"twitter:label1\" content=\"Est. reading time\" \/>\n\t<meta name=\"twitter:data1\" content=\"1 minute\" \/>\n<script type=\"application\/ld+json\" class=\"yoast-schema-graph\">{\"@context\":\"https:\\\/\\\/schema.org\",\"@graph\":[{\"@type\":\"WebPage\",\"@id\":\"https:\\\/\\\/www.milq.info\\\/spezialgebiete\\\/\",\"url\":\"https:\\\/\\\/www.milq.info\\\/spezialgebiete\\\/\",\"name\":\"Spezialgebiete - milq\",\"isPartOf\":{\"@id\":\"https:\\\/\\\/www.milq.info\\\/#website\"},\"datePublished\":\"2018-01-14T21:00:49+00:00\",\"dateModified\":\"2018-05-03T10:41:36+00:00\",\"breadcrumb\":{\"@id\":\"https:\\\/\\\/www.milq.info\\\/spezialgebiete\\\/#breadcrumb\"},\"inLanguage\":\"en-US\",\"potentialAction\":[{\"@type\":\"ReadAction\",\"target\":[\"https:\\\/\\\/www.milq.info\\\/spezialgebiete\\\/\"]}]},{\"@type\":\"BreadcrumbList\",\"@id\":\"https:\\\/\\\/www.milq.info\\\/spezialgebiete\\\/#breadcrumb\",\"itemListElement\":[{\"@type\":\"ListItem\",\"position\":1,\"name\":\"Startseite\",\"item\":\"https:\\\/\\\/www.milq.info\\\/\"},{\"@type\":\"ListItem\",\"position\":2,\"name\":\"Spezialgebiete\"}]},{\"@type\":\"WebSite\",\"@id\":\"https:\\\/\\\/www.milq.info\\\/#website\",\"url\":\"https:\\\/\\\/www.milq.info\\\/\",\"name\":\"milq\",\"description\":\"Quantenphysik in der Schule\",\"potentialAction\":[{\"@type\":\"SearchAction\",\"target\":{\"@type\":\"EntryPoint\",\"urlTemplate\":\"https:\\\/\\\/www.milq.info\\\/?s={search_term_string}\"},\"query-input\":{\"@type\":\"PropertyValueSpecification\",\"valueRequired\":true,\"valueName\":\"search_term_string\"}}],\"inLanguage\":\"en-US\"}]}<\/script>\n<!-- \/ Yoast SEO plugin. -->","yoast_head_json":{"title":"Spezialgebiete - milq","robots":{"index":"index","follow":"follow","max-snippet":"max-snippet:-1","max-image-preview":"max-image-preview:large","max-video-preview":"max-video-preview:-1"},"canonical":"https:\/\/www.milq.info\/spezialgebiete\/","og_locale":"en_US","og_type":"article","og_title":"Spezialgebiete - milq","og_description":"Einf\u00fchrung Die Spezialgebiete behandeln Themen aus der Didaktik und der neueren Forschung aus Wissenschaft und Technik, die mit der Quantenphysik verkn\u00fcpft sind. Dieser Bereich wird daher regelm\u00e4\u00dfig erweitert und\/oder angepasst. So liefert das Thema &#8220;Didaktische Konzepte&#8221;\u00a0einen \u00dcberblick \u00fcber verschiedene Unterrichtsans\u00e4tze zur Quantenphysik in der Schule. Das Thema\u00a0&#8220;Schr\u00f6dingergleichung qualitativ&#8221;\u00a0bietet einen intuitiven Zugang zur Quantenphysik. In den&hellip; Continue reading Spezialgebiete","og_url":"https:\/\/www.milq.info\/spezialgebiete\/","og_site_name":"milq","article_modified_time":"2018-05-03T10:41:36+00:00","twitter_card":"summary_large_image","twitter_misc":{"Est. reading time":"1 minute"},"schema":{"@context":"https:\/\/schema.org","@graph":[{"@type":"WebPage","@id":"https:\/\/www.milq.info\/spezialgebiete\/","url":"https:\/\/www.milq.info\/spezialgebiete\/","name":"Spezialgebiete - milq","isPartOf":{"@id":"https:\/\/www.milq.info\/#website"},"datePublished":"2018-01-14T21:00:49+00:00","dateModified":"2018-05-03T10:41:36+00:00","breadcrumb":{"@id":"https:\/\/www.milq.info\/spezialgebiete\/#breadcrumb"},"inLanguage":"en-US","potentialAction":[{"@type":"ReadAction","target":["https:\/\/www.milq.info\/spezialgebiete\/"]}]},{"@type":"BreadcrumbList","@id":"https:\/\/www.milq.info\/spezialgebiete\/#breadcrumb","itemListElement":[{"@type":"ListItem","position":1,"name":"Startseite","item":"https:\/\/www.milq.info\/"},{"@type":"ListItem","position":2,"name":"Spezialgebiete"}]},{"@type":"WebSite","@id":"https:\/\/www.milq.info\/#website","url":"https:\/\/www.milq.info\/","name":"milq","description":"Quantenphysik in der Schule","potentialAction":[{"@type":"SearchAction","target":{"@type":"EntryPoint","urlTemplate":"https:\/\/www.milq.info\/?s={search_term_string}"},"query-input":{"@type":"PropertyValueSpecification","valueRequired":true,"valueName":"search_term_string"}}],"inLanguage":"en-US"}]}},"_links":{"self":[{"href":"https:\/\/www.milq.info\/en\/wp-json\/wp\/v2\/pages\/75","targetHints":{"allow":["GET"]}}],"collection":[{"href":"https:\/\/www.milq.info\/en\/wp-json\/wp\/v2\/pages"}],"about":[{"href":"https:\/\/www.milq.info\/en\/wp-json\/wp\/v2\/types\/page"}],"author":[{"embeddable":true,"href":"https:\/\/www.milq.info\/en\/wp-json\/wp\/v2\/users\/5"}],"replies":[{"embeddable":true,"href":"https:\/\/www.milq.info\/en\/wp-json\/wp\/v2\/comments?post=75"}],"version-history":[{"count":9,"href":"https:\/\/www.milq.info\/en\/wp-json\/wp\/v2\/pages\/75\/revisions"}],"predecessor-version":[{"id":658,"href":"https:\/\/www.milq.info\/en\/wp-json\/wp\/v2\/pages\/75\/revisions\/658"}],"wp:attachment":[{"href":"https:\/\/www.milq.info\/en\/wp-json\/wp\/v2\/media?parent=75"}],"curies":[{"name":"wp","href":"https:\/\/api.w.org\/{rel}","templated":true}]}}