{"id":63,"date":"2018-01-14T20:55:56","date_gmt":"2018-01-14T20:55:56","guid":{"rendered":"http:\/\/134.169.6.169\/milq\/?page_id=63"},"modified":"2026-01-30T10:57:52","modified_gmt":"2026-01-30T09:57:52","slug":"milq10","status":"publish","type":"page","link":"https:\/\/www.milq.info\/en\/sample-page\/milq10\/","title":{"rendered":"milq10:"},"content":{"rendered":"<div id=\"bsf_rt_marker\"><\/div><div id=\"content\">\n<div id=\"gpx_content\" class=\"filenum-105 cf\">\n<div class=\"GPAREA filetype-text\">\n<h1>milq f\u00fcr die Jahrgansstufe 10<\/h1>\n<h2>\u00dcberblick \u00fcber die Unterrichtskonzeption zur Einf\u00fchrung in die Quantenphysik f\u00fcr die 10. Jahrgangsstufe<\/h2>\n<p>In der Schule stellt die Quantenphysik inzwischen einen festen und wichtigen Bestandteil des Physikunterrichts in der Qualifikationsphase der Sekundarstufe II dar und wird zu den Inhalts\u00adbereichen des Kerncurriculums der Oberstufe gez\u00e4hlt und somit als Kern physi\u00adka\u00adlischer Bil\u00addung erachtet (Schecker, H., Fischer, H. E. &amp; Wiesner, H. (2004). Physikunterricht in der gymnasialenOberstufe. In H.-E. Tenorth (Hrsg.), Kerncurriculum Oberstufe II Weinheim und Basel: Beltz P\u00e4dagogik, S. 193 ff.). Da die \u00fcberwiegende Mehrheit der Sch\u00fclerinnen und Sch\u00fcler nach Ende des obligatorischen Physikunterrichts das Fach Physik abw\u00e4hlt, ergibt sich die Not\u00adwen\u00addig\u00adkeit, schon in der 10. Jahrgangsstufe eine Einf\u00fchrung in wesentliche Grundideen der Quantenphysik vorzusehen und somit allen Sch\u00fclerinnen und Sch\u00fclern am Gymnasium einen Einblick in dieses Teilgebiet der Modernen Physik, das unser heutiges physikalisches Weltbild beherrscht und eine Grundlage aktueller Technologie sowie Forschung darstellt, zu geben. Diese Situation erfordert jedoch einen v\u00f6llig neuen Zugang zur Quantenphysik, der in dieser Klassenstufe lediglich auf einem rein qualitativen Niveau erfolgen kann.<\/p>\n<p>Unter Ber\u00fccksichtigung von Ergebnissen empirischer Studien sowohl zu Sch\u00fclervorstellungen und Lernschwierigkeiten als auch zum Physikinteresse sowie auf der Grundlage des M\u00fcnchener Unterrichtskonzepts zur Quantenphysik f\u00fcr die Oberstufe (M\u00fcller, R. (2003) Quantenphysik in der Schule. Berlin) wurde am Lehrstuhl f\u00fcr Didaktik der Physik der LMU M\u00fcnchen eine Unterrichtskonzeption zur Einf\u00fchrung in die Quantenphysik f\u00fcr die 10. Jahrgangsstufe erarbeitet und erprobt. Die auf der Grundlage dieser Konzeption gestaltete Unterrichtseinheit soll den Sch\u00fclerinnen und Sch\u00fclern insbesondere einen Einblick in die Unterschiede zwischen der Klassischen Physik und Quantenphysik und die sich daraus ergebenden Merkw\u00fcrdigkeiten sowie Konsequenzen dieser neuartigen Physik geben. Im Vordergrund steht vor allem die Erarbeitung der Unterschiede zwischen der Klassischen Physik und der Quantenphysik anhand der Eigenschaften Ort und Geschwindigkeit Zentrale Inhalte sind zum einen, dass Quantenobjekte im Gegensatz zu klassischen Objekten die Eigenschaft Ort nicht besitzen k\u00f6nnen, auch wenn bei einer Messung ein Messwert f\u00fcr diese Eigenschaft vorliegt und somit in der Quantenmechanik ein Unterschied zwischen dem Messen und dem Besitzen der Eigenschaft Ort besteht oder auch, dass Quantenobjekte zwar auf die Eigenschaften Ort und Geschwindigkeit pr\u00e4pariert werden k\u00f6nnen, bei der gleichzeitigen Pr\u00e4paration dieser Eigenschaften allerdings Beschr\u00e4nkungen existieren. Zum anderen werden sowohl der notwendige \u00dcbergang von Aussagen \u00fcber Einzelergebnisse zu Wahrscheinlichkeitsaussagen und die Komplementarit\u00e4t von Ortseigenschaft und Interferenzmuster als auch die Inexistenz von wohldefinierten Bahnkurven als Konsequenz der Heisenbergschen Unbestimmtheitsrelation die Eigenschaften Ort und Geschwindigkeit betreffend in der Quantenphysik behandelt.In diesem Zusammenhang werden als ein Beispiel f\u00fcr Quantenobjekte Elektronen betrachtet und im Gegensatz zu traditionellen Unterrichtseinheiten zur Quantenphysik oder auch zum M\u00fcnchener Unterrichtskonzept f\u00fcr die Oberstufe erfolgt der Einstieg in die Quantenphysik nicht wie nach wie vor \u00fcblich \u00fcber den Photoeffekt, sondern \u00fcber das Doppelspaltexperiment mit Elektronen. Diese Entscheidungen liegen insbesondere zum einen in der im Rahmen der Unterrichtskonzeption f\u00fcr die 10. Jahrgangsstufe verfolgten Diskussion \u00fcber die Eigenschaften Ort und Geschwindigkeit ,die in dieser Weise konsequent nur anhand von Elektronen und nicht mit Photonen m\u00f6glich ist, und zum anderen in den Ergebnissen empirischer Studien zu Sch\u00fclervorstellungen zum Licht bzw. zu Photonen begr\u00fcndet. Diese haben gezeigt, dass nach einem Unterricht, zu dessen Beginn der Photoeffekt behandelt wird, die Vorstellungen der Lernenden sowohl zum Licht resp. zu Photonen als auch zu Elektronen f\u00fcr gew\u00f6hnlich nach wie vor von den Denkweisen der Klassischen Physik bestimmt sind. Mit einem Einstieg \u00fcber Experimente mit Elektronen und einer sp\u00e4teren Thematisierung des Photoeffekts ist allerdings eine Abwendung von diesen Auffassungen und eine damit einhergehenden Hinwendung zu quantenmechanischen Sichtweisen m\u00f6glich.<\/p>\n<p>F\u00fcr detaillierte Beschreibungen der Unterrichtskonzeption und Ergebnisse der empirischen Untersuchung siehe:<br \/>\nSchorn B., Wiesner H. (2008): Die Quantenphysik in der Sekundarstufe I. In: Praxis der Naturwissenschaften &#8211; Physik in der Schule, 6\/57.<br \/>\nWiesner H., Schorn, B. (2015): Das M\u00fcnchener Internetprojekt zur Lehrer\u00adfort\u00adbildung (milq) in der 10. Jahrgangsstufe. In: Praxis der Naturwissenschaften &#8211; Physik in der Schule, 4\/64.<\/p>\n<p><strong><u>Zum Download:<\/u><\/strong><\/p>\n<p><a href=\"\/data\/_uploaded\/milq10\/Quantenphysik10Schuelertext.pdf\" >Sch\u00fclertext zur Einf\u00fchrung in die Quantenphysik<\/a><\/p>\n<p><a href=\"http:\/\/www.milq.info\/data\/_uploaded\/gifs\/2.1Wurfmaschiene.gif\" >Wurfmaschine<\/a><\/p>\n<p><a href=\"http:\/\/www.hitachi.com\/rd\/portal\/highlight\/quantum\/movie\/index.html\" >Film zum Doppelspaltexperiment mit Elektronen<\/a><\/p>\n<p><a href=\"\/data\/_uploaded\/image\/simulationen\/DoppelspaltversuchV4.0.exe\">Simulationsprogramm zum Doppelspaltversuch<\/a><\/p>\n<p><a href=\"https:\/\/www.youtube.com\/watch?v=3ohjOltaO6Y&amp;feature=related\" >Filmausschnitt \u201eWhat the bleep do we (k)now?\u201c:<\/a><br \/>\n<strong><u>Kontakt:<\/u><\/strong><\/p>\n<p>Dr. Bernadette Schorn<br \/>\nFachgruppe Physik\/Astronomie<br \/>\nNu\u00dfallee 14-16<br \/>\n53115 Bonn<\/p>\n<p><strong><u>E-Mail:<\/u><\/strong>\u00a0bschorn@uni-bonn.de<\/p>\n<p>1.\u00a0Im Schuljahr 2012\/2013 belegten nur 40% der Sch\u00fclerinnen und Sch\u00fcler in den letzten zwei Jahren vor dem Abitur das Fach Physik<br \/>\nHeise, H., Sinzinger, M., Struck, Y. &amp; Wodzinski, R. (2014).<br \/>\n<a href=\"\/data\/_uploaded\/milq10\/studie-unterrichtsversorgung-2014.pdf\" >DPG-Studie zur Unterrichts\u00adver\u00adsorgung im Fach Physik und zum Wahlverhalten der Sch\u00fclerinnen und Sch\u00fcler im Hinblick auf das Fach Physik S. 37.<\/a><\/p>\n<\/div>\n<\/div>\n<\/div>\n","protected":false},"excerpt":{"rendered":"<p>milq f\u00fcr die Jahrgansstufe 10 \u00dcberblick \u00fcber die Unterrichtskonzeption zur Einf\u00fchrung in die Quantenphysik f\u00fcr die 10. Jahrgangsstufe In der Schule stellt die Quantenphysik inzwischen einen festen und wichtigen Bestandteil des Physikunterrichts in der Qualifikationsphase der Sekundarstufe II dar und wird zu den Inhalts\u00adbereichen des Kerncurriculums der Oberstufe gez\u00e4hlt und somit als Kern physi\u00adka\u00adlischer Bil\u00addung&hellip; <a href=\"https:\/\/www.milq.info\/en\/sample-page\/milq10\/\" class=\"more-link\">Continue reading <span class=\"screen-reader-text\">milq10:<\/span><\/a><\/p>\n","protected":false},"author":5,"featured_media":0,"parent":2,"menu_order":0,"comment_status":"closed","ping_status":"closed","template":"","meta":{"footnotes":""},"class_list":["post-63","page","type-page","status-publish","hentry","without-featured-image"],"yoast_head":"<!-- This site is optimized with the Yoast SEO plugin v27.4 - https:\/\/yoast.com\/product\/yoast-seo-wordpress\/ -->\n<title>milq10: - milq<\/title>\n<meta name=\"robots\" content=\"index, follow, max-snippet:-1, max-image-preview:large, max-video-preview:-1\" \/>\n<link rel=\"canonical\" href=\"https:\/\/www.milq.info\/sample-page\/milq10\/\" \/>\n<meta property=\"og:locale\" content=\"en_US\" \/>\n<meta property=\"og:type\" content=\"article\" \/>\n<meta property=\"og:title\" content=\"milq10: - milq\" \/>\n<meta property=\"og:description\" content=\"milq f\u00fcr die Jahrgansstufe 10 \u00dcberblick \u00fcber die Unterrichtskonzeption zur Einf\u00fchrung in die Quantenphysik f\u00fcr die 10. Jahrgangsstufe In der Schule stellt die Quantenphysik inzwischen einen festen und wichtigen Bestandteil des Physikunterrichts in der Qualifikationsphase der Sekundarstufe II dar und wird zu den Inhalts\u00adbereichen des Kerncurriculums der Oberstufe gez\u00e4hlt und somit als Kern physi\u00adka\u00adlischer Bil\u00addung&hellip; Continue reading milq10:\" \/>\n<meta property=\"og:url\" content=\"https:\/\/www.milq.info\/sample-page\/milq10\/\" \/>\n<meta property=\"og:site_name\" content=\"milq\" \/>\n<meta property=\"article:modified_time\" content=\"2026-01-30T09:57:52+00:00\" \/>\n<meta name=\"twitter:card\" content=\"summary_large_image\" \/>\n<meta name=\"twitter:label1\" content=\"Est. reading time\" \/>\n\t<meta name=\"twitter:data1\" content=\"9 minutes\" \/>\n<script type=\"application\/ld+json\" class=\"yoast-schema-graph\">{\"@context\":\"https:\\\/\\\/schema.org\",\"@graph\":[{\"@type\":\"WebPage\",\"@id\":\"https:\\\/\\\/www.milq.info\\\/sample-page\\\/milq10\\\/\",\"url\":\"https:\\\/\\\/www.milq.info\\\/sample-page\\\/milq10\\\/\",\"name\":\"milq10: - milq\",\"isPartOf\":{\"@id\":\"https:\\\/\\\/www.milq.info\\\/#website\"},\"datePublished\":\"2018-01-14T20:55:56+00:00\",\"dateModified\":\"2026-01-30T09:57:52+00:00\",\"breadcrumb\":{\"@id\":\"https:\\\/\\\/www.milq.info\\\/sample-page\\\/milq10\\\/#breadcrumb\"},\"inLanguage\":\"en-US\",\"potentialAction\":[{\"@type\":\"ReadAction\",\"target\":[\"https:\\\/\\\/www.milq.info\\\/sample-page\\\/milq10\\\/\"]}]},{\"@type\":\"BreadcrumbList\",\"@id\":\"https:\\\/\\\/www.milq.info\\\/sample-page\\\/milq10\\\/#breadcrumb\",\"itemListElement\":[{\"@type\":\"ListItem\",\"position\":1,\"name\":\"Startseite\",\"item\":\"https:\\\/\\\/www.milq.info\\\/\"},{\"@type\":\"ListItem\",\"position\":2,\"name\":\"Mehr\",\"item\":\"https:\\\/\\\/www.milq.info\\\/sample-page\\\/\"},{\"@type\":\"ListItem\",\"position\":3,\"name\":\"milq10:\"}]},{\"@type\":\"WebSite\",\"@id\":\"https:\\\/\\\/www.milq.info\\\/#website\",\"url\":\"https:\\\/\\\/www.milq.info\\\/\",\"name\":\"milq\",\"description\":\"Quantenphysik in der Schule\",\"potentialAction\":[{\"@type\":\"SearchAction\",\"target\":{\"@type\":\"EntryPoint\",\"urlTemplate\":\"https:\\\/\\\/www.milq.info\\\/?s={search_term_string}\"},\"query-input\":{\"@type\":\"PropertyValueSpecification\",\"valueRequired\":true,\"valueName\":\"search_term_string\"}}],\"inLanguage\":\"en-US\"}]}<\/script>\n<!-- \/ Yoast SEO plugin. -->","yoast_head_json":{"title":"milq10: - milq","robots":{"index":"index","follow":"follow","max-snippet":"max-snippet:-1","max-image-preview":"max-image-preview:large","max-video-preview":"max-video-preview:-1"},"canonical":"https:\/\/www.milq.info\/sample-page\/milq10\/","og_locale":"en_US","og_type":"article","og_title":"milq10: - milq","og_description":"milq f\u00fcr die Jahrgansstufe 10 \u00dcberblick \u00fcber die Unterrichtskonzeption zur Einf\u00fchrung in die Quantenphysik f\u00fcr die 10. Jahrgangsstufe In der Schule stellt die Quantenphysik inzwischen einen festen und wichtigen Bestandteil des Physikunterrichts in der Qualifikationsphase der Sekundarstufe II dar und wird zu den Inhalts\u00adbereichen des Kerncurriculums der Oberstufe gez\u00e4hlt und somit als Kern physi\u00adka\u00adlischer Bil\u00addung&hellip; Continue reading milq10:","og_url":"https:\/\/www.milq.info\/sample-page\/milq10\/","og_site_name":"milq","article_modified_time":"2026-01-30T09:57:52+00:00","twitter_card":"summary_large_image","twitter_misc":{"Est. reading time":"9 minutes"},"schema":{"@context":"https:\/\/schema.org","@graph":[{"@type":"WebPage","@id":"https:\/\/www.milq.info\/sample-page\/milq10\/","url":"https:\/\/www.milq.info\/sample-page\/milq10\/","name":"milq10: - milq","isPartOf":{"@id":"https:\/\/www.milq.info\/#website"},"datePublished":"2018-01-14T20:55:56+00:00","dateModified":"2026-01-30T09:57:52+00:00","breadcrumb":{"@id":"https:\/\/www.milq.info\/sample-page\/milq10\/#breadcrumb"},"inLanguage":"en-US","potentialAction":[{"@type":"ReadAction","target":["https:\/\/www.milq.info\/sample-page\/milq10\/"]}]},{"@type":"BreadcrumbList","@id":"https:\/\/www.milq.info\/sample-page\/milq10\/#breadcrumb","itemListElement":[{"@type":"ListItem","position":1,"name":"Startseite","item":"https:\/\/www.milq.info\/"},{"@type":"ListItem","position":2,"name":"Mehr","item":"https:\/\/www.milq.info\/sample-page\/"},{"@type":"ListItem","position":3,"name":"milq10:"}]},{"@type":"WebSite","@id":"https:\/\/www.milq.info\/#website","url":"https:\/\/www.milq.info\/","name":"milq","description":"Quantenphysik in der Schule","potentialAction":[{"@type":"SearchAction","target":{"@type":"EntryPoint","urlTemplate":"https:\/\/www.milq.info\/?s={search_term_string}"},"query-input":{"@type":"PropertyValueSpecification","valueRequired":true,"valueName":"search_term_string"}}],"inLanguage":"en-US"}]}},"_links":{"self":[{"href":"https:\/\/www.milq.info\/en\/wp-json\/wp\/v2\/pages\/63","targetHints":{"allow":["GET"]}}],"collection":[{"href":"https:\/\/www.milq.info\/en\/wp-json\/wp\/v2\/pages"}],"about":[{"href":"https:\/\/www.milq.info\/en\/wp-json\/wp\/v2\/types\/page"}],"author":[{"embeddable":true,"href":"https:\/\/www.milq.info\/en\/wp-json\/wp\/v2\/users\/5"}],"replies":[{"embeddable":true,"href":"https:\/\/www.milq.info\/en\/wp-json\/wp\/v2\/comments?post=63"}],"version-history":[{"count":11,"href":"https:\/\/www.milq.info\/en\/wp-json\/wp\/v2\/pages\/63\/revisions"}],"predecessor-version":[{"id":2064,"href":"https:\/\/www.milq.info\/en\/wp-json\/wp\/v2\/pages\/63\/revisions\/2064"}],"up":[{"embeddable":true,"href":"https:\/\/www.milq.info\/en\/wp-json\/wp\/v2\/pages\/2"}],"wp:attachment":[{"href":"https:\/\/www.milq.info\/en\/wp-json\/wp\/v2\/media?parent=63"}],"curies":[{"name":"wp","href":"https:\/\/api.w.org\/{rel}","templated":true}]}}