{"id":612,"date":"2018-04-24T10:44:38","date_gmt":"2018-04-24T10:44:38","guid":{"rendered":"http:\/\/www.milq.info\/?page_id=612"},"modified":"2018-04-24T10:44:38","modified_gmt":"2018-04-24T10:44:38","slug":"das-fundamentalprinzip","status":"publish","type":"page","link":"https:\/\/www.milq.info\/en\/das-fundamentalprinzip\/","title":{"rendered":"Das Fundamentalprinzip"},"content":{"rendered":"<div id=\"bsf_rt_marker\"><\/div><p>Ein wichtiger Punkt f\u00fcr Brachner und Fichtner ist das sogenannte quantenmechanische\u00a0<b>Fundamentalprinzip<\/b>, das auch bei Feynman (1963) an zentraler Stelle steht. Es lautet:<\/p>\n<p><b>Gibt es verschiedene M\u00f6glichkeiten (Wege) f\u00fcr das Eintreten eines bestimmten Ereignisses und wird durch die Versuchsanordnung nicht festgelegt, dass ausschlie\u00dflich eine bestimmte M\u00f6glichkeit gew\u00e4hlt wurde, so tritt immer Interferenz auf. Hinterl\u00e4sst dagegen jedes Ereignis an der Versuchsanordnung eindeutig ein bestimmtes Merkmal, durch das entschieden werden kann, welche der verschiedenen M\u00f6glichkeiten gew\u00e4hlt wurde, dann tritt nie Interferenz auf.<\/b><\/p>\n<p>&nbsp;<\/p>\n<p>Eine paradigmatische Anwendung findet das Fundamentalprinzip am Doppelspalt: Wenn mithilfe einer geeigneten Messvorrichtung entschieden werden kann, durch welchen Spalt ein Elektron gegangen ist, tritt keine Interferenz auf. Erlaubt die Versuchsanordnung dagegen nicht, einem Elektron einen bestimmten Spalt zuzuordnen, bilden die Elektronen auf dem Schirm ein Interferenzmuster aus. Ein anderes Beispiel ist die schon erw\u00e4hnte Streuung von\u00a0<sup>4<\/sup>He-Atomen, bei der es aufgrund der Ununterscheidbarkeit zur Interferenzerscheinungen kommt. Streut man dagegen\u00a0<sup>3<\/sup>He an\u00a0<sup>4<\/sup>He, tritt keine Interferenz auf.<\/p>\n","protected":false},"excerpt":{"rendered":"<p>Ein wichtiger Punkt f\u00fcr Brachner und Fichtner ist das sogenannte quantenmechanische\u00a0Fundamentalprinzip, das auch bei Feynman (1963) an zentraler Stelle steht. Es lautet: Gibt es verschiedene M\u00f6glichkeiten (Wege) f\u00fcr das Eintreten eines bestimmten Ereignisses und wird durch die Versuchsanordnung nicht festgelegt, dass ausschlie\u00dflich eine bestimmte M\u00f6glichkeit gew\u00e4hlt wurde, so tritt immer Interferenz auf. Hinterl\u00e4sst dagegen jedes&hellip; <a href=\"https:\/\/www.milq.info\/en\/das-fundamentalprinzip\/\" class=\"more-link\">Continue reading <span class=\"screen-reader-text\">Das Fundamentalprinzip<\/span><\/a><\/p>\n","protected":false},"author":5,"featured_media":0,"parent":0,"menu_order":0,"comment_status":"closed","ping_status":"closed","template":"","meta":{"footnotes":""},"class_list":["post-612","page","type-page","status-publish","hentry","without-featured-image"],"yoast_head":"<!-- This site is optimized with the Yoast SEO plugin v27.4 - https:\/\/yoast.com\/product\/yoast-seo-wordpress\/ -->\n<title>Das Fundamentalprinzip - milq<\/title>\n<meta name=\"robots\" content=\"index, follow, max-snippet:-1, max-image-preview:large, max-video-preview:-1\" \/>\n<link rel=\"canonical\" href=\"https:\/\/www.milq.info\/das-fundamentalprinzip\/\" \/>\n<meta property=\"og:locale\" content=\"en_US\" \/>\n<meta property=\"og:type\" content=\"article\" \/>\n<meta property=\"og:title\" content=\"Das Fundamentalprinzip - milq\" \/>\n<meta property=\"og:description\" content=\"Ein wichtiger Punkt f\u00fcr Brachner und Fichtner ist das sogenannte quantenmechanische\u00a0Fundamentalprinzip, das auch bei Feynman (1963) an zentraler Stelle steht. Es lautet: Gibt es verschiedene M\u00f6glichkeiten (Wege) f\u00fcr das Eintreten eines bestimmten Ereignisses und wird durch die Versuchsanordnung nicht festgelegt, dass ausschlie\u00dflich eine bestimmte M\u00f6glichkeit gew\u00e4hlt wurde, so tritt immer Interferenz auf. Hinterl\u00e4sst dagegen jedes&hellip; Continue reading Das Fundamentalprinzip\" \/>\n<meta property=\"og:url\" content=\"https:\/\/www.milq.info\/das-fundamentalprinzip\/\" \/>\n<meta property=\"og:site_name\" content=\"milq\" \/>\n<meta name=\"twitter:card\" content=\"summary_large_image\" \/>\n<meta name=\"twitter:label1\" content=\"Est. reading time\" \/>\n\t<meta name=\"twitter:data1\" content=\"1 minute\" \/>\n<script type=\"application\/ld+json\" class=\"yoast-schema-graph\">{\"@context\":\"https:\\\/\\\/schema.org\",\"@graph\":[{\"@type\":\"WebPage\",\"@id\":\"https:\\\/\\\/www.milq.info\\\/das-fundamentalprinzip\\\/\",\"url\":\"https:\\\/\\\/www.milq.info\\\/das-fundamentalprinzip\\\/\",\"name\":\"Das Fundamentalprinzip - milq\",\"isPartOf\":{\"@id\":\"https:\\\/\\\/www.milq.info\\\/#website\"},\"datePublished\":\"2018-04-24T10:44:38+00:00\",\"breadcrumb\":{\"@id\":\"https:\\\/\\\/www.milq.info\\\/das-fundamentalprinzip\\\/#breadcrumb\"},\"inLanguage\":\"en-US\",\"potentialAction\":[{\"@type\":\"ReadAction\",\"target\":[\"https:\\\/\\\/www.milq.info\\\/das-fundamentalprinzip\\\/\"]}]},{\"@type\":\"BreadcrumbList\",\"@id\":\"https:\\\/\\\/www.milq.info\\\/das-fundamentalprinzip\\\/#breadcrumb\",\"itemListElement\":[{\"@type\":\"ListItem\",\"position\":1,\"name\":\"Startseite\",\"item\":\"https:\\\/\\\/www.milq.info\\\/\"},{\"@type\":\"ListItem\",\"position\":2,\"name\":\"Das Fundamentalprinzip\"}]},{\"@type\":\"WebSite\",\"@id\":\"https:\\\/\\\/www.milq.info\\\/#website\",\"url\":\"https:\\\/\\\/www.milq.info\\\/\",\"name\":\"milq\",\"description\":\"Quantenphysik in der Schule\",\"potentialAction\":[{\"@type\":\"SearchAction\",\"target\":{\"@type\":\"EntryPoint\",\"urlTemplate\":\"https:\\\/\\\/www.milq.info\\\/?s={search_term_string}\"},\"query-input\":{\"@type\":\"PropertyValueSpecification\",\"valueRequired\":true,\"valueName\":\"search_term_string\"}}],\"inLanguage\":\"en-US\"}]}<\/script>\n<!-- \/ Yoast SEO plugin. -->","yoast_head_json":{"title":"Das Fundamentalprinzip - milq","robots":{"index":"index","follow":"follow","max-snippet":"max-snippet:-1","max-image-preview":"max-image-preview:large","max-video-preview":"max-video-preview:-1"},"canonical":"https:\/\/www.milq.info\/das-fundamentalprinzip\/","og_locale":"en_US","og_type":"article","og_title":"Das Fundamentalprinzip - milq","og_description":"Ein wichtiger Punkt f\u00fcr Brachner und Fichtner ist das sogenannte quantenmechanische\u00a0Fundamentalprinzip, das auch bei Feynman (1963) an zentraler Stelle steht. Es lautet: Gibt es verschiedene M\u00f6glichkeiten (Wege) f\u00fcr das Eintreten eines bestimmten Ereignisses und wird durch die Versuchsanordnung nicht festgelegt, dass ausschlie\u00dflich eine bestimmte M\u00f6glichkeit gew\u00e4hlt wurde, so tritt immer Interferenz auf. Hinterl\u00e4sst dagegen jedes&hellip; Continue reading Das Fundamentalprinzip","og_url":"https:\/\/www.milq.info\/das-fundamentalprinzip\/","og_site_name":"milq","twitter_card":"summary_large_image","twitter_misc":{"Est. reading time":"1 minute"},"schema":{"@context":"https:\/\/schema.org","@graph":[{"@type":"WebPage","@id":"https:\/\/www.milq.info\/das-fundamentalprinzip\/","url":"https:\/\/www.milq.info\/das-fundamentalprinzip\/","name":"Das Fundamentalprinzip - milq","isPartOf":{"@id":"https:\/\/www.milq.info\/#website"},"datePublished":"2018-04-24T10:44:38+00:00","breadcrumb":{"@id":"https:\/\/www.milq.info\/das-fundamentalprinzip\/#breadcrumb"},"inLanguage":"en-US","potentialAction":[{"@type":"ReadAction","target":["https:\/\/www.milq.info\/das-fundamentalprinzip\/"]}]},{"@type":"BreadcrumbList","@id":"https:\/\/www.milq.info\/das-fundamentalprinzip\/#breadcrumb","itemListElement":[{"@type":"ListItem","position":1,"name":"Startseite","item":"https:\/\/www.milq.info\/"},{"@type":"ListItem","position":2,"name":"Das Fundamentalprinzip"}]},{"@type":"WebSite","@id":"https:\/\/www.milq.info\/#website","url":"https:\/\/www.milq.info\/","name":"milq","description":"Quantenphysik in der Schule","potentialAction":[{"@type":"SearchAction","target":{"@type":"EntryPoint","urlTemplate":"https:\/\/www.milq.info\/?s={search_term_string}"},"query-input":{"@type":"PropertyValueSpecification","valueRequired":true,"valueName":"search_term_string"}}],"inLanguage":"en-US"}]}},"_links":{"self":[{"href":"https:\/\/www.milq.info\/en\/wp-json\/wp\/v2\/pages\/612","targetHints":{"allow":["GET"]}}],"collection":[{"href":"https:\/\/www.milq.info\/en\/wp-json\/wp\/v2\/pages"}],"about":[{"href":"https:\/\/www.milq.info\/en\/wp-json\/wp\/v2\/types\/page"}],"author":[{"embeddable":true,"href":"https:\/\/www.milq.info\/en\/wp-json\/wp\/v2\/users\/5"}],"replies":[{"embeddable":true,"href":"https:\/\/www.milq.info\/en\/wp-json\/wp\/v2\/comments?post=612"}],"version-history":[{"count":1,"href":"https:\/\/www.milq.info\/en\/wp-json\/wp\/v2\/pages\/612\/revisions"}],"predecessor-version":[{"id":613,"href":"https:\/\/www.milq.info\/en\/wp-json\/wp\/v2\/pages\/612\/revisions\/613"}],"wp:attachment":[{"href":"https:\/\/www.milq.info\/en\/wp-json\/wp\/v2\/media?parent=612"}],"curies":[{"name":"wp","href":"https:\/\/api.w.org\/{rel}","templated":true}]}}