{"id":527,"date":"2018-04-23T19:36:49","date_gmt":"2018-04-23T19:36:49","guid":{"rendered":"http:\/\/www.milq.info\/?page_id=527"},"modified":"2018-04-23T19:37:23","modified_gmt":"2018-04-23T19:37:23","slug":"a2_arbeitsblaetter_zum_interferometer-2","status":"publish","type":"page","link":"https:\/\/www.milq.info\/en\/a2_arbeitsblaetter_zum_interferometer-2\/","title":{"rendered":"Arbeitsbl\u00e4tter zum Interferometer"},"content":{"rendered":"<div id=\"bsf_rt_marker\"><\/div><p>Diese Arbeitsbl\u00e4tter wurden von J. K\u00fcblbeck aus Ludwigsburg erstellt.<\/p>\n<h4>1. Inhalt des Arbeitsblattes &#8220;Das Interferometer&#8221;:<\/h4>\n<p>Arbeitsanweisungen und Fragen zum Interferometer.<\/p>\n<p>Hier k\u00f6nnen Sie sich das Arbeitsblatt\u00a0<a href=\"\/data\/_uploaded\/image\/arbeitsblaetter\/interfero.pdf\" >&#8220;Das Interferometer&#8221;<\/a>\u00a0als pdf-Dokument herunterladen.<\/p>\n<h4>2. Inhalt des Arbeitsblattes &#8220;Zwei Interferomter&#8221;:<\/h4>\n<p>Das Arbeitsblatt gibt den grunds\u00e4tzlichen Aufbau eines Interferometers nach Mach und Zehnder sowie nach Michelson wieder. F\u00fcr beide Bauarten soll der Lichtweg bestimmt und diejenigen Stellen markiert werden, an denen Polarisatoren zur Bestimmung der Weginformation aufgestellt werden m\u00fcssen.<\/p>\n<p>Hier k\u00f6nnen Sie sich das Arbeitsblatt\u00a0<a href=\"\/data\/_uploaded\/image\/arbeitsblaetter\/2interfer.pdf\" >&#8220;Zwei Interferometer&#8221;<\/a>\u00a0als pdf-Dokument herunterladen.<\/p>\n","protected":false},"excerpt":{"rendered":"<p>Diese Arbeitsbl\u00e4tter wurden von J. K\u00fcblbeck aus Ludwigsburg erstellt. 1. Inhalt des Arbeitsblattes &#8220;Das Interferometer&#8221;: Arbeitsanweisungen und Fragen zum Interferometer. Hier k\u00f6nnen Sie sich das Arbeitsblatt\u00a0&#8220;Das Interferometer&#8221;\u00a0als pdf-Dokument herunterladen. 2. Inhalt des Arbeitsblattes &#8220;Zwei Interferomter&#8221;: Das Arbeitsblatt gibt den grunds\u00e4tzlichen Aufbau eines Interferometers nach Mach und Zehnder sowie nach Michelson wieder. F\u00fcr beide Bauarten soll&hellip; <a href=\"https:\/\/www.milq.info\/en\/a2_arbeitsblaetter_zum_interferometer-2\/\" class=\"more-link\">Continue reading <span class=\"screen-reader-text\">Arbeitsbl\u00e4tter zum Interferometer<\/span><\/a><\/p>\n","protected":false},"author":5,"featured_media":0,"parent":0,"menu_order":0,"comment_status":"closed","ping_status":"closed","template":"","meta":{"footnotes":""},"class_list":["post-527","page","type-page","status-publish","hentry","without-featured-image"],"yoast_head":"<!-- This site is optimized with the Yoast SEO plugin v27.3 - https:\/\/yoast.com\/product\/yoast-seo-wordpress\/ -->\n<title>Arbeitsbl\u00e4tter zum Interferometer - milq<\/title>\n<meta name=\"robots\" content=\"index, follow, max-snippet:-1, max-image-preview:large, max-video-preview:-1\" \/>\n<link rel=\"canonical\" href=\"https:\/\/www.milq.info\/a2_arbeitsblaetter_zum_interferometer-2\/\" \/>\n<meta property=\"og:locale\" content=\"en_US\" \/>\n<meta property=\"og:type\" content=\"article\" \/>\n<meta property=\"og:title\" content=\"Arbeitsbl\u00e4tter zum Interferometer - milq\" \/>\n<meta property=\"og:description\" content=\"Diese Arbeitsbl\u00e4tter wurden von J. K\u00fcblbeck aus Ludwigsburg erstellt. 1. Inhalt des Arbeitsblattes &#8220;Das Interferometer&#8221;: Arbeitsanweisungen und Fragen zum Interferometer. Hier k\u00f6nnen Sie sich das Arbeitsblatt\u00a0&#8220;Das Interferometer&#8221;\u00a0als pdf-Dokument herunterladen. 2. Inhalt des Arbeitsblattes &#8220;Zwei Interferomter&#8221;: Das Arbeitsblatt gibt den grunds\u00e4tzlichen Aufbau eines Interferometers nach Mach und Zehnder sowie nach Michelson wieder. F\u00fcr beide Bauarten soll&hellip; Continue reading Arbeitsbl\u00e4tter zum Interferometer\" \/>\n<meta property=\"og:url\" content=\"https:\/\/www.milq.info\/a2_arbeitsblaetter_zum_interferometer-2\/\" \/>\n<meta property=\"og:site_name\" content=\"milq\" \/>\n<meta property=\"article:modified_time\" content=\"2018-04-23T19:37:23+00:00\" \/>\n<meta name=\"twitter:card\" content=\"summary_large_image\" \/>\n<script type=\"application\/ld+json\" class=\"yoast-schema-graph\">{\"@context\":\"https:\\\/\\\/schema.org\",\"@graph\":[{\"@type\":\"WebPage\",\"@id\":\"https:\\\/\\\/www.milq.info\\\/a2_arbeitsblaetter_zum_interferometer-2\\\/\",\"url\":\"https:\\\/\\\/www.milq.info\\\/a2_arbeitsblaetter_zum_interferometer-2\\\/\",\"name\":\"Arbeitsbl\u00e4tter zum Interferometer - milq\",\"isPartOf\":{\"@id\":\"https:\\\/\\\/www.milq.info\\\/#website\"},\"datePublished\":\"2018-04-23T19:36:49+00:00\",\"dateModified\":\"2018-04-23T19:37:23+00:00\",\"breadcrumb\":{\"@id\":\"https:\\\/\\\/www.milq.info\\\/a2_arbeitsblaetter_zum_interferometer-2\\\/#breadcrumb\"},\"inLanguage\":\"en-US\",\"potentialAction\":[{\"@type\":\"ReadAction\",\"target\":[\"https:\\\/\\\/www.milq.info\\\/a2_arbeitsblaetter_zum_interferometer-2\\\/\"]}]},{\"@type\":\"BreadcrumbList\",\"@id\":\"https:\\\/\\\/www.milq.info\\\/a2_arbeitsblaetter_zum_interferometer-2\\\/#breadcrumb\",\"itemListElement\":[{\"@type\":\"ListItem\",\"position\":1,\"name\":\"Startseite\",\"item\":\"https:\\\/\\\/www.milq.info\\\/\"},{\"@type\":\"ListItem\",\"position\":2,\"name\":\"Arbeitsbl\u00e4tter zum Interferometer\"}]},{\"@type\":\"WebSite\",\"@id\":\"https:\\\/\\\/www.milq.info\\\/#website\",\"url\":\"https:\\\/\\\/www.milq.info\\\/\",\"name\":\"milq\",\"description\":\"Quantenphysik in der Schule\",\"potentialAction\":[{\"@type\":\"SearchAction\",\"target\":{\"@type\":\"EntryPoint\",\"urlTemplate\":\"https:\\\/\\\/www.milq.info\\\/?s={search_term_string}\"},\"query-input\":{\"@type\":\"PropertyValueSpecification\",\"valueRequired\":true,\"valueName\":\"search_term_string\"}}],\"inLanguage\":\"en-US\"}]}<\/script>\n<!-- \/ Yoast SEO plugin. -->","yoast_head_json":{"title":"Arbeitsbl\u00e4tter zum Interferometer - milq","robots":{"index":"index","follow":"follow","max-snippet":"max-snippet:-1","max-image-preview":"max-image-preview:large","max-video-preview":"max-video-preview:-1"},"canonical":"https:\/\/www.milq.info\/a2_arbeitsblaetter_zum_interferometer-2\/","og_locale":"en_US","og_type":"article","og_title":"Arbeitsbl\u00e4tter zum Interferometer - milq","og_description":"Diese Arbeitsbl\u00e4tter wurden von J. K\u00fcblbeck aus Ludwigsburg erstellt. 1. Inhalt des Arbeitsblattes &#8220;Das Interferometer&#8221;: Arbeitsanweisungen und Fragen zum Interferometer. Hier k\u00f6nnen Sie sich das Arbeitsblatt\u00a0&#8220;Das Interferometer&#8221;\u00a0als pdf-Dokument herunterladen. 2. Inhalt des Arbeitsblattes &#8220;Zwei Interferomter&#8221;: Das Arbeitsblatt gibt den grunds\u00e4tzlichen Aufbau eines Interferometers nach Mach und Zehnder sowie nach Michelson wieder. F\u00fcr beide Bauarten soll&hellip; Continue reading Arbeitsbl\u00e4tter zum Interferometer","og_url":"https:\/\/www.milq.info\/a2_arbeitsblaetter_zum_interferometer-2\/","og_site_name":"milq","article_modified_time":"2018-04-23T19:37:23+00:00","twitter_card":"summary_large_image","schema":{"@context":"https:\/\/schema.org","@graph":[{"@type":"WebPage","@id":"https:\/\/www.milq.info\/a2_arbeitsblaetter_zum_interferometer-2\/","url":"https:\/\/www.milq.info\/a2_arbeitsblaetter_zum_interferometer-2\/","name":"Arbeitsbl\u00e4tter zum Interferometer - milq","isPartOf":{"@id":"https:\/\/www.milq.info\/#website"},"datePublished":"2018-04-23T19:36:49+00:00","dateModified":"2018-04-23T19:37:23+00:00","breadcrumb":{"@id":"https:\/\/www.milq.info\/a2_arbeitsblaetter_zum_interferometer-2\/#breadcrumb"},"inLanguage":"en-US","potentialAction":[{"@type":"ReadAction","target":["https:\/\/www.milq.info\/a2_arbeitsblaetter_zum_interferometer-2\/"]}]},{"@type":"BreadcrumbList","@id":"https:\/\/www.milq.info\/a2_arbeitsblaetter_zum_interferometer-2\/#breadcrumb","itemListElement":[{"@type":"ListItem","position":1,"name":"Startseite","item":"https:\/\/www.milq.info\/"},{"@type":"ListItem","position":2,"name":"Arbeitsbl\u00e4tter zum Interferometer"}]},{"@type":"WebSite","@id":"https:\/\/www.milq.info\/#website","url":"https:\/\/www.milq.info\/","name":"milq","description":"Quantenphysik in der Schule","potentialAction":[{"@type":"SearchAction","target":{"@type":"EntryPoint","urlTemplate":"https:\/\/www.milq.info\/?s={search_term_string}"},"query-input":{"@type":"PropertyValueSpecification","valueRequired":true,"valueName":"search_term_string"}}],"inLanguage":"en-US"}]}},"_links":{"self":[{"href":"https:\/\/www.milq.info\/en\/wp-json\/wp\/v2\/pages\/527","targetHints":{"allow":["GET"]}}],"collection":[{"href":"https:\/\/www.milq.info\/en\/wp-json\/wp\/v2\/pages"}],"about":[{"href":"https:\/\/www.milq.info\/en\/wp-json\/wp\/v2\/types\/page"}],"author":[{"embeddable":true,"href":"https:\/\/www.milq.info\/en\/wp-json\/wp\/v2\/users\/5"}],"replies":[{"embeddable":true,"href":"https:\/\/www.milq.info\/en\/wp-json\/wp\/v2\/comments?post=527"}],"version-history":[{"count":3,"href":"https:\/\/www.milq.info\/en\/wp-json\/wp\/v2\/pages\/527\/revisions"}],"predecessor-version":[{"id":530,"href":"https:\/\/www.milq.info\/en\/wp-json\/wp\/v2\/pages\/527\/revisions\/530"}],"wp:attachment":[{"href":"https:\/\/www.milq.info\/en\/wp-json\/wp\/v2\/media?parent=527"}],"curies":[{"name":"wp","href":"https:\/\/api.w.org\/{rel}","templated":true}]}}