{"id":520,"date":"2018-04-23T19:19:23","date_gmt":"2018-04-23T19:19:23","guid":{"rendered":"http:\/\/www.milq.info\/?page_id=520"},"modified":"2018-04-23T19:19:52","modified_gmt":"2018-04-23T19:19:52","slug":"m7_enstehungs_des_interferenzmusters-2","status":"publish","type":"page","link":"https:\/\/www.milq.info\/en\/m7_enstehungs_des_interferenzmusters-2\/","title":{"rendered":"Wie kommt das Interferenzmuster zustande?"},"content":{"rendered":"<div id=\"bsf_rt_marker\"><\/div><p>Auf den ersten Blick ist es nicht ganz einfach zu verstehen, wie das Interferenzmuster im Mach-Zehnder-Interferometer zustande kommt. Die folgenden Bemerkungen k\u00f6nnen das Verst\u00e4ndnis des Experiments erleichtern:<\/p>\n<ul>\n<li><strong>1. Divergierender Laserstrahl<\/strong><br \/>\nEin idealer Laser beleuchtet nur einen sehr kleinen Fleck auf dem Schirm. Um Interferenzmuster sehen zu k\u00f6nnen, muss der Strahl aufgeweitet werden. Dies geschieht entweder schon allein durch Beugungsph\u00e4nomene an der Laser\u00f6ffnung oder durch eine Linse mit einer langen Brennweite. Deshalb ist das Lichtb\u00fcndel nicht parallel, sondern divergiert leicht.<\/li>\n<\/ul>\n<ul>\n<li><strong>2. Unterschiedliche Wegl\u00e4ngen<\/strong><br \/>\nDas hier gezeigte Interferenzmuster entsteht nur, wenn die Wegl\u00e4ngen in den beiden Interferometerarmen leicht unterschiedlich sind. Das ist in der Praxis stets erf\u00fcllt, wenn man das Interferometer nicht mit gro\u00dfem Aufwand justiert.<\/li>\n<\/ul>\n<ul>\n<li><strong>3. Konstruktion des Interferenzmusters<\/strong><br \/>\nDas Zustandekommen des Interferenzmusters ist mit der folgenden Konstruktion leicht zu verstehen: Man konstruiert die Spiegelbilder der Lichtquelle f\u00fcr beide Wege und erh\u00e4lt so einen &#8220;Ersatzstrahlengang&#8221;: zwei Lichtquellen auf einer Achse (Abb. unten). Wegen der unterschiedlichen Wegl\u00e4ngen in den beiden Armen haben die beiden Lichtquellen einen kleinen Abstand voneinander. Der Abstand der beiden Lichtquellen ist gleich der Wegl\u00e4ngendifferenz der beiden Arme.<\/li>\n<\/ul>\n<p>Die \u00dcberlagerung der beiden von den &#8220;Ersatzlichtquellen&#8221; ausgehenden Lichtb\u00fcndel f\u00fchrt zum kreisf\u00f6rmigen Interferenzmuster, das auf dem Schirm beobachtet wird.<\/p>\n<p><img decoding=\"async\" src=\"\/data\/_uploaded\/image\/stories\/mzersatz.gif\" alt=\"\" \/><\/p>\n","protected":false},"excerpt":{"rendered":"<p>Auf den ersten Blick ist es nicht ganz einfach zu verstehen, wie das Interferenzmuster im Mach-Zehnder-Interferometer zustande kommt. Die folgenden Bemerkungen k\u00f6nnen das Verst\u00e4ndnis des Experiments erleichtern: 1. Divergierender Laserstrahl Ein idealer Laser beleuchtet nur einen sehr kleinen Fleck auf dem Schirm. Um Interferenzmuster sehen zu k\u00f6nnen, muss der Strahl aufgeweitet werden. Dies geschieht entweder&hellip; <a href=\"https:\/\/www.milq.info\/en\/m7_enstehungs_des_interferenzmusters-2\/\" class=\"more-link\">Continue reading <span class=\"screen-reader-text\">Wie kommt das Interferenzmuster zustande?<\/span><\/a><\/p>\n","protected":false},"author":5,"featured_media":0,"parent":0,"menu_order":0,"comment_status":"closed","ping_status":"closed","template":"","meta":{"footnotes":""},"class_list":["post-520","page","type-page","status-publish","hentry","without-featured-image"],"yoast_head":"<!-- This site is optimized with the Yoast SEO plugin v27.3 - https:\/\/yoast.com\/product\/yoast-seo-wordpress\/ -->\n<title>Wie kommt das Interferenzmuster zustande? - milq<\/title>\n<meta name=\"robots\" content=\"index, follow, max-snippet:-1, max-image-preview:large, max-video-preview:-1\" \/>\n<link rel=\"canonical\" href=\"https:\/\/www.milq.info\/m7_enstehungs_des_interferenzmusters-2\/\" \/>\n<meta property=\"og:locale\" content=\"en_US\" \/>\n<meta property=\"og:type\" content=\"article\" \/>\n<meta property=\"og:title\" content=\"Wie kommt das Interferenzmuster zustande? - milq\" \/>\n<meta property=\"og:description\" content=\"Auf den ersten Blick ist es nicht ganz einfach zu verstehen, wie das Interferenzmuster im Mach-Zehnder-Interferometer zustande kommt. Die folgenden Bemerkungen k\u00f6nnen das Verst\u00e4ndnis des Experiments erleichtern: 1. Divergierender Laserstrahl Ein idealer Laser beleuchtet nur einen sehr kleinen Fleck auf dem Schirm. Um Interferenzmuster sehen zu k\u00f6nnen, muss der Strahl aufgeweitet werden. Dies geschieht entweder&hellip; Continue reading Wie kommt das Interferenzmuster zustande?\" \/>\n<meta property=\"og:url\" content=\"https:\/\/www.milq.info\/m7_enstehungs_des_interferenzmusters-2\/\" \/>\n<meta property=\"og:site_name\" content=\"milq\" \/>\n<meta property=\"article:modified_time\" content=\"2018-04-23T19:19:52+00:00\" \/>\n<meta property=\"og:image\" content=\"https:\/\/www.milq.info\/data\/_uploaded\/image\/stories\/mzersatz.gif\" \/>\n<meta name=\"twitter:card\" content=\"summary_large_image\" \/>\n<meta name=\"twitter:label1\" content=\"Est. reading time\" \/>\n\t<meta name=\"twitter:data1\" content=\"1 minute\" \/>\n<script type=\"application\/ld+json\" class=\"yoast-schema-graph\">{\"@context\":\"https:\\\/\\\/schema.org\",\"@graph\":[{\"@type\":\"WebPage\",\"@id\":\"https:\\\/\\\/www.milq.info\\\/m7_enstehungs_des_interferenzmusters-2\\\/\",\"url\":\"https:\\\/\\\/www.milq.info\\\/m7_enstehungs_des_interferenzmusters-2\\\/\",\"name\":\"Wie kommt das Interferenzmuster zustande? - milq\",\"isPartOf\":{\"@id\":\"https:\\\/\\\/www.milq.info\\\/#website\"},\"datePublished\":\"2018-04-23T19:19:23+00:00\",\"dateModified\":\"2018-04-23T19:19:52+00:00\",\"breadcrumb\":{\"@id\":\"https:\\\/\\\/www.milq.info\\\/m7_enstehungs_des_interferenzmusters-2\\\/#breadcrumb\"},\"inLanguage\":\"en-US\",\"potentialAction\":[{\"@type\":\"ReadAction\",\"target\":[\"https:\\\/\\\/www.milq.info\\\/m7_enstehungs_des_interferenzmusters-2\\\/\"]}]},{\"@type\":\"BreadcrumbList\",\"@id\":\"https:\\\/\\\/www.milq.info\\\/m7_enstehungs_des_interferenzmusters-2\\\/#breadcrumb\",\"itemListElement\":[{\"@type\":\"ListItem\",\"position\":1,\"name\":\"Startseite\",\"item\":\"https:\\\/\\\/www.milq.info\\\/\"},{\"@type\":\"ListItem\",\"position\":2,\"name\":\"Wie kommt das Interferenzmuster zustande?\"}]},{\"@type\":\"WebSite\",\"@id\":\"https:\\\/\\\/www.milq.info\\\/#website\",\"url\":\"https:\\\/\\\/www.milq.info\\\/\",\"name\":\"milq\",\"description\":\"Quantenphysik in der Schule\",\"potentialAction\":[{\"@type\":\"SearchAction\",\"target\":{\"@type\":\"EntryPoint\",\"urlTemplate\":\"https:\\\/\\\/www.milq.info\\\/?s={search_term_string}\"},\"query-input\":{\"@type\":\"PropertyValueSpecification\",\"valueRequired\":true,\"valueName\":\"search_term_string\"}}],\"inLanguage\":\"en-US\"}]}<\/script>\n<!-- \/ Yoast SEO plugin. -->","yoast_head_json":{"title":"Wie kommt das Interferenzmuster zustande? - milq","robots":{"index":"index","follow":"follow","max-snippet":"max-snippet:-1","max-image-preview":"max-image-preview:large","max-video-preview":"max-video-preview:-1"},"canonical":"https:\/\/www.milq.info\/m7_enstehungs_des_interferenzmusters-2\/","og_locale":"en_US","og_type":"article","og_title":"Wie kommt das Interferenzmuster zustande? - milq","og_description":"Auf den ersten Blick ist es nicht ganz einfach zu verstehen, wie das Interferenzmuster im Mach-Zehnder-Interferometer zustande kommt. Die folgenden Bemerkungen k\u00f6nnen das Verst\u00e4ndnis des Experiments erleichtern: 1. Divergierender Laserstrahl Ein idealer Laser beleuchtet nur einen sehr kleinen Fleck auf dem Schirm. Um Interferenzmuster sehen zu k\u00f6nnen, muss der Strahl aufgeweitet werden. Dies geschieht entweder&hellip; Continue reading Wie kommt das Interferenzmuster zustande?","og_url":"https:\/\/www.milq.info\/m7_enstehungs_des_interferenzmusters-2\/","og_site_name":"milq","article_modified_time":"2018-04-23T19:19:52+00:00","og_image":[{"url":"https:\/\/www.milq.info\/data\/_uploaded\/image\/stories\/mzersatz.gif","type":"","width":"","height":""}],"twitter_card":"summary_large_image","twitter_misc":{"Est. reading time":"1 minute"},"schema":{"@context":"https:\/\/schema.org","@graph":[{"@type":"WebPage","@id":"https:\/\/www.milq.info\/m7_enstehungs_des_interferenzmusters-2\/","url":"https:\/\/www.milq.info\/m7_enstehungs_des_interferenzmusters-2\/","name":"Wie kommt das Interferenzmuster zustande? - milq","isPartOf":{"@id":"https:\/\/www.milq.info\/#website"},"datePublished":"2018-04-23T19:19:23+00:00","dateModified":"2018-04-23T19:19:52+00:00","breadcrumb":{"@id":"https:\/\/www.milq.info\/m7_enstehungs_des_interferenzmusters-2\/#breadcrumb"},"inLanguage":"en-US","potentialAction":[{"@type":"ReadAction","target":["https:\/\/www.milq.info\/m7_enstehungs_des_interferenzmusters-2\/"]}]},{"@type":"BreadcrumbList","@id":"https:\/\/www.milq.info\/m7_enstehungs_des_interferenzmusters-2\/#breadcrumb","itemListElement":[{"@type":"ListItem","position":1,"name":"Startseite","item":"https:\/\/www.milq.info\/"},{"@type":"ListItem","position":2,"name":"Wie kommt das Interferenzmuster zustande?"}]},{"@type":"WebSite","@id":"https:\/\/www.milq.info\/#website","url":"https:\/\/www.milq.info\/","name":"milq","description":"Quantenphysik in der Schule","potentialAction":[{"@type":"SearchAction","target":{"@type":"EntryPoint","urlTemplate":"https:\/\/www.milq.info\/?s={search_term_string}"},"query-input":{"@type":"PropertyValueSpecification","valueRequired":true,"valueName":"search_term_string"}}],"inLanguage":"en-US"}]}},"_links":{"self":[{"href":"https:\/\/www.milq.info\/en\/wp-json\/wp\/v2\/pages\/520","targetHints":{"allow":["GET"]}}],"collection":[{"href":"https:\/\/www.milq.info\/en\/wp-json\/wp\/v2\/pages"}],"about":[{"href":"https:\/\/www.milq.info\/en\/wp-json\/wp\/v2\/types\/page"}],"author":[{"embeddable":true,"href":"https:\/\/www.milq.info\/en\/wp-json\/wp\/v2\/users\/5"}],"replies":[{"embeddable":true,"href":"https:\/\/www.milq.info\/en\/wp-json\/wp\/v2\/comments?post=520"}],"version-history":[{"count":3,"href":"https:\/\/www.milq.info\/en\/wp-json\/wp\/v2\/pages\/520\/revisions"}],"predecessor-version":[{"id":523,"href":"https:\/\/www.milq.info\/en\/wp-json\/wp\/v2\/pages\/520\/revisions\/523"}],"wp:attachment":[{"href":"https:\/\/www.milq.info\/en\/wp-json\/wp\/v2\/media?parent=520"}],"curies":[{"name":"wp","href":"https:\/\/api.w.org\/{rel}","templated":true}]}}