{"id":509,"date":"2018-04-23T18:43:30","date_gmt":"2018-04-23T18:43:30","guid":{"rendered":"http:\/\/www.milq.info\/?page_id=509"},"modified":"2018-04-23T18:43:40","modified_gmt":"2018-04-23T18:43:40","slug":"loesungshilfe_m116","status":"publish","type":"page","link":"https:\/\/www.milq.info\/en\/loesungshilfe_m116\/","title":{"rendered":"L\u00f6sungshilfe f\u00fcr Aufgabe 6, Modul 1.1"},"content":{"rendered":"<div id=\"bsf_rt_marker\"><\/div><p>Die Elektronen erhalten kinetische Energie (E<sub>kin<\/sub>\u00a0= \u00bd m\u0387v\u00b2) durch die Energie des elektrischen Feldes in der R\u00f6hre (W<sub>el<\/sub>\u00a0= e\u2219U).<\/p>\n<p>Damit kann man den Impuls (p = m\u2219v) berechnen!<\/p>\n<p>Zum Vergleich der Gr\u00f6\u00dfen schaue man sich p gegen\u00fcber 1\/\u03bb an.<\/p>\n","protected":false},"excerpt":{"rendered":"<p>Die Elektronen erhalten kinetische Energie (Ekin\u00a0= \u00bd m\u0387v\u00b2) durch die Energie des elektrischen Feldes in der R\u00f6hre (Wel\u00a0= e\u2219U). Damit kann man den Impuls (p = m\u2219v) berechnen! Zum Vergleich der Gr\u00f6\u00dfen schaue man sich p gegen\u00fcber 1\/\u03bb an.<\/p>\n","protected":false},"author":5,"featured_media":0,"parent":0,"menu_order":0,"comment_status":"closed","ping_status":"closed","template":"","meta":{"footnotes":""},"class_list":["post-509","page","type-page","status-publish","hentry","without-featured-image"],"yoast_head":"<!-- This site is optimized with the Yoast SEO plugin v27.3 - https:\/\/yoast.com\/product\/yoast-seo-wordpress\/ -->\n<title>L\u00f6sungshilfe f\u00fcr Aufgabe 6, Modul 1.1 - milq<\/title>\n<meta name=\"robots\" content=\"index, follow, max-snippet:-1, max-image-preview:large, max-video-preview:-1\" \/>\n<link rel=\"canonical\" href=\"https:\/\/www.milq.info\/loesungshilfe_m116\/\" \/>\n<meta property=\"og:locale\" content=\"en_US\" \/>\n<meta property=\"og:type\" content=\"article\" \/>\n<meta property=\"og:title\" content=\"L\u00f6sungshilfe f\u00fcr Aufgabe 6, Modul 1.1 - milq\" \/>\n<meta property=\"og:description\" content=\"Die Elektronen erhalten kinetische Energie (Ekin\u00a0= \u00bd m\u0387v\u00b2) durch die Energie des elektrischen Feldes in der R\u00f6hre (Wel\u00a0= e\u2219U). Damit kann man den Impuls (p = m\u2219v) berechnen! Zum Vergleich der Gr\u00f6\u00dfen schaue man sich p gegen\u00fcber 1\/\u03bb an.\" \/>\n<meta property=\"og:url\" content=\"https:\/\/www.milq.info\/loesungshilfe_m116\/\" \/>\n<meta property=\"og:site_name\" content=\"milq\" \/>\n<meta property=\"article:modified_time\" content=\"2018-04-23T18:43:40+00:00\" \/>\n<meta name=\"twitter:card\" content=\"summary_large_image\" \/>\n<script type=\"application\/ld+json\" class=\"yoast-schema-graph\">{\"@context\":\"https:\\\/\\\/schema.org\",\"@graph\":[{\"@type\":\"WebPage\",\"@id\":\"https:\\\/\\\/www.milq.info\\\/loesungshilfe_m116\\\/\",\"url\":\"https:\\\/\\\/www.milq.info\\\/loesungshilfe_m116\\\/\",\"name\":\"L\u00f6sungshilfe f\u00fcr Aufgabe 6, Modul 1.1 - milq\",\"isPartOf\":{\"@id\":\"https:\\\/\\\/www.milq.info\\\/#website\"},\"datePublished\":\"2018-04-23T18:43:30+00:00\",\"dateModified\":\"2018-04-23T18:43:40+00:00\",\"breadcrumb\":{\"@id\":\"https:\\\/\\\/www.milq.info\\\/loesungshilfe_m116\\\/#breadcrumb\"},\"inLanguage\":\"en-US\",\"potentialAction\":[{\"@type\":\"ReadAction\",\"target\":[\"https:\\\/\\\/www.milq.info\\\/loesungshilfe_m116\\\/\"]}]},{\"@type\":\"BreadcrumbList\",\"@id\":\"https:\\\/\\\/www.milq.info\\\/loesungshilfe_m116\\\/#breadcrumb\",\"itemListElement\":[{\"@type\":\"ListItem\",\"position\":1,\"name\":\"Startseite\",\"item\":\"https:\\\/\\\/www.milq.info\\\/\"},{\"@type\":\"ListItem\",\"position\":2,\"name\":\"L\u00f6sungshilfe f\u00fcr Aufgabe 6, Modul 1.1\"}]},{\"@type\":\"WebSite\",\"@id\":\"https:\\\/\\\/www.milq.info\\\/#website\",\"url\":\"https:\\\/\\\/www.milq.info\\\/\",\"name\":\"milq\",\"description\":\"Quantenphysik in der Schule\",\"potentialAction\":[{\"@type\":\"SearchAction\",\"target\":{\"@type\":\"EntryPoint\",\"urlTemplate\":\"https:\\\/\\\/www.milq.info\\\/?s={search_term_string}\"},\"query-input\":{\"@type\":\"PropertyValueSpecification\",\"valueRequired\":true,\"valueName\":\"search_term_string\"}}],\"inLanguage\":\"en-US\"}]}<\/script>\n<!-- \/ Yoast SEO plugin. -->","yoast_head_json":{"title":"L\u00f6sungshilfe f\u00fcr Aufgabe 6, Modul 1.1 - milq","robots":{"index":"index","follow":"follow","max-snippet":"max-snippet:-1","max-image-preview":"max-image-preview:large","max-video-preview":"max-video-preview:-1"},"canonical":"https:\/\/www.milq.info\/loesungshilfe_m116\/","og_locale":"en_US","og_type":"article","og_title":"L\u00f6sungshilfe f\u00fcr Aufgabe 6, Modul 1.1 - milq","og_description":"Die Elektronen erhalten kinetische Energie (Ekin\u00a0= \u00bd m\u0387v\u00b2) durch die Energie des elektrischen Feldes in der R\u00f6hre (Wel\u00a0= e\u2219U). Damit kann man den Impuls (p = m\u2219v) berechnen! Zum Vergleich der Gr\u00f6\u00dfen schaue man sich p gegen\u00fcber 1\/\u03bb an.","og_url":"https:\/\/www.milq.info\/loesungshilfe_m116\/","og_site_name":"milq","article_modified_time":"2018-04-23T18:43:40+00:00","twitter_card":"summary_large_image","schema":{"@context":"https:\/\/schema.org","@graph":[{"@type":"WebPage","@id":"https:\/\/www.milq.info\/loesungshilfe_m116\/","url":"https:\/\/www.milq.info\/loesungshilfe_m116\/","name":"L\u00f6sungshilfe f\u00fcr Aufgabe 6, Modul 1.1 - milq","isPartOf":{"@id":"https:\/\/www.milq.info\/#website"},"datePublished":"2018-04-23T18:43:30+00:00","dateModified":"2018-04-23T18:43:40+00:00","breadcrumb":{"@id":"https:\/\/www.milq.info\/loesungshilfe_m116\/#breadcrumb"},"inLanguage":"en-US","potentialAction":[{"@type":"ReadAction","target":["https:\/\/www.milq.info\/loesungshilfe_m116\/"]}]},{"@type":"BreadcrumbList","@id":"https:\/\/www.milq.info\/loesungshilfe_m116\/#breadcrumb","itemListElement":[{"@type":"ListItem","position":1,"name":"Startseite","item":"https:\/\/www.milq.info\/"},{"@type":"ListItem","position":2,"name":"L\u00f6sungshilfe f\u00fcr Aufgabe 6, Modul 1.1"}]},{"@type":"WebSite","@id":"https:\/\/www.milq.info\/#website","url":"https:\/\/www.milq.info\/","name":"milq","description":"Quantenphysik in der Schule","potentialAction":[{"@type":"SearchAction","target":{"@type":"EntryPoint","urlTemplate":"https:\/\/www.milq.info\/?s={search_term_string}"},"query-input":{"@type":"PropertyValueSpecification","valueRequired":true,"valueName":"search_term_string"}}],"inLanguage":"en-US"}]}},"_links":{"self":[{"href":"https:\/\/www.milq.info\/en\/wp-json\/wp\/v2\/pages\/509","targetHints":{"allow":["GET"]}}],"collection":[{"href":"https:\/\/www.milq.info\/en\/wp-json\/wp\/v2\/pages"}],"about":[{"href":"https:\/\/www.milq.info\/en\/wp-json\/wp\/v2\/types\/page"}],"author":[{"embeddable":true,"href":"https:\/\/www.milq.info\/en\/wp-json\/wp\/v2\/users\/5"}],"replies":[{"embeddable":true,"href":"https:\/\/www.milq.info\/en\/wp-json\/wp\/v2\/comments?post=509"}],"version-history":[{"count":2,"href":"https:\/\/www.milq.info\/en\/wp-json\/wp\/v2\/pages\/509\/revisions"}],"predecessor-version":[{"id":511,"href":"https:\/\/www.milq.info\/en\/wp-json\/wp\/v2\/pages\/509\/revisions\/511"}],"wp:attachment":[{"href":"https:\/\/www.milq.info\/en\/wp-json\/wp\/v2\/media?parent=509"}],"curies":[{"name":"wp","href":"https:\/\/api.w.org\/{rel}","templated":true}]}}