{"id":294,"date":"2018-04-23T07:44:38","date_gmt":"2018-04-23T07:44:38","guid":{"rendered":"http:\/\/www.milq.info\/?page_id=294"},"modified":"2026-04-10T07:37:42","modified_gmt":"2026-04-10T05:37:42","slug":"m46_aktualitaet_des_bohrschen_atommodells","status":"publish","type":"page","link":"https:\/\/www.milq.info\/en\/m46_aktualitaet_des_bohrschen_atommodells\/","title":{"rendered":"Aktualit\u00e4t des Bohr\u00b4schen Atommodells"},"content":{"rendered":"<div id=\"bsf_rt_marker\"><\/div><p><\/p>\n<div id=\"content\">\n<div id=\"gpx_content\" class=\"filenum-84 cf\">\n<div class=\"GPAREA filetype-text\">\n<h3>Ist das Bohr\u00b4sche Atommodell noch zeitgem\u00e4\u00df?<\/h3>\n<p>Es stellt sich die Frage, warum das Bohr\u00b4sche Atommodell von 1913 &#8211; auch nach dem 100-j\u00e4hrigen Bestehen der Quantenmechanik &#8211; noch immer diesen gro\u00dfen Stellenwert in der Schule einnimmt.<\/p>\n<p>Eine didaktisch sehr ergiebige Auseinandersetzung mit den Argumenten f\u00fcr die Behandlung des Bohr\u00b4schen Atommodells in der Schule hat G. Sauer geliefert, die wir hier zitieren: &#8220;Didaktische Aspekte des Bohrschen Atommodells&#8221; (in: Quantenphysik in der Schule, S.69ff):<\/p>\n<p>* Die Darstellung des Bohrschen Atommodells gibt einen Einblick in einen Abschnitt der Geschichte der Quantenmechanik.<\/p>\n<p>Zu dieser Funktion ist kritisch nur zu bemerken, dass das Planetenmodell aus dem Jahr 1913 als eine recht kurzlebige Vorstufe der Quantentheorie anzusehen ist, deren physikgeschichtliche Bedeutung nicht \u00fcbersch\u00e4tzt werden sollte. F\u00fcr eine Darstellung von Physikgeschichte ist eine im wesentlichen verbale Behandlung schon ausreichend. Wird das Wasserstoffatom wie bei BADER (1972) erst auf einem fortgeschrittenem Niveau nach Einf\u00fchrung der elementaren Quantenmechanik betrachtet, kann das Modell durch eine kritische Kommentierung in die sp\u00e4tere Entwicklung der Quantentheorie eingeordnet werden. Unter physikhistorischen Aspekten erscheint es mir kaum sinnvoll, die Weiterentwicklung zum BOHR-SOMMERFELD-Modell mit elliptischen Bahnen im Unterricht zu thematisieren. F\u00fcr die Geschichte der Physik steht im Unterricht ohnehin weniger Zeit zur Verf\u00fcgung, als man sich w\u00fcnscht, so dass man diesen knappen Raum sorgf\u00e4ltig verteilen muss.<\/p>\n<p>* Das Modell der auf bestimmten, erlaubten &#8220;Planetenbahnen&#8221; um den Atomkern laufenden Elektronen stellt eine einfache, anschauliche M\u00f6glichkeit dar, &#8220;eine F\u00fclle von Erfahrungstatsachen zu beschreiben und zu deuten&#8221; (H\u00f6fling 1976).<\/p>\n<p>Beschreiben kann das Modell nur die Energieniveaus, und dies in quantitativer Hinsicht auch nur beim Wasserstoffatom. Die Gesetzm\u00e4\u00dfigkeiten des Wasserstoffspektrums werden damit auf die Energiequantisierung zur\u00fcckgef\u00fchrt, und die RYDBERG-Konstante kann berechnet, d. h. durch universelle Naturkonstanten ausgedr\u00fcckt werden. Von einer Erkl\u00e4rung der beschriebenen Erfahrungstatsachen ist man im Rahmen des Planetenmodells weiter entfernt als etwa KEPLER von der Mechanik NEWTONs. Das Ma\u00df an Verst\u00e4ndnis der Physik der Atome, welchen das BOHRsche Atommodell den Sch\u00fclern vermitteln kann, vermag aus sich heraus noch nicht die besondere Rolle zu rechtfertigen, die ihm im Schulunterricht offenbar zugebilligt wird.<\/p>\n<p>Nat\u00fcrlich k\u00f6nnen Sch\u00fcler auch aus einer rein ph\u00e4nomenologischen Beschreibung der Atomphysik, ohne grundlegende Theorie, viel lernen. Didaktisch scheint es mir aber wichtig, ph\u00e4nomenologische Beschreibung von einer Modellerkl\u00e4rung oder einer Theorie klar auseinanderzuhalten.<\/p>\n<p>* Die Darstellung des BOHRschen Modells liefert eine Motivation (unter anderen) f\u00fcr die Einf\u00fchrung der Quantenmechanik.<\/p>\n<p>Motivierend kann sich dabei das Defizit hinsichtlich der Begr\u00fcndung der eingef\u00fchrten Postulate und das unverstandene Nebeneinander von klassischer Physik und Quantenbedingungen auswirken. Die Darstellung sollte dementsprechend den unbefriedigenden Status des Modells kritisch herausstellen.<\/p>\n<p>Eine Darstellung, die das Modell zun\u00e4chst \u00fcberstrapaziert und dann schlie\u00dflich die Grenzen des angeblich so erfolgreichen Modells als Grund f\u00fcr bessere Atommodelle ausgibt, wird die Notwendigkeit zur grundlegenden Revision der klassischen Physik eher verbergen denn klar hervortreten lassen.<\/p>\n<p>Der f\u00fcr den Sch\u00fcler wohl wesentliche Schritt von der klassischen Mechanik zur Quantenmechanik, n\u00e4mlich die Aufgabe der Vorstellung von Bewegung auf klassischen Bahnen, l\u00e4sst sich in der Schule beim Atom nicht \u00fcberzeugend begr\u00fcnden. Die wesentliche Motivation hierf\u00fcr wird durch die Diskussion der direkt beobachtbaren Welleneigenschaften der Materie (Beugung, Spaltversuche) geliefert. Die Elektronenbeugungsr\u00f6hre ist an dieser Stelle das wichigste Experiment in der Schule, um wellenhafte Eigenschaften bei Elektronenstrahlen vorzuf\u00fchren.<\/p>\n<p>In vielen Vorschl\u00e4gen werden Versuche aus der Wellenoptik parallel zu analogen Experimenten mit Elektronen betrachtet, wobei die Beobachtungen beim Licht mit der Photonenhypothese interpretiert werden. Als Beispiel sei der optische Biprismaversuch in Analogie zum M\u00d6LLENSTEDT-Experiment mit Elektronen genannt.<\/p>\n<p>* Die BOHRsche Theorie muss in der Schule die quantenmechanische Beschreibung des Atoms ersetzen, weil entweder diese als zu schwierig anzusehen ist oder nicht gen\u00fcgend Zeit zur Verf\u00fcgung steht.<\/p>\n<p>Sofern die Physik der Atome \u00fcberhaupt als notwendiger Teil der Schulphysik angesehen werden muss, kann man sich dieser Argumentation nur schwer verschlie\u00dfen, solange man selbst keine f\u00fcr die Mehrheit der Sch\u00fcler geeignete Quantenmechanik der Atome als Alternative anzubieten hat. Das bedeutet nicht unbedingt, dass auf die zur Quantenmechanik f\u00fchrenden Grundgedanken verzichtet werden muss. Es gibt aber einfachere, didaktisch sehr viel besser geeignete physikalische Systeme, um die Grundkonzepte der Quantenmechanik einzuf\u00fchren und zu erl\u00e4utern, als die Behandlung selbst des einfachsten Atoms.<\/p>\n<p>F\u00fcr die Schulphysik ist es vermutlich schon als wesentlicher Erfolg anzusehen, wenn mit Hilfe einiger Grundgedanken der Quantenmechanik die Stabilit\u00e4t des Atoms und die Energiequantisierung als solche plausibel gemacht werden k\u00f6nnen. Die Ableitung der Energiebereiche des Wasserstoffatoms ist dabei zumindest kein vorrangiges Ziel.<\/p>\n<p>* Die Behandlung des Bohrschen Atommodells im Physikunterricht kann den Sch\u00fcler in die Irre f\u00fchren.<\/p>\n<p>Wenn n\u00e4mlich die erlaubten Kreis- und Ellipsenbahnen eine wesentliche Rolle in der Darstellung spielen, k\u00f6nnen sich leicht &#8220;anschauliche&#8221; Bilder vom Atom beim Sch\u00fcler festsetzen, die nach unserem heutigen Erkenntnisstand sicher mit der Wirklichkeit wenig zu tun haben. So werden beispielsweise die Energiequantisierung und die zu den Spektren f\u00fchrenden Strahlungs\u00fcberg\u00e4nge \u00fcblicherweise in einem Energieniveauschema dargestellt. Die graphische Darstellung von entsprechenden Kreisbahnen oder gar die Darstellung des \u00dcbergangs in einem solchen Bild enth\u00e4lt nicht mehr Informationen als das Niveauschema, legt aber \u00fcberfl\u00fcssigerweise eine irref\u00fchrende Vorstellung nahe.<\/p>\n<p>Die Quantenphysik, die ja den Abschied von eingefahrenen Vorstellungen und Denkgewohnheiten verlangt, wird es immer sehr schwer haben, diese Vorstellungen wieder zu verdr\u00e4ngen. Die M\u00f6glichkeit, mit Energieniveaus anschauliche Bahnen assoziieren zu k\u00f6nnen, ist auch didaktisch eine Sackgasse. Muss man nicht davon ausgehen, dass dann von der Atomphysik bei den an der Physik weniger interessierten Sch\u00fclern nur das Bild von kreisenden Elektronen den Schulunterricht \u00fcberdauern wird?<\/p>\n<p>Zusammenfassend ziehe ich die Schlussfolgerung, dass die didaktische Leistungsf\u00e4higkeit des Bohrschen Atommodells, sofern dieses als Planetenmodell aus dem Jahr 1913 verstanden wird, kaum gr\u00f6\u00dfer als der wissenschaftliche Wert des Modells einzusch\u00e4tzen ist. Auf der anderen Seite ist man heute von einer schulgem\u00e4\u00dfen Elementarisierung noch so weit entfernt, dass das Bed\u00fcrfnis nach einer &#8220;Atomtheorie ohne Quantenmechanik&#8221; verst\u00e4ndlich ist. Diese negative Motivation scheint die einzig \u00fcberzeugende Begr\u00fcndung f\u00fcr alle quasiklassischen Atomtheorien im Unterricht.<\/p>\n<p>Folgende Vor- und Nachteile bei der Behandlung des Bohrschen Atommodells lassen sich zusammenfassen:<\/p>\n<p>Vorteile:<\/p>\n<p>* Leicht nachvollziehbar und vorstellbar f\u00fcr die Sch\u00fcler.<br \/>\n* Anhand der Postulate von Bohr k\u00f6nnen die weiteren Entwicklungen des Atomaufbaus erl\u00e4utert und damit auch die Grenzen des Modells gezeigt werden.<br \/>\n* Die Formel zur Berechnung der Energieniveaus kann anschaulich durch die &#8220;Schalen&#8221; begr\u00fcndet werden.<\/p>\n<p>Nachteile:<\/p>\n<p>* Fehlvorstellungen von einem Atom setzen sich beim Sch\u00fcler fest.<br \/>\n* Es besteht ein Unterschied zwischen Schul- und Universit\u00e4tsb\u00fcchern.<br \/>\n* Das Modell eignet sich nicht, um eine knappe, einfache \u00dcbersicht \u00fcber die Quantenmechanik zu geben (Modell war vor dem Entstehen der Quantenmechanik da).<br \/>\n* Es wird nicht klar, ob und warum ein Atom stabil ist.<br \/>\n* Dieses Modell entspricht nicht dem, welches in der Chemie verwendet wird.<br \/>\n* Zus\u00e4tzlich kann beim Bohrschen Atommodell bem\u00e4ngelt werden, dass in der Formel f\u00fcr den Drehimpuls L = n\u00a0\u00b7 h\/2\u03c0, mit n = 1,2,3,.. immer ein Wert ungleich Null herauskommt. In diesem Modell d\u00fcrfte es also keine s-Zust\u00e4nde geben.<\/p>\n<\/div>\n<\/div>\n<\/div>\n<p><\/p>","protected":false},"excerpt":{"rendered":"<p>Ist das Bohr\u00b4sche Atommodell noch zeitgem\u00e4\u00df? Es stellt sich die Frage, warum das Bohr\u00b4sche Atommodell von 1913 &#8211; auch nach dem 100-j\u00e4hrigen Bestehen der Quantenmechanik &#8211; noch immer diesen gro\u00dfen Stellenwert in der Schule einnimmt. Eine didaktisch sehr ergiebige Auseinandersetzung mit den Argumenten f\u00fcr die Behandlung des Bohr\u00b4schen Atommodells in der Schule hat G. Sauer&hellip; <a href=\"https:\/\/www.milq.info\/en\/m46_aktualitaet_des_bohrschen_atommodells\/\" class=\"more-link\">Continue reading <span class=\"screen-reader-text\">Aktualit\u00e4t des Bohr\u00b4schen Atommodells<\/span><\/a><\/p>\n","protected":false},"author":5,"featured_media":0,"parent":0,"menu_order":0,"comment_status":"closed","ping_status":"closed","template":"","meta":{"footnotes":""},"class_list":["post-294","page","type-page","status-publish","hentry","without-featured-image"],"yoast_head":"<!-- This site is optimized with the Yoast SEO plugin v27.4 - https:\/\/yoast.com\/product\/yoast-seo-wordpress\/ -->\n<title>Aktualit\u00e4t des Bohr\u00b4schen Atommodells - milq<\/title>\n<meta name=\"robots\" content=\"index, follow, max-snippet:-1, max-image-preview:large, max-video-preview:-1\" \/>\n<link rel=\"canonical\" href=\"https:\/\/www.milq.info\/m46_aktualitaet_des_bohrschen_atommodells\/\" \/>\n<meta property=\"og:locale\" content=\"en_US\" \/>\n<meta property=\"og:type\" content=\"article\" \/>\n<meta property=\"og:title\" content=\"Aktualit\u00e4t des Bohr\u00b4schen Atommodells - milq\" \/>\n<meta property=\"og:description\" content=\"Ist das Bohr\u00b4sche Atommodell noch zeitgem\u00e4\u00df? Es stellt sich die Frage, warum das Bohr\u00b4sche Atommodell von 1913 &#8211; auch nach dem 100-j\u00e4hrigen Bestehen der Quantenmechanik &#8211; noch immer diesen gro\u00dfen Stellenwert in der Schule einnimmt. Eine didaktisch sehr ergiebige Auseinandersetzung mit den Argumenten f\u00fcr die Behandlung des Bohr\u00b4schen Atommodells in der Schule hat G. Sauer&hellip; Continue reading Aktualit\u00e4t des Bohr\u00b4schen Atommodells\" \/>\n<meta property=\"og:url\" content=\"https:\/\/www.milq.info\/m46_aktualitaet_des_bohrschen_atommodells\/\" \/>\n<meta property=\"og:site_name\" content=\"milq\" \/>\n<meta property=\"article:modified_time\" content=\"2026-04-10T05:37:42+00:00\" \/>\n<meta name=\"twitter:card\" content=\"summary_large_image\" \/>\n<meta name=\"twitter:label1\" content=\"Est. reading time\" \/>\n\t<meta name=\"twitter:data1\" content=\"13 minutes\" \/>\n<script type=\"application\/ld+json\" class=\"yoast-schema-graph\">{\"@context\":\"https:\\\/\\\/schema.org\",\"@graph\":[{\"@type\":\"WebPage\",\"@id\":\"https:\\\/\\\/www.milq.info\\\/m46_aktualitaet_des_bohrschen_atommodells\\\/\",\"url\":\"https:\\\/\\\/www.milq.info\\\/m46_aktualitaet_des_bohrschen_atommodells\\\/\",\"name\":\"Aktualit\u00e4t des Bohr\u00b4schen Atommodells - milq\",\"isPartOf\":{\"@id\":\"https:\\\/\\\/www.milq.info\\\/#website\"},\"datePublished\":\"2018-04-23T07:44:38+00:00\",\"dateModified\":\"2026-04-10T05:37:42+00:00\",\"breadcrumb\":{\"@id\":\"https:\\\/\\\/www.milq.info\\\/m46_aktualitaet_des_bohrschen_atommodells\\\/#breadcrumb\"},\"inLanguage\":\"en-US\",\"potentialAction\":[{\"@type\":\"ReadAction\",\"target\":[\"https:\\\/\\\/www.milq.info\\\/m46_aktualitaet_des_bohrschen_atommodells\\\/\"]}]},{\"@type\":\"BreadcrumbList\",\"@id\":\"https:\\\/\\\/www.milq.info\\\/m46_aktualitaet_des_bohrschen_atommodells\\\/#breadcrumb\",\"itemListElement\":[{\"@type\":\"ListItem\",\"position\":1,\"name\":\"Startseite\",\"item\":\"https:\\\/\\\/www.milq.info\\\/\"},{\"@type\":\"ListItem\",\"position\":2,\"name\":\"Aktualit\u00e4t des Bohr\u00b4schen Atommodells\"}]},{\"@type\":\"WebSite\",\"@id\":\"https:\\\/\\\/www.milq.info\\\/#website\",\"url\":\"https:\\\/\\\/www.milq.info\\\/\",\"name\":\"milq\",\"description\":\"Quantenphysik in der Schule\",\"potentialAction\":[{\"@type\":\"SearchAction\",\"target\":{\"@type\":\"EntryPoint\",\"urlTemplate\":\"https:\\\/\\\/www.milq.info\\\/?s={search_term_string}\"},\"query-input\":{\"@type\":\"PropertyValueSpecification\",\"valueRequired\":true,\"valueName\":\"search_term_string\"}}],\"inLanguage\":\"en-US\"}]}<\/script>\n<!-- \/ Yoast SEO plugin. -->","yoast_head_json":{"title":"Aktualit\u00e4t des Bohr\u00b4schen Atommodells - milq","robots":{"index":"index","follow":"follow","max-snippet":"max-snippet:-1","max-image-preview":"max-image-preview:large","max-video-preview":"max-video-preview:-1"},"canonical":"https:\/\/www.milq.info\/m46_aktualitaet_des_bohrschen_atommodells\/","og_locale":"en_US","og_type":"article","og_title":"Aktualit\u00e4t des Bohr\u00b4schen Atommodells - milq","og_description":"Ist das Bohr\u00b4sche Atommodell noch zeitgem\u00e4\u00df? Es stellt sich die Frage, warum das Bohr\u00b4sche Atommodell von 1913 &#8211; auch nach dem 100-j\u00e4hrigen Bestehen der Quantenmechanik &#8211; noch immer diesen gro\u00dfen Stellenwert in der Schule einnimmt. Eine didaktisch sehr ergiebige Auseinandersetzung mit den Argumenten f\u00fcr die Behandlung des Bohr\u00b4schen Atommodells in der Schule hat G. Sauer&hellip; Continue reading Aktualit\u00e4t des Bohr\u00b4schen Atommodells","og_url":"https:\/\/www.milq.info\/m46_aktualitaet_des_bohrschen_atommodells\/","og_site_name":"milq","article_modified_time":"2026-04-10T05:37:42+00:00","twitter_card":"summary_large_image","twitter_misc":{"Est. reading time":"13 minutes"},"schema":{"@context":"https:\/\/schema.org","@graph":[{"@type":"WebPage","@id":"https:\/\/www.milq.info\/m46_aktualitaet_des_bohrschen_atommodells\/","url":"https:\/\/www.milq.info\/m46_aktualitaet_des_bohrschen_atommodells\/","name":"Aktualit\u00e4t des Bohr\u00b4schen Atommodells - milq","isPartOf":{"@id":"https:\/\/www.milq.info\/#website"},"datePublished":"2018-04-23T07:44:38+00:00","dateModified":"2026-04-10T05:37:42+00:00","breadcrumb":{"@id":"https:\/\/www.milq.info\/m46_aktualitaet_des_bohrschen_atommodells\/#breadcrumb"},"inLanguage":"en-US","potentialAction":[{"@type":"ReadAction","target":["https:\/\/www.milq.info\/m46_aktualitaet_des_bohrschen_atommodells\/"]}]},{"@type":"BreadcrumbList","@id":"https:\/\/www.milq.info\/m46_aktualitaet_des_bohrschen_atommodells\/#breadcrumb","itemListElement":[{"@type":"ListItem","position":1,"name":"Startseite","item":"https:\/\/www.milq.info\/"},{"@type":"ListItem","position":2,"name":"Aktualit\u00e4t des Bohr\u00b4schen Atommodells"}]},{"@type":"WebSite","@id":"https:\/\/www.milq.info\/#website","url":"https:\/\/www.milq.info\/","name":"milq","description":"Quantenphysik in der Schule","potentialAction":[{"@type":"SearchAction","target":{"@type":"EntryPoint","urlTemplate":"https:\/\/www.milq.info\/?s={search_term_string}"},"query-input":{"@type":"PropertyValueSpecification","valueRequired":true,"valueName":"search_term_string"}}],"inLanguage":"en-US"}]}},"_links":{"self":[{"href":"https:\/\/www.milq.info\/en\/wp-json\/wp\/v2\/pages\/294","targetHints":{"allow":["GET"]}}],"collection":[{"href":"https:\/\/www.milq.info\/en\/wp-json\/wp\/v2\/pages"}],"about":[{"href":"https:\/\/www.milq.info\/en\/wp-json\/wp\/v2\/types\/page"}],"author":[{"embeddable":true,"href":"https:\/\/www.milq.info\/en\/wp-json\/wp\/v2\/users\/5"}],"replies":[{"embeddable":true,"href":"https:\/\/www.milq.info\/en\/wp-json\/wp\/v2\/comments?post=294"}],"version-history":[{"count":5,"href":"https:\/\/www.milq.info\/en\/wp-json\/wp\/v2\/pages\/294\/revisions"}],"predecessor-version":[{"id":2573,"href":"https:\/\/www.milq.info\/en\/wp-json\/wp\/v2\/pages\/294\/revisions\/2573"}],"wp:attachment":[{"href":"https:\/\/www.milq.info\/en\/wp-json\/wp\/v2\/media?parent=294"}],"curies":[{"name":"wp","href":"https:\/\/api.w.org\/{rel}","templated":true}]}}