{"id":286,"date":"2018-04-23T07:43:01","date_gmt":"2018-04-23T07:43:01","guid":{"rendered":"http:\/\/www.milq.info\/?page_id=286"},"modified":"2026-01-20T10:44:50","modified_gmt":"2026-01-20T09:44:50","slug":"m42_stabilitaet_und_spektrum_der_atome","status":"publish","type":"page","link":"https:\/\/www.milq.info\/en\/m42_stabilitaet_und_spektrum_der_atome\/","title":{"rendered":"Stabilit\u00e4t und Spektrum der Atome"},"content":{"rendered":"<div id=\"bsf_rt_marker\"><\/div><p><\/p>\n<h3><a href=\"\/data\/_uploaded\/image\/stabilitaet_spektrum.pdf\" >Pdf-Artikel: R. M\u00fcller, H. Wiesner: &#8220;Stabilit\u00e4t und Spektrum der Atome&#8221; Aus: Physik in der Schule 34, 48 (1996)).<\/a><\/h3>\n<p><\/p>","protected":false},"excerpt":{"rendered":"<p>Pdf-Artikel: R. M\u00fcller, H. Wiesner: &#8220;Stabilit\u00e4t und Spektrum der Atome&#8221; Aus: Physik in der Schule 34, 48 (1996)).<\/p>\n","protected":false},"author":5,"featured_media":0,"parent":0,"menu_order":0,"comment_status":"closed","ping_status":"closed","template":"","meta":{"footnotes":""},"class_list":["post-286","page","type-page","status-publish","hentry","without-featured-image"],"yoast_head":"<!-- This site is optimized with the Yoast SEO plugin v27.4 - https:\/\/yoast.com\/product\/yoast-seo-wordpress\/ -->\n<title>Stabilit\u00e4t und Spektrum der Atome - milq<\/title>\n<meta name=\"robots\" content=\"index, follow, max-snippet:-1, max-image-preview:large, max-video-preview:-1\" \/>\n<link rel=\"canonical\" href=\"https:\/\/www.milq.info\/m42_stabilitaet_und_spektrum_der_atome\/\" \/>\n<meta property=\"og:locale\" content=\"en_US\" \/>\n<meta property=\"og:type\" content=\"article\" \/>\n<meta property=\"og:title\" content=\"Stabilit\u00e4t und Spektrum der Atome - milq\" \/>\n<meta property=\"og:description\" content=\"Pdf-Artikel: R. M\u00fcller, H. Wiesner: &#8220;Stabilit\u00e4t und Spektrum der Atome&#8221; Aus: Physik in der Schule 34, 48 (1996)).\" \/>\n<meta property=\"og:url\" content=\"https:\/\/www.milq.info\/m42_stabilitaet_und_spektrum_der_atome\/\" \/>\n<meta property=\"og:site_name\" content=\"milq\" \/>\n<meta property=\"article:modified_time\" content=\"2026-01-20T09:44:50+00:00\" \/>\n<meta name=\"twitter:card\" content=\"summary_large_image\" \/>\n<meta name=\"twitter:label1\" content=\"Est. reading time\" \/>\n\t<meta name=\"twitter:data1\" content=\"1 minute\" \/>\n<script type=\"application\/ld+json\" class=\"yoast-schema-graph\">{\"@context\":\"https:\\\/\\\/schema.org\",\"@graph\":[{\"@type\":\"WebPage\",\"@id\":\"https:\\\/\\\/www.milq.info\\\/m42_stabilitaet_und_spektrum_der_atome\\\/\",\"url\":\"https:\\\/\\\/www.milq.info\\\/m42_stabilitaet_und_spektrum_der_atome\\\/\",\"name\":\"Stabilit\u00e4t und Spektrum der Atome - milq\",\"isPartOf\":{\"@id\":\"https:\\\/\\\/www.milq.info\\\/#website\"},\"datePublished\":\"2018-04-23T07:43:01+00:00\",\"dateModified\":\"2026-01-20T09:44:50+00:00\",\"breadcrumb\":{\"@id\":\"https:\\\/\\\/www.milq.info\\\/m42_stabilitaet_und_spektrum_der_atome\\\/#breadcrumb\"},\"inLanguage\":\"en-US\",\"potentialAction\":[{\"@type\":\"ReadAction\",\"target\":[\"https:\\\/\\\/www.milq.info\\\/m42_stabilitaet_und_spektrum_der_atome\\\/\"]}]},{\"@type\":\"BreadcrumbList\",\"@id\":\"https:\\\/\\\/www.milq.info\\\/m42_stabilitaet_und_spektrum_der_atome\\\/#breadcrumb\",\"itemListElement\":[{\"@type\":\"ListItem\",\"position\":1,\"name\":\"Startseite\",\"item\":\"https:\\\/\\\/www.milq.info\\\/\"},{\"@type\":\"ListItem\",\"position\":2,\"name\":\"Stabilit\u00e4t und Spektrum der Atome\"}]},{\"@type\":\"WebSite\",\"@id\":\"https:\\\/\\\/www.milq.info\\\/#website\",\"url\":\"https:\\\/\\\/www.milq.info\\\/\",\"name\":\"milq\",\"description\":\"Quantenphysik in der Schule\",\"potentialAction\":[{\"@type\":\"SearchAction\",\"target\":{\"@type\":\"EntryPoint\",\"urlTemplate\":\"https:\\\/\\\/www.milq.info\\\/?s={search_term_string}\"},\"query-input\":{\"@type\":\"PropertyValueSpecification\",\"valueRequired\":true,\"valueName\":\"search_term_string\"}}],\"inLanguage\":\"en-US\"}]}<\/script>\n<!-- \/ Yoast SEO plugin. -->","yoast_head_json":{"title":"Stabilit\u00e4t und Spektrum der Atome - milq","robots":{"index":"index","follow":"follow","max-snippet":"max-snippet:-1","max-image-preview":"max-image-preview:large","max-video-preview":"max-video-preview:-1"},"canonical":"https:\/\/www.milq.info\/m42_stabilitaet_und_spektrum_der_atome\/","og_locale":"en_US","og_type":"article","og_title":"Stabilit\u00e4t und Spektrum der Atome - milq","og_description":"Pdf-Artikel: R. M\u00fcller, H. Wiesner: &#8220;Stabilit\u00e4t und Spektrum der Atome&#8221; Aus: Physik in der Schule 34, 48 (1996)).","og_url":"https:\/\/www.milq.info\/m42_stabilitaet_und_spektrum_der_atome\/","og_site_name":"milq","article_modified_time":"2026-01-20T09:44:50+00:00","twitter_card":"summary_large_image","twitter_misc":{"Est. reading time":"1 minute"},"schema":{"@context":"https:\/\/schema.org","@graph":[{"@type":"WebPage","@id":"https:\/\/www.milq.info\/m42_stabilitaet_und_spektrum_der_atome\/","url":"https:\/\/www.milq.info\/m42_stabilitaet_und_spektrum_der_atome\/","name":"Stabilit\u00e4t und Spektrum der Atome - milq","isPartOf":{"@id":"https:\/\/www.milq.info\/#website"},"datePublished":"2018-04-23T07:43:01+00:00","dateModified":"2026-01-20T09:44:50+00:00","breadcrumb":{"@id":"https:\/\/www.milq.info\/m42_stabilitaet_und_spektrum_der_atome\/#breadcrumb"},"inLanguage":"en-US","potentialAction":[{"@type":"ReadAction","target":["https:\/\/www.milq.info\/m42_stabilitaet_und_spektrum_der_atome\/"]}]},{"@type":"BreadcrumbList","@id":"https:\/\/www.milq.info\/m42_stabilitaet_und_spektrum_der_atome\/#breadcrumb","itemListElement":[{"@type":"ListItem","position":1,"name":"Startseite","item":"https:\/\/www.milq.info\/"},{"@type":"ListItem","position":2,"name":"Stabilit\u00e4t und Spektrum der Atome"}]},{"@type":"WebSite","@id":"https:\/\/www.milq.info\/#website","url":"https:\/\/www.milq.info\/","name":"milq","description":"Quantenphysik in der Schule","potentialAction":[{"@type":"SearchAction","target":{"@type":"EntryPoint","urlTemplate":"https:\/\/www.milq.info\/?s={search_term_string}"},"query-input":{"@type":"PropertyValueSpecification","valueRequired":true,"valueName":"search_term_string"}}],"inLanguage":"en-US"}]}},"_links":{"self":[{"href":"https:\/\/www.milq.info\/en\/wp-json\/wp\/v2\/pages\/286","targetHints":{"allow":["GET"]}}],"collection":[{"href":"https:\/\/www.milq.info\/en\/wp-json\/wp\/v2\/pages"}],"about":[{"href":"https:\/\/www.milq.info\/en\/wp-json\/wp\/v2\/types\/page"}],"author":[{"embeddable":true,"href":"https:\/\/www.milq.info\/en\/wp-json\/wp\/v2\/users\/5"}],"replies":[{"embeddable":true,"href":"https:\/\/www.milq.info\/en\/wp-json\/wp\/v2\/comments?post=286"}],"version-history":[{"count":5,"href":"https:\/\/www.milq.info\/en\/wp-json\/wp\/v2\/pages\/286\/revisions"}],"predecessor-version":[{"id":2046,"href":"https:\/\/www.milq.info\/en\/wp-json\/wp\/v2\/pages\/286\/revisions\/2046"}],"wp:attachment":[{"href":"https:\/\/www.milq.info\/en\/wp-json\/wp\/v2\/media?parent=286"}],"curies":[{"name":"wp","href":"https:\/\/api.w.org\/{rel}","templated":true}]}}