{"id":274,"date":"2018-04-23T07:40:00","date_gmt":"2018-04-23T07:40:00","guid":{"rendered":"http:\/\/www.milq.info\/?page_id=274"},"modified":"2026-01-20T10:41:12","modified_gmt":"2026-01-20T09:41:12","slug":"m36_die_autoren_von_star_trek_zum_beamen","status":"publish","type":"page","link":"https:\/\/www.milq.info\/en\/m36_die_autoren_von_star_trek_zum_beamen\/","title":{"rendered":"Die Autoren von Star Trek zum Beamen"},"content":{"rendered":"<div id=\"bsf_rt_marker\"><\/div><p><\/p>\n<h3>Was sagen die Autoren der Fernsehserie zu diesem Problem?<\/h3>\n<p>In seinem Buch &#8220;Die Physik von Star Trek&#8221; [1] diskutiert der bekannte amerikanische Astrophysiker <em>Lawrence M. Krauss<\/em> die Probleme, die sich beim Beamen ergeben. Neben den Schwierigkeiten bei der Ermittlung und \u00dcbertragung der dabei n\u00f6tigen riesigen Datenmengen (ein Problem, das auch schon in der klassischen Physik auftritt), geht er auch auf die Probleme ein, die die Heisenberg\u00b4sche Unbestimmtheitsrelation f\u00fcr das Beamen aufwirft. Er schreibt: Die Star-Trek-Autoren sind sich dieses Problems durchaus bewusst gewesen. Ihnen war klar, da\u00df die quantenmechanischen Gesetze erhebliche Probleme f\u00fcr die Funktion des Transporters schaffen. Daraufhin setzten sie ein Mittel ein, das Wissenschaftlern nur in einem sehr beschr\u00e4nkten Ma\u00dfe zur Verf\u00fcgung steht: k\u00fcnstlerische Freiheit. Sie schufen &#8220;Heisenberg-Kompensatoren&#8221;, die eine &#8220;Quanten-Aufl\u00f6sung&#8221; von Objekten gestatten. Als man den technischen Berater von Star Trek Michael Okuda danach fragte, wie Heisenberg-Kompensatoren funktionieren, antwortete er nur, &#8220;Gut, danke&#8221;.<\/p>\n<p>Quellen:<\/p>\n<p>[1] L. M. Krauss, Die Physik von Star Trek, Heyne-Verlag, M\u00fcnchen, 1996, S. 96.<br \/>\n<\/p>","protected":false},"excerpt":{"rendered":"<p>Was sagen die Autoren der Fernsehserie zu diesem Problem? In seinem Buch &#8220;Die Physik von Star Trek&#8221; [1] diskutiert der bekannte amerikanische Astrophysiker Lawrence M. Krauss die Probleme, die sich beim Beamen ergeben. Neben den Schwierigkeiten bei der Ermittlung und \u00dcbertragung der dabei n\u00f6tigen riesigen Datenmengen (ein Problem, das auch schon in der klassischen Physik&hellip; <a href=\"https:\/\/www.milq.info\/en\/m36_die_autoren_von_star_trek_zum_beamen\/\" class=\"more-link\">Continue reading <span class=\"screen-reader-text\">Die Autoren von Star Trek zum Beamen<\/span><\/a><\/p>\n","protected":false},"author":5,"featured_media":0,"parent":0,"menu_order":0,"comment_status":"closed","ping_status":"closed","template":"","meta":{"footnotes":""},"class_list":["post-274","page","type-page","status-publish","hentry","without-featured-image"],"yoast_head":"<!-- This site is optimized with the Yoast SEO plugin v27.4 - https:\/\/yoast.com\/product\/yoast-seo-wordpress\/ -->\n<title>Die Autoren von Star Trek zum Beamen - milq<\/title>\n<meta name=\"robots\" content=\"index, follow, max-snippet:-1, max-image-preview:large, max-video-preview:-1\" \/>\n<link rel=\"canonical\" href=\"https:\/\/www.milq.info\/m36_die_autoren_von_star_trek_zum_beamen\/\" \/>\n<meta property=\"og:locale\" content=\"en_US\" \/>\n<meta property=\"og:type\" content=\"article\" \/>\n<meta property=\"og:title\" content=\"Die Autoren von Star Trek zum Beamen - milq\" \/>\n<meta property=\"og:description\" content=\"Was sagen die Autoren der Fernsehserie zu diesem Problem? In seinem Buch &#8220;Die Physik von Star Trek&#8221; [1] diskutiert der bekannte amerikanische Astrophysiker Lawrence M. Krauss die Probleme, die sich beim Beamen ergeben. Neben den Schwierigkeiten bei der Ermittlung und \u00dcbertragung der dabei n\u00f6tigen riesigen Datenmengen (ein Problem, das auch schon in der klassischen Physik&hellip; Continue reading Die Autoren von Star Trek zum Beamen\" \/>\n<meta property=\"og:url\" content=\"https:\/\/www.milq.info\/m36_die_autoren_von_star_trek_zum_beamen\/\" \/>\n<meta property=\"og:site_name\" content=\"milq\" \/>\n<meta property=\"article:modified_time\" content=\"2026-01-20T09:41:12+00:00\" \/>\n<meta name=\"twitter:card\" content=\"summary_large_image\" \/>\n<meta name=\"twitter:label1\" content=\"Est. reading time\" \/>\n\t<meta name=\"twitter:data1\" content=\"1 minute\" \/>\n<script type=\"application\/ld+json\" class=\"yoast-schema-graph\">{\"@context\":\"https:\\\/\\\/schema.org\",\"@graph\":[{\"@type\":\"WebPage\",\"@id\":\"https:\\\/\\\/www.milq.info\\\/m36_die_autoren_von_star_trek_zum_beamen\\\/\",\"url\":\"https:\\\/\\\/www.milq.info\\\/m36_die_autoren_von_star_trek_zum_beamen\\\/\",\"name\":\"Die Autoren von Star Trek zum Beamen - milq\",\"isPartOf\":{\"@id\":\"https:\\\/\\\/www.milq.info\\\/#website\"},\"datePublished\":\"2018-04-23T07:40:00+00:00\",\"dateModified\":\"2026-01-20T09:41:12+00:00\",\"breadcrumb\":{\"@id\":\"https:\\\/\\\/www.milq.info\\\/m36_die_autoren_von_star_trek_zum_beamen\\\/#breadcrumb\"},\"inLanguage\":\"en-US\",\"potentialAction\":[{\"@type\":\"ReadAction\",\"target\":[\"https:\\\/\\\/www.milq.info\\\/m36_die_autoren_von_star_trek_zum_beamen\\\/\"]}]},{\"@type\":\"BreadcrumbList\",\"@id\":\"https:\\\/\\\/www.milq.info\\\/m36_die_autoren_von_star_trek_zum_beamen\\\/#breadcrumb\",\"itemListElement\":[{\"@type\":\"ListItem\",\"position\":1,\"name\":\"Startseite\",\"item\":\"https:\\\/\\\/www.milq.info\\\/\"},{\"@type\":\"ListItem\",\"position\":2,\"name\":\"Die Autoren von Star Trek zum Beamen\"}]},{\"@type\":\"WebSite\",\"@id\":\"https:\\\/\\\/www.milq.info\\\/#website\",\"url\":\"https:\\\/\\\/www.milq.info\\\/\",\"name\":\"milq\",\"description\":\"Quantenphysik in der Schule\",\"potentialAction\":[{\"@type\":\"SearchAction\",\"target\":{\"@type\":\"EntryPoint\",\"urlTemplate\":\"https:\\\/\\\/www.milq.info\\\/?s={search_term_string}\"},\"query-input\":{\"@type\":\"PropertyValueSpecification\",\"valueRequired\":true,\"valueName\":\"search_term_string\"}}],\"inLanguage\":\"en-US\"}]}<\/script>\n<!-- \/ Yoast SEO plugin. -->","yoast_head_json":{"title":"Die Autoren von Star Trek zum Beamen - milq","robots":{"index":"index","follow":"follow","max-snippet":"max-snippet:-1","max-image-preview":"max-image-preview:large","max-video-preview":"max-video-preview:-1"},"canonical":"https:\/\/www.milq.info\/m36_die_autoren_von_star_trek_zum_beamen\/","og_locale":"en_US","og_type":"article","og_title":"Die Autoren von Star Trek zum Beamen - milq","og_description":"Was sagen die Autoren der Fernsehserie zu diesem Problem? In seinem Buch &#8220;Die Physik von Star Trek&#8221; [1] diskutiert der bekannte amerikanische Astrophysiker Lawrence M. Krauss die Probleme, die sich beim Beamen ergeben. Neben den Schwierigkeiten bei der Ermittlung und \u00dcbertragung der dabei n\u00f6tigen riesigen Datenmengen (ein Problem, das auch schon in der klassischen Physik&hellip; Continue reading Die Autoren von Star Trek zum Beamen","og_url":"https:\/\/www.milq.info\/m36_die_autoren_von_star_trek_zum_beamen\/","og_site_name":"milq","article_modified_time":"2026-01-20T09:41:12+00:00","twitter_card":"summary_large_image","twitter_misc":{"Est. reading time":"1 minute"},"schema":{"@context":"https:\/\/schema.org","@graph":[{"@type":"WebPage","@id":"https:\/\/www.milq.info\/m36_die_autoren_von_star_trek_zum_beamen\/","url":"https:\/\/www.milq.info\/m36_die_autoren_von_star_trek_zum_beamen\/","name":"Die Autoren von Star Trek zum Beamen - milq","isPartOf":{"@id":"https:\/\/www.milq.info\/#website"},"datePublished":"2018-04-23T07:40:00+00:00","dateModified":"2026-01-20T09:41:12+00:00","breadcrumb":{"@id":"https:\/\/www.milq.info\/m36_die_autoren_von_star_trek_zum_beamen\/#breadcrumb"},"inLanguage":"en-US","potentialAction":[{"@type":"ReadAction","target":["https:\/\/www.milq.info\/m36_die_autoren_von_star_trek_zum_beamen\/"]}]},{"@type":"BreadcrumbList","@id":"https:\/\/www.milq.info\/m36_die_autoren_von_star_trek_zum_beamen\/#breadcrumb","itemListElement":[{"@type":"ListItem","position":1,"name":"Startseite","item":"https:\/\/www.milq.info\/"},{"@type":"ListItem","position":2,"name":"Die Autoren von Star Trek zum Beamen"}]},{"@type":"WebSite","@id":"https:\/\/www.milq.info\/#website","url":"https:\/\/www.milq.info\/","name":"milq","description":"Quantenphysik in der Schule","potentialAction":[{"@type":"SearchAction","target":{"@type":"EntryPoint","urlTemplate":"https:\/\/www.milq.info\/?s={search_term_string}"},"query-input":{"@type":"PropertyValueSpecification","valueRequired":true,"valueName":"search_term_string"}}],"inLanguage":"en-US"}]}},"_links":{"self":[{"href":"https:\/\/www.milq.info\/en\/wp-json\/wp\/v2\/pages\/274","targetHints":{"allow":["GET"]}}],"collection":[{"href":"https:\/\/www.milq.info\/en\/wp-json\/wp\/v2\/pages"}],"about":[{"href":"https:\/\/www.milq.info\/en\/wp-json\/wp\/v2\/types\/page"}],"author":[{"embeddable":true,"href":"https:\/\/www.milq.info\/en\/wp-json\/wp\/v2\/users\/5"}],"replies":[{"embeddable":true,"href":"https:\/\/www.milq.info\/en\/wp-json\/wp\/v2\/comments?post=274"}],"version-history":[{"count":3,"href":"https:\/\/www.milq.info\/en\/wp-json\/wp\/v2\/pages\/274\/revisions"}],"predecessor-version":[{"id":2040,"href":"https:\/\/www.milq.info\/en\/wp-json\/wp\/v2\/pages\/274\/revisions\/2040"}],"wp:attachment":[{"href":"https:\/\/www.milq.info\/en\/wp-json\/wp\/v2\/media?parent=274"}],"curies":[{"name":"wp","href":"https:\/\/api.w.org\/{rel}","templated":true}]}}