{"id":264,"date":"2018-04-23T07:37:47","date_gmt":"2018-04-23T07:37:47","guid":{"rendered":"http:\/\/www.milq.info\/?page_id=264"},"modified":"2026-04-09T15:08:16","modified_gmt":"2026-04-09T13:08:16","slug":"m31_parametrisierung_der_spielzuege","status":"publish","type":"page","link":"https:\/\/www.milq.info\/en\/m31_parametrisierung_der_spielzuege\/","title":{"rendered":"Parametrisierung der Spielz\u00fcge"},"content":{"rendered":"<div id=\"bsf_rt_marker\"><\/div><p>Die Gesamtheit der quantenmechanisch sinnvollen Spielz\u00fcge l\u00e4sst sich als eine Menge von Matrizen darstellen, die nur von zwei Parametern abh\u00e4ngen:<\/p>\n<p><img decoding=\"async\" src=\"\/data\/_uploaded\/image\/stories\/formel7.gif\" alt=\"\" \/><\/p>\n<p>Die beiden klassischen Z\u00fcge &#8220;kooperieren&#8221; (<strong>C<\/strong>) und &#8220;nicht kooperieren&#8221; (<strong>D<\/strong>) werden dabei durch folgende Werte charakterisiert:<\/p>\n<p><img decoding=\"async\" src=\"\/data\/_uploaded\/image\/stories\/formel8.gif\" alt=\"\" \/><\/p>\n<p>Bei den klassischen Z\u00fcgen und ihren Linearkombinationen ist also der zweite Parameter immer gleich Null. Deswegen existiert mit Q ein weiterer extremer Wert:<\/p>\n<p><img decoding=\"async\" src=\"\/data\/_uploaded\/image\/stories\/formel9.gif\" alt=\"\" \/><\/p>","protected":false},"excerpt":{"rendered":"<p>Die Gesamtheit der quantenmechanisch sinnvollen Spielz\u00fcge l\u00e4sst sich als eine Menge von Matrizen darstellen, die nur von zwei Parametern abh\u00e4ngen: Die beiden klassischen Z\u00fcge &#8220;kooperieren&#8221; (C) und &#8220;nicht kooperieren&#8221; (D) werden dabei durch folgende Werte charakterisiert: Bei den klassischen Z\u00fcgen und ihren Linearkombinationen ist also der zweite Parameter immer gleich Null. Deswegen existiert mit Q&hellip; <a href=\"https:\/\/www.milq.info\/en\/m31_parametrisierung_der_spielzuege\/\" class=\"more-link\">Continue reading <span class=\"screen-reader-text\">Parametrisierung der Spielz\u00fcge<\/span><\/a><\/p>\n","protected":false},"author":5,"featured_media":0,"parent":0,"menu_order":0,"comment_status":"closed","ping_status":"closed","template":"","meta":{"footnotes":""},"class_list":["post-264","page","type-page","status-publish","hentry","without-featured-image"],"yoast_head":"<!-- This site is optimized with the Yoast SEO plugin v27.6 - https:\/\/yoast.com\/product\/yoast-seo-wordpress\/ -->\n<title>Parametrisierung der Spielz\u00fcge - milq<\/title>\n<meta name=\"robots\" content=\"index, follow, max-snippet:-1, max-image-preview:large, max-video-preview:-1\" \/>\n<link rel=\"canonical\" href=\"https:\/\/www.milq.info\/m31_parametrisierung_der_spielzuege\/\" \/>\n<meta property=\"og:locale\" content=\"en_US\" \/>\n<meta property=\"og:type\" content=\"article\" \/>\n<meta property=\"og:title\" content=\"Parametrisierung der Spielz\u00fcge - milq\" \/>\n<meta property=\"og:description\" content=\"Die Gesamtheit der quantenmechanisch sinnvollen Spielz\u00fcge l\u00e4sst sich als eine Menge von Matrizen darstellen, die nur von zwei Parametern abh\u00e4ngen: Die beiden klassischen Z\u00fcge &#8220;kooperieren&#8221; (C) und &#8220;nicht kooperieren&#8221; (D) werden dabei durch folgende Werte charakterisiert: Bei den klassischen Z\u00fcgen und ihren Linearkombinationen ist also der zweite Parameter immer gleich Null. Deswegen existiert mit Q&hellip; Continue reading Parametrisierung der Spielz\u00fcge\" \/>\n<meta property=\"og:url\" content=\"https:\/\/www.milq.info\/m31_parametrisierung_der_spielzuege\/\" \/>\n<meta property=\"og:site_name\" content=\"milq\" \/>\n<meta property=\"article:modified_time\" content=\"2026-04-09T13:08:16+00:00\" \/>\n<meta name=\"twitter:card\" content=\"summary_large_image\" \/>\n<meta name=\"twitter:label1\" content=\"Est. reading time\" \/>\n\t<meta name=\"twitter:data1\" content=\"2 minutes\" \/>\n<script type=\"application\/ld+json\" class=\"yoast-schema-graph\">{\"@context\":\"https:\\\/\\\/schema.org\",\"@graph\":[{\"@type\":\"WebPage\",\"@id\":\"https:\\\/\\\/www.milq.info\\\/m31_parametrisierung_der_spielzuege\\\/\",\"url\":\"https:\\\/\\\/www.milq.info\\\/m31_parametrisierung_der_spielzuege\\\/\",\"name\":\"Parametrisierung der Spielz\u00fcge - milq\",\"isPartOf\":{\"@id\":\"https:\\\/\\\/www.milq.info\\\/#website\"},\"datePublished\":\"2018-04-23T07:37:47+00:00\",\"dateModified\":\"2026-04-09T13:08:16+00:00\",\"breadcrumb\":{\"@id\":\"https:\\\/\\\/www.milq.info\\\/m31_parametrisierung_der_spielzuege\\\/#breadcrumb\"},\"inLanguage\":\"en-US\",\"potentialAction\":[{\"@type\":\"ReadAction\",\"target\":[\"https:\\\/\\\/www.milq.info\\\/m31_parametrisierung_der_spielzuege\\\/\"]}]},{\"@type\":\"BreadcrumbList\",\"@id\":\"https:\\\/\\\/www.milq.info\\\/m31_parametrisierung_der_spielzuege\\\/#breadcrumb\",\"itemListElement\":[{\"@type\":\"ListItem\",\"position\":1,\"name\":\"Startseite\",\"item\":\"https:\\\/\\\/www.milq.info\\\/\"},{\"@type\":\"ListItem\",\"position\":2,\"name\":\"Parametrisierung der Spielz\u00fcge\"}]},{\"@type\":\"WebSite\",\"@id\":\"https:\\\/\\\/www.milq.info\\\/#website\",\"url\":\"https:\\\/\\\/www.milq.info\\\/\",\"name\":\"milq\",\"description\":\"Quantenphysik in der Schule\",\"potentialAction\":[{\"@type\":\"SearchAction\",\"target\":{\"@type\":\"EntryPoint\",\"urlTemplate\":\"https:\\\/\\\/www.milq.info\\\/?s={search_term_string}\"},\"query-input\":{\"@type\":\"PropertyValueSpecification\",\"valueRequired\":true,\"valueName\":\"search_term_string\"}}],\"inLanguage\":\"en-US\"}]}<\/script>\n<!-- \/ Yoast SEO plugin. -->","yoast_head_json":{"title":"Parametrisierung der Spielz\u00fcge - milq","robots":{"index":"index","follow":"follow","max-snippet":"max-snippet:-1","max-image-preview":"max-image-preview:large","max-video-preview":"max-video-preview:-1"},"canonical":"https:\/\/www.milq.info\/m31_parametrisierung_der_spielzuege\/","og_locale":"en_US","og_type":"article","og_title":"Parametrisierung der Spielz\u00fcge - milq","og_description":"Die Gesamtheit der quantenmechanisch sinnvollen Spielz\u00fcge l\u00e4sst sich als eine Menge von Matrizen darstellen, die nur von zwei Parametern abh\u00e4ngen: Die beiden klassischen Z\u00fcge &#8220;kooperieren&#8221; (C) und &#8220;nicht kooperieren&#8221; (D) werden dabei durch folgende Werte charakterisiert: Bei den klassischen Z\u00fcgen und ihren Linearkombinationen ist also der zweite Parameter immer gleich Null. Deswegen existiert mit Q&hellip; Continue reading Parametrisierung der Spielz\u00fcge","og_url":"https:\/\/www.milq.info\/m31_parametrisierung_der_spielzuege\/","og_site_name":"milq","article_modified_time":"2026-04-09T13:08:16+00:00","twitter_card":"summary_large_image","twitter_misc":{"Est. reading time":"2 minutes"},"schema":{"@context":"https:\/\/schema.org","@graph":[{"@type":"WebPage","@id":"https:\/\/www.milq.info\/m31_parametrisierung_der_spielzuege\/","url":"https:\/\/www.milq.info\/m31_parametrisierung_der_spielzuege\/","name":"Parametrisierung der Spielz\u00fcge - milq","isPartOf":{"@id":"https:\/\/www.milq.info\/#website"},"datePublished":"2018-04-23T07:37:47+00:00","dateModified":"2026-04-09T13:08:16+00:00","breadcrumb":{"@id":"https:\/\/www.milq.info\/m31_parametrisierung_der_spielzuege\/#breadcrumb"},"inLanguage":"en-US","potentialAction":[{"@type":"ReadAction","target":["https:\/\/www.milq.info\/m31_parametrisierung_der_spielzuege\/"]}]},{"@type":"BreadcrumbList","@id":"https:\/\/www.milq.info\/m31_parametrisierung_der_spielzuege\/#breadcrumb","itemListElement":[{"@type":"ListItem","position":1,"name":"Startseite","item":"https:\/\/www.milq.info\/"},{"@type":"ListItem","position":2,"name":"Parametrisierung der Spielz\u00fcge"}]},{"@type":"WebSite","@id":"https:\/\/www.milq.info\/#website","url":"https:\/\/www.milq.info\/","name":"milq","description":"Quantenphysik in der Schule","potentialAction":[{"@type":"SearchAction","target":{"@type":"EntryPoint","urlTemplate":"https:\/\/www.milq.info\/?s={search_term_string}"},"query-input":{"@type":"PropertyValueSpecification","valueRequired":true,"valueName":"search_term_string"}}],"inLanguage":"en-US"}]}},"_links":{"self":[{"href":"https:\/\/www.milq.info\/en\/wp-json\/wp\/v2\/pages\/264","targetHints":{"allow":["GET"]}}],"collection":[{"href":"https:\/\/www.milq.info\/en\/wp-json\/wp\/v2\/pages"}],"about":[{"href":"https:\/\/www.milq.info\/en\/wp-json\/wp\/v2\/types\/page"}],"author":[{"embeddable":true,"href":"https:\/\/www.milq.info\/en\/wp-json\/wp\/v2\/users\/5"}],"replies":[{"embeddable":true,"href":"https:\/\/www.milq.info\/en\/wp-json\/wp\/v2\/comments?post=264"}],"version-history":[{"count":15,"href":"https:\/\/www.milq.info\/en\/wp-json\/wp\/v2\/pages\/264\/revisions"}],"predecessor-version":[{"id":2489,"href":"https:\/\/www.milq.info\/en\/wp-json\/wp\/v2\/pages\/264\/revisions\/2489"}],"wp:attachment":[{"href":"https:\/\/www.milq.info\/en\/wp-json\/wp\/v2\/media?parent=264"}],"curies":[{"name":"wp","href":"https:\/\/api.w.org\/{rel}","templated":true}]}}