{"id":260,"date":"2018-04-23T07:36:58","date_gmt":"2018-04-23T07:36:58","guid":{"rendered":"http:\/\/www.milq.info\/?page_id=260"},"modified":"2026-04-09T14:48:50","modified_gmt":"2026-04-09T12:48:50","slug":"evaluationbremen","status":"publish","type":"page","link":"https:\/\/www.milq.info\/en\/evaluationbremen\/","title":{"rendered":"Evaluation der Bremer Konzeption"},"content":{"rendered":"<div id=\"bsf_rt_marker\"><\/div><p>Zum Bremer Konzept haben umfangreiche empirische Untersuchungen stattgefunden, vor allem sind die Dissertationen von Petri (1996) und Deylitz (1999) zu nennen.<\/p>\n<p>In Petris Arbeit wird im wesentlichen die Ver\u00e4nderung der Vorstellungen eines einzelnen Sch\u00fclers untersucht. Seine Untersuchung wir im Zusammenhang mit den Lernschwierigkeiten und Sch\u00fclervorstellungen besprochen.<\/p>\n<p>Der systematischen Evaluation des Bremer Unterrichtskonzepts widmet sich die Dissertation von Deylitz (1999).<\/p>\n<p>In seiner Evaluationsstudie untersuchte Deylitz 26 Sch\u00fcler in drei Leistungskursen an Bremer Gymnasien. Dazu kamen 40 Studenten in einf\u00fchrenden Kursen an der Universit\u00e4t Perth (Australien).<\/p>\n<p>In den Kursen wurden die Unterrichtsgespr\u00e4che auf Tonband aufgezeichnet. An verschiedenen Stellen im Verlauf des Kurses wurden schriftliche Tests (Klausuren, Hausaufgaben) durchgef\u00fchrt und Interviews aufgenommen. Die Dauer des Unterrichts in den untersuchten Klassen belief sich auf etwa 75 Stunden.<\/p>\n<p>Zur Kategorisierung der Ergebnisse gliederte Deylitz den Unterrichtsstoff in verschiedene Inhaltsbereiche auf: Atommodell, \u03c8-Funktion, Zustandsbegriff, Schr\u00f6dingergleichung, Verbindung von Me\u00dfgr\u00f6\u00dfe und Theorie, h\u00f6here Atome.<\/p>\n<p>Er definiert verschiedene Auspr\u00e4gungsgrade, um die Sch\u00fcler\u00e4u\u00dferungen zu den betrachteten Inhaltsbereichen einzuordnen. Die Auspr\u00e4gungsgrade variieren dabei zwischen Auspr\u00e4gungsgrad 3 (&#8220;gibt die wesentlichen Aspekte des Unterrichts korrekt wieder&#8221;) bis Auspr\u00e4gungsgrad 0 (&#8220;\u00e4u\u00dfert sich nicht im Sinne des Unterrichtsansatzes&#8221;). Die so ermittelten Auspr\u00e4gungsgrade stellen ein Ma\u00df f\u00fcr den Unterrichtserfolg dar.<\/p>\n<p>Als Ergebnis seiner Studie findet Deylitz, dass in den (eher qualitativ orientierten) Inhaltsbereichen <i>Atommodell, \u03c8-Funktion<\/i> und <i>Zustandsbegriff<\/i> etwa 60 &#8211; 70% der Sch\u00fclerinnen und Sch\u00fcler die angestrebten Auspr\u00e4gungsgrade 2 und 3 erreichen. Dagegen ist der Unterrichtserfolg in den Inhaltsbereichen <i>Schr\u00f6dingergleichung, Verbindung Messgr\u00f6\u00dfe\/Theorie<\/i> und <i>h\u00f6here Atome<\/i> eher unbefriedigend. In ihnen erreichten nur etwa 30 &#8211; 50% der Sch\u00fclerinnen und Sch\u00fcler Auspr\u00e4gungsgrad 2 oder 3.<\/p>","protected":false},"excerpt":{"rendered":"<p>Zum Bremer Konzept haben umfangreiche empirische Untersuchungen stattgefunden, vor allem sind die Dissertationen von Petri (1996) und Deylitz (1999) zu nennen. In Petris Arbeit wird im wesentlichen die Ver\u00e4nderung der Vorstellungen eines einzelnen Sch\u00fclers untersucht. Seine Untersuchung wir im Zusammenhang mit den Lernschwierigkeiten und Sch\u00fclervorstellungen besprochen. Der systematischen Evaluation des Bremer Unterrichtskonzepts widmet sich die&hellip; <a href=\"https:\/\/www.milq.info\/en\/evaluationbremen\/\" class=\"more-link\">Continue reading <span class=\"screen-reader-text\">Evaluation der Bremer Konzeption<\/span><\/a><\/p>\n","protected":false},"author":5,"featured_media":0,"parent":0,"menu_order":0,"comment_status":"closed","ping_status":"closed","template":"","meta":{"footnotes":""},"class_list":["post-260","page","type-page","status-publish","hentry","without-featured-image"],"yoast_head":"<!-- This site is optimized with the Yoast SEO plugin v27.5 - https:\/\/yoast.com\/product\/yoast-seo-wordpress\/ -->\n<title>Evaluation der Bremer Konzeption - milq<\/title>\n<meta name=\"robots\" content=\"index, follow, max-snippet:-1, max-image-preview:large, max-video-preview:-1\" \/>\n<link rel=\"canonical\" href=\"https:\/\/www.milq.info\/evaluationbremen\/\" \/>\n<meta property=\"og:locale\" content=\"en_US\" \/>\n<meta property=\"og:type\" content=\"article\" \/>\n<meta property=\"og:title\" content=\"Evaluation der Bremer Konzeption - milq\" \/>\n<meta property=\"og:description\" content=\"Zum Bremer Konzept haben umfangreiche empirische Untersuchungen stattgefunden, vor allem sind die Dissertationen von Petri (1996) und Deylitz (1999) zu nennen. In Petris Arbeit wird im wesentlichen die Ver\u00e4nderung der Vorstellungen eines einzelnen Sch\u00fclers untersucht. Seine Untersuchung wir im Zusammenhang mit den Lernschwierigkeiten und Sch\u00fclervorstellungen besprochen. Der systematischen Evaluation des Bremer Unterrichtskonzepts widmet sich die&hellip; Continue reading Evaluation der Bremer Konzeption\" \/>\n<meta property=\"og:url\" content=\"https:\/\/www.milq.info\/evaluationbremen\/\" \/>\n<meta property=\"og:site_name\" content=\"milq\" \/>\n<meta property=\"article:modified_time\" content=\"2026-04-09T12:48:50+00:00\" \/>\n<meta name=\"twitter:card\" content=\"summary_large_image\" \/>\n<meta name=\"twitter:label1\" content=\"Est. reading time\" \/>\n\t<meta name=\"twitter:data1\" content=\"2 minutes\" \/>\n<script type=\"application\/ld+json\" class=\"yoast-schema-graph\">{\"@context\":\"https:\\\/\\\/schema.org\",\"@graph\":[{\"@type\":\"WebPage\",\"@id\":\"https:\\\/\\\/www.milq.info\\\/evaluationbremen\\\/\",\"url\":\"https:\\\/\\\/www.milq.info\\\/evaluationbremen\\\/\",\"name\":\"Evaluation der Bremer Konzeption - milq\",\"isPartOf\":{\"@id\":\"https:\\\/\\\/www.milq.info\\\/#website\"},\"datePublished\":\"2018-04-23T07:36:58+00:00\",\"dateModified\":\"2026-04-09T12:48:50+00:00\",\"breadcrumb\":{\"@id\":\"https:\\\/\\\/www.milq.info\\\/evaluationbremen\\\/#breadcrumb\"},\"inLanguage\":\"en-US\",\"potentialAction\":[{\"@type\":\"ReadAction\",\"target\":[\"https:\\\/\\\/www.milq.info\\\/evaluationbremen\\\/\"]}]},{\"@type\":\"BreadcrumbList\",\"@id\":\"https:\\\/\\\/www.milq.info\\\/evaluationbremen\\\/#breadcrumb\",\"itemListElement\":[{\"@type\":\"ListItem\",\"position\":1,\"name\":\"Startseite\",\"item\":\"https:\\\/\\\/www.milq.info\\\/\"},{\"@type\":\"ListItem\",\"position\":2,\"name\":\"Evaluation der Bremer Konzeption\"}]},{\"@type\":\"WebSite\",\"@id\":\"https:\\\/\\\/www.milq.info\\\/#website\",\"url\":\"https:\\\/\\\/www.milq.info\\\/\",\"name\":\"milq\",\"description\":\"Quantenphysik in der Schule\",\"potentialAction\":[{\"@type\":\"SearchAction\",\"target\":{\"@type\":\"EntryPoint\",\"urlTemplate\":\"https:\\\/\\\/www.milq.info\\\/?s={search_term_string}\"},\"query-input\":{\"@type\":\"PropertyValueSpecification\",\"valueRequired\":true,\"valueName\":\"search_term_string\"}}],\"inLanguage\":\"en-US\"}]}<\/script>\n<!-- \/ Yoast SEO plugin. -->","yoast_head_json":{"title":"Evaluation der Bremer Konzeption - milq","robots":{"index":"index","follow":"follow","max-snippet":"max-snippet:-1","max-image-preview":"max-image-preview:large","max-video-preview":"max-video-preview:-1"},"canonical":"https:\/\/www.milq.info\/evaluationbremen\/","og_locale":"en_US","og_type":"article","og_title":"Evaluation der Bremer Konzeption - milq","og_description":"Zum Bremer Konzept haben umfangreiche empirische Untersuchungen stattgefunden, vor allem sind die Dissertationen von Petri (1996) und Deylitz (1999) zu nennen. In Petris Arbeit wird im wesentlichen die Ver\u00e4nderung der Vorstellungen eines einzelnen Sch\u00fclers untersucht. Seine Untersuchung wir im Zusammenhang mit den Lernschwierigkeiten und Sch\u00fclervorstellungen besprochen. Der systematischen Evaluation des Bremer Unterrichtskonzepts widmet sich die&hellip; Continue reading Evaluation der Bremer Konzeption","og_url":"https:\/\/www.milq.info\/evaluationbremen\/","og_site_name":"milq","article_modified_time":"2026-04-09T12:48:50+00:00","twitter_card":"summary_large_image","twitter_misc":{"Est. reading time":"2 minutes"},"schema":{"@context":"https:\/\/schema.org","@graph":[{"@type":"WebPage","@id":"https:\/\/www.milq.info\/evaluationbremen\/","url":"https:\/\/www.milq.info\/evaluationbremen\/","name":"Evaluation der Bremer Konzeption - milq","isPartOf":{"@id":"https:\/\/www.milq.info\/#website"},"datePublished":"2018-04-23T07:36:58+00:00","dateModified":"2026-04-09T12:48:50+00:00","breadcrumb":{"@id":"https:\/\/www.milq.info\/evaluationbremen\/#breadcrumb"},"inLanguage":"en-US","potentialAction":[{"@type":"ReadAction","target":["https:\/\/www.milq.info\/evaluationbremen\/"]}]},{"@type":"BreadcrumbList","@id":"https:\/\/www.milq.info\/evaluationbremen\/#breadcrumb","itemListElement":[{"@type":"ListItem","position":1,"name":"Startseite","item":"https:\/\/www.milq.info\/"},{"@type":"ListItem","position":2,"name":"Evaluation der Bremer Konzeption"}]},{"@type":"WebSite","@id":"https:\/\/www.milq.info\/#website","url":"https:\/\/www.milq.info\/","name":"milq","description":"Quantenphysik in der Schule","potentialAction":[{"@type":"SearchAction","target":{"@type":"EntryPoint","urlTemplate":"https:\/\/www.milq.info\/?s={search_term_string}"},"query-input":{"@type":"PropertyValueSpecification","valueRequired":true,"valueName":"search_term_string"}}],"inLanguage":"en-US"}]}},"_links":{"self":[{"href":"https:\/\/www.milq.info\/en\/wp-json\/wp\/v2\/pages\/260","targetHints":{"allow":["GET"]}}],"collection":[{"href":"https:\/\/www.milq.info\/en\/wp-json\/wp\/v2\/pages"}],"about":[{"href":"https:\/\/www.milq.info\/en\/wp-json\/wp\/v2\/types\/page"}],"author":[{"embeddable":true,"href":"https:\/\/www.milq.info\/en\/wp-json\/wp\/v2\/users\/5"}],"replies":[{"embeddable":true,"href":"https:\/\/www.milq.info\/en\/wp-json\/wp\/v2\/comments?post=260"}],"version-history":[{"count":5,"href":"https:\/\/www.milq.info\/en\/wp-json\/wp\/v2\/pages\/260\/revisions"}],"predecessor-version":[{"id":2487,"href":"https:\/\/www.milq.info\/en\/wp-json\/wp\/v2\/pages\/260\/revisions\/2487"}],"wp:attachment":[{"href":"https:\/\/www.milq.info\/en\/wp-json\/wp\/v2\/media?parent=260"}],"curies":[{"name":"wp","href":"https:\/\/api.w.org\/{rel}","templated":true}]}}