{"id":206,"date":"2018-04-23T07:20:24","date_gmt":"2018-04-23T07:20:24","guid":{"rendered":"http:\/\/www.milq.info\/?page_id=206"},"modified":"2026-04-09T13:03:03","modified_gmt":"2026-04-09T11:03:03","slug":"m3_experimentelle_bestimmung_von_h","status":"publish","type":"page","link":"https:\/\/www.milq.info\/en\/m3_experimentelle_bestimmung_von_h\/","title":{"rendered":"M\u00f6glichkeiten zur experimentellen Bestimmung von h"},"content":{"rendered":"<div id=\"bsf_rt_marker\"><\/div><p>Hier eine kurze \u00dcbersicht \u00fcber die verschiedenen M\u00f6glichkeiten der experimentellen Bestimmung von h mit Literaturhinweisen:<\/p>\n<ul>\n<li><strong>Gegenfeldmethode<\/strong><br \/>\nBei dieser (im Lehrtext beschriebenen) Methode k\u00f6nnen Schwierigkeiten beim Nachweis des Photostroms wegen dessen geringer St\u00e4rke und der geringen Lichtintensit\u00e4t des auf die Kathode fallenden Lichts auftreten. Auf Fehlerquellen und Verbesserungen der Gegenfeldmethode weist Fritz Langensiepen in seinem Aufsatz hin: &#8220;Ein verbessertes Verfahren zur Bestimmung des Planckschen Wirkungsquantums mit in der Schule vorhandenen Mitteln&#8221;, in: Praxis der Naturwissenschaften-Physik 30 (1981)11, S. 321-328.<\/li>\n<\/ul>\n<ul>\n<li><strong>Kondensator- oder Auflademethode<\/strong><br \/>\nIn diesem Messverfahren erzeugt der Photostrom der Vakuum-Photozelle die Gegenspannung durch das Aufladen eines Kondensators selbst. Dabei m\u00fcssen die Anschl\u00fcsse des Kondensators mit der Anode bzw. der Kathode der Photozelle verbunden werden. Der Kondensator wird bis zu der Spannung, die der Maximalenergie eines Photoelektrons entspricht, aufgeladen. Mit dem Messen oder Sch\u00e4tzen der Lichtfrequenz kann \u00fcber die Gleichung e\u00b7\u0394U = h\u00b7\u0394f das Plancksche Wirkungsquantum berechnet werden.<br \/>\nN\u00e4here Informationen k\u00f6nnen folgenden Aufs\u00e4tzen entnommen werden:<br \/>\n&#8211; Fiebich, R., Hartung, G.: Demonstrationsversuch zur Bestimmung des Planckschen Wirkungsquantums mit einfachen schulischen Mitteln, in: Physik in der Schule 33(1995) 11, S.407 und<br \/>\n&#8211; Wilke, H-J., Patzi, W., Tronicke, G.: Bestimmung des Planckschen Wirkungsquantums mittels Leuchtdioden, in: Physik in der Schule 35(1997) 10, S. 344-347.<\/li>\n<\/ul>\n<ul>\n<li><strong>Absorption von Licht in Kaliumdichromatl\u00f6sung<\/strong><br \/>\nLicht kann beim Durchgang durch ein Medium absorbiert werden, wenn es Atome oder Molek\u00fcle in einen angeregten Zustand versetzt. Wegen der Quantisierung der Energieniveaus k\u00f6nnen nur Photonen einer bestimmten Energie bzw. eines Energiebereichs (B\u00e4nder) absorbiert werden. Bei einer Kaliumdichromatl\u00f6sung kann die Reaktionsenergie experimentell bestimmt werden. Aus der Wellenl\u00e4nge der Absorbtionskante kann dann f\u00fcr h eine Gleichung berechnet werden.<br \/>\nGenaueres erfahren Sie in dem Artikel &#8220;Das Plancksche Wirkungsquantum &#8211; einmal anders bestimmt&#8221; von Strahlke, W. und Siemon, H. in: Physik in der Schule 35(1997) 10, S. 348-350.<\/li>\n<\/ul>\n<ul>\n<li><strong>Kennlinien von Leuchtdioden<\/strong><br \/>\nStehen Leuchtdioden verschiedener Farben zur Verf\u00fcgung, kann h auch \u00fcber deren Kennlinien bestimmt werden. Die Durchlassspannung U<strong><sub>D<\/sub><\/strong> der Leuchtdiode h\u00e4ngt von deren Farbe ab. Bestimmt man von verschiedenen Leuchtdioden die Durchlassspannung sowie die h\u00f6chste emittierte Frequenz f, dann ist der Quotient U<strong><sub>D<\/sub><\/strong>\/f nahezu konstant, n\u00e4mlich U<strong><sub>D<\/sub><\/strong>\/f = h\/e.<br \/>\nN\u00e4here Informationen k\u00f6nnen folgenden Aufs\u00e4tzen entnommen werden:<br \/>\n&#8211; Pitka, R. : Bestimmung von h\/e mit Leuchtdioden, in: Didaktik der Physik Vortr\u00e4ge 1986 (1987), S. 160-164,<br \/>\n&#8211; H\u00fcbel, H.: Leuchtdioden : ann\u00e4hernd monochromatische Lichtquellen f\u00fcr physikalische Sch\u00fclerversuche zur Gitterbeugung und zum Planckschen Wirkungsquant, in: Praxis der Naturwissenschaften-Physik 3\/1982, S. 77-84,<br \/>\n&#8211; Schwarze, H.: Mit Leuchtdioden zu E = hf, in: Praxis der Naturwissenschaften-Physik 1\/46 1997, S. 34-36,<br \/>\n&#8211; Wilke, H-J., Patzi, W., Tronicke, G.: Bestimmung des Planckschen Wirkungsquantums mittels Leuchtdioden, in: Physik in der Schule 35(1997) 10, S. 344-347.<\/li>\n<\/ul>\n<p>&nbsp;<br \/>\n<a href=\"www.milq.tu-bs.de\" onclick=\"window.history.go(-1); return false;\">Zur\u00fcck<\/a><\/p>","protected":false},"excerpt":{"rendered":"<p>Hier eine kurze \u00dcbersicht \u00fcber die verschiedenen M\u00f6glichkeiten der experimentellen Bestimmung von h mit Literaturhinweisen: Gegenfeldmethode Bei dieser (im Lehrtext beschriebenen) Methode k\u00f6nnen Schwierigkeiten beim Nachweis des Photostroms wegen dessen geringer St\u00e4rke und der geringen Lichtintensit\u00e4t des auf die Kathode fallenden Lichts auftreten. Auf Fehlerquellen und Verbesserungen der Gegenfeldmethode weist Fritz Langensiepen in seinem Aufsatz&hellip; <a href=\"https:\/\/www.milq.info\/en\/m3_experimentelle_bestimmung_von_h\/\" class=\"more-link\">Continue reading <span class=\"screen-reader-text\">M\u00f6glichkeiten zur experimentellen Bestimmung von h<\/span><\/a><\/p>\n","protected":false},"author":5,"featured_media":0,"parent":0,"menu_order":0,"comment_status":"closed","ping_status":"closed","template":"","meta":{"footnotes":""},"class_list":["post-206","page","type-page","status-publish","hentry","without-featured-image"],"yoast_head":"<!-- This site is optimized with the Yoast SEO plugin v27.5 - https:\/\/yoast.com\/product\/yoast-seo-wordpress\/ -->\n<title>M\u00f6glichkeiten zur experimentellen Bestimmung von h - milq<\/title>\n<meta name=\"robots\" content=\"index, follow, max-snippet:-1, max-image-preview:large, max-video-preview:-1\" \/>\n<link rel=\"canonical\" href=\"https:\/\/www.milq.info\/m3_experimentelle_bestimmung_von_h\/\" \/>\n<meta property=\"og:locale\" content=\"en_US\" \/>\n<meta property=\"og:type\" content=\"article\" \/>\n<meta property=\"og:title\" content=\"M\u00f6glichkeiten zur experimentellen Bestimmung von h - milq\" \/>\n<meta property=\"og:description\" content=\"Hier eine kurze \u00dcbersicht \u00fcber die verschiedenen M\u00f6glichkeiten der experimentellen Bestimmung von h mit Literaturhinweisen: Gegenfeldmethode Bei dieser (im Lehrtext beschriebenen) Methode k\u00f6nnen Schwierigkeiten beim Nachweis des Photostroms wegen dessen geringer St\u00e4rke und der geringen Lichtintensit\u00e4t des auf die Kathode fallenden Lichts auftreten. Auf Fehlerquellen und Verbesserungen der Gegenfeldmethode weist Fritz Langensiepen in seinem Aufsatz&hellip; Continue reading M\u00f6glichkeiten zur experimentellen Bestimmung von h\" \/>\n<meta property=\"og:url\" content=\"https:\/\/www.milq.info\/m3_experimentelle_bestimmung_von_h\/\" \/>\n<meta property=\"og:site_name\" content=\"milq\" \/>\n<meta property=\"article:modified_time\" content=\"2026-04-09T11:03:03+00:00\" \/>\n<meta name=\"twitter:card\" content=\"summary_large_image\" \/>\n<meta name=\"twitter:label1\" content=\"Est. reading time\" \/>\n\t<meta name=\"twitter:data1\" content=\"5 minutes\" \/>\n<script type=\"application\/ld+json\" class=\"yoast-schema-graph\">{\"@context\":\"https:\\\/\\\/schema.org\",\"@graph\":[{\"@type\":\"WebPage\",\"@id\":\"https:\\\/\\\/www.milq.info\\\/m3_experimentelle_bestimmung_von_h\\\/\",\"url\":\"https:\\\/\\\/www.milq.info\\\/m3_experimentelle_bestimmung_von_h\\\/\",\"name\":\"M\u00f6glichkeiten zur experimentellen Bestimmung von h - milq\",\"isPartOf\":{\"@id\":\"https:\\\/\\\/www.milq.info\\\/#website\"},\"datePublished\":\"2018-04-23T07:20:24+00:00\",\"dateModified\":\"2026-04-09T11:03:03+00:00\",\"breadcrumb\":{\"@id\":\"https:\\\/\\\/www.milq.info\\\/m3_experimentelle_bestimmung_von_h\\\/#breadcrumb\"},\"inLanguage\":\"en-US\",\"potentialAction\":[{\"@type\":\"ReadAction\",\"target\":[\"https:\\\/\\\/www.milq.info\\\/m3_experimentelle_bestimmung_von_h\\\/\"]}]},{\"@type\":\"BreadcrumbList\",\"@id\":\"https:\\\/\\\/www.milq.info\\\/m3_experimentelle_bestimmung_von_h\\\/#breadcrumb\",\"itemListElement\":[{\"@type\":\"ListItem\",\"position\":1,\"name\":\"Startseite\",\"item\":\"https:\\\/\\\/www.milq.info\\\/\"},{\"@type\":\"ListItem\",\"position\":2,\"name\":\"M\u00f6glichkeiten zur experimentellen Bestimmung von h\"}]},{\"@type\":\"WebSite\",\"@id\":\"https:\\\/\\\/www.milq.info\\\/#website\",\"url\":\"https:\\\/\\\/www.milq.info\\\/\",\"name\":\"milq\",\"description\":\"Quantenphysik in der Schule\",\"potentialAction\":[{\"@type\":\"SearchAction\",\"target\":{\"@type\":\"EntryPoint\",\"urlTemplate\":\"https:\\\/\\\/www.milq.info\\\/?s={search_term_string}\"},\"query-input\":{\"@type\":\"PropertyValueSpecification\",\"valueRequired\":true,\"valueName\":\"search_term_string\"}}],\"inLanguage\":\"en-US\"}]}<\/script>\n<!-- \/ Yoast SEO plugin. -->","yoast_head_json":{"title":"M\u00f6glichkeiten zur experimentellen Bestimmung von h - milq","robots":{"index":"index","follow":"follow","max-snippet":"max-snippet:-1","max-image-preview":"max-image-preview:large","max-video-preview":"max-video-preview:-1"},"canonical":"https:\/\/www.milq.info\/m3_experimentelle_bestimmung_von_h\/","og_locale":"en_US","og_type":"article","og_title":"M\u00f6glichkeiten zur experimentellen Bestimmung von h - milq","og_description":"Hier eine kurze \u00dcbersicht \u00fcber die verschiedenen M\u00f6glichkeiten der experimentellen Bestimmung von h mit Literaturhinweisen: Gegenfeldmethode Bei dieser (im Lehrtext beschriebenen) Methode k\u00f6nnen Schwierigkeiten beim Nachweis des Photostroms wegen dessen geringer St\u00e4rke und der geringen Lichtintensit\u00e4t des auf die Kathode fallenden Lichts auftreten. Auf Fehlerquellen und Verbesserungen der Gegenfeldmethode weist Fritz Langensiepen in seinem Aufsatz&hellip; Continue reading M\u00f6glichkeiten zur experimentellen Bestimmung von h","og_url":"https:\/\/www.milq.info\/m3_experimentelle_bestimmung_von_h\/","og_site_name":"milq","article_modified_time":"2026-04-09T11:03:03+00:00","twitter_card":"summary_large_image","twitter_misc":{"Est. reading time":"5 minutes"},"schema":{"@context":"https:\/\/schema.org","@graph":[{"@type":"WebPage","@id":"https:\/\/www.milq.info\/m3_experimentelle_bestimmung_von_h\/","url":"https:\/\/www.milq.info\/m3_experimentelle_bestimmung_von_h\/","name":"M\u00f6glichkeiten zur experimentellen Bestimmung von h - milq","isPartOf":{"@id":"https:\/\/www.milq.info\/#website"},"datePublished":"2018-04-23T07:20:24+00:00","dateModified":"2026-04-09T11:03:03+00:00","breadcrumb":{"@id":"https:\/\/www.milq.info\/m3_experimentelle_bestimmung_von_h\/#breadcrumb"},"inLanguage":"en-US","potentialAction":[{"@type":"ReadAction","target":["https:\/\/www.milq.info\/m3_experimentelle_bestimmung_von_h\/"]}]},{"@type":"BreadcrumbList","@id":"https:\/\/www.milq.info\/m3_experimentelle_bestimmung_von_h\/#breadcrumb","itemListElement":[{"@type":"ListItem","position":1,"name":"Startseite","item":"https:\/\/www.milq.info\/"},{"@type":"ListItem","position":2,"name":"M\u00f6glichkeiten zur experimentellen Bestimmung von h"}]},{"@type":"WebSite","@id":"https:\/\/www.milq.info\/#website","url":"https:\/\/www.milq.info\/","name":"milq","description":"Quantenphysik in der Schule","potentialAction":[{"@type":"SearchAction","target":{"@type":"EntryPoint","urlTemplate":"https:\/\/www.milq.info\/?s={search_term_string}"},"query-input":{"@type":"PropertyValueSpecification","valueRequired":true,"valueName":"search_term_string"}}],"inLanguage":"en-US"}]}},"_links":{"self":[{"href":"https:\/\/www.milq.info\/en\/wp-json\/wp\/v2\/pages\/206","targetHints":{"allow":["GET"]}}],"collection":[{"href":"https:\/\/www.milq.info\/en\/wp-json\/wp\/v2\/pages"}],"about":[{"href":"https:\/\/www.milq.info\/en\/wp-json\/wp\/v2\/types\/page"}],"author":[{"embeddable":true,"href":"https:\/\/www.milq.info\/en\/wp-json\/wp\/v2\/users\/5"}],"replies":[{"embeddable":true,"href":"https:\/\/www.milq.info\/en\/wp-json\/wp\/v2\/comments?post=206"}],"version-history":[{"count":6,"href":"https:\/\/www.milq.info\/en\/wp-json\/wp\/v2\/pages\/206\/revisions"}],"predecessor-version":[{"id":2466,"href":"https:\/\/www.milq.info\/en\/wp-json\/wp\/v2\/pages\/206\/revisions\/2466"}],"wp:attachment":[{"href":"https:\/\/www.milq.info\/en\/wp-json\/wp\/v2\/media?parent=206"}],"curies":[{"name":"wp","href":"https:\/\/api.w.org\/{rel}","templated":true}]}}