{"id":2,"date":"2017-12-07T17:15:59","date_gmt":"2017-12-07T17:15:59","guid":{"rendered":"http:\/\/134.169.6.169\/milq\/?page_id=2"},"modified":"2018-05-03T10:40:35","modified_gmt":"2018-05-03T10:40:35","slug":"sample-page","status":"publish","type":"page","link":"https:\/\/www.milq.info\/en\/sample-page\/","title":{"rendered":"Mehr"},"content":{"rendered":"<div id=\"bsf_rt_marker\"><\/div><p>Aus milq heraus haben sich weitere Lehrg\u00e4nge entwickelt. Diese sind:<\/p>\n<ul>\n<li><a href=\"http:\/\/www.milq.info\/sample-page\/milq10\/\"><strong>Der milq10-Lehrgang<\/strong><\/a> ist eine auf Niedersachsen angepasste Version von milq f\u00fcr die 10. Jahrgangsstufe.<\/li>\n<li><a href=\"http:\/\/www.milq.info\/sample-page\/u-einheit_s-p-q-r\/\"><strong>Das Sch\u00fclerprogramm zur Quantenreflexion (S\u00b7P\u00b7Q\u00b7R)<\/strong><\/a> bietet ein auf dem milq-Lehrgang basierendes Unterrichtskonzept f\u00fcr die Oberstufe an.<\/li>\n<li><a href=\"http:\/\/www.milq.info\/spezialgebiete\/\"><strong>Die Spezialgebiete<\/strong><\/a> besch\u00e4ftigen sich mit weiteren spannenden Themen rund um die Quantenphysik.<\/li>\n<\/ul>\n","protected":false},"excerpt":{"rendered":"<p>Aus milq heraus haben sich weitere Lehrg\u00e4nge entwickelt. Diese sind: Der milq10-Lehrgang ist eine auf Niedersachsen angepasste Version von milq f\u00fcr die 10. Jahrgangsstufe. Das Sch\u00fclerprogramm zur Quantenreflexion (S\u00b7P\u00b7Q\u00b7R) bietet ein auf dem milq-Lehrgang basierendes Unterrichtskonzept f\u00fcr die Oberstufe an. Die Spezialgebiete besch\u00e4ftigen sich mit weiteren spannenden Themen rund um die Quantenphysik.<\/p>\n","protected":false},"author":5,"featured_media":0,"parent":0,"menu_order":0,"comment_status":"closed","ping_status":"open","template":"","meta":{"footnotes":""},"class_list":["post-2","page","type-page","status-publish","hentry","without-featured-image"],"yoast_head":"<!-- This site is optimized with the Yoast SEO plugin v27.5 - https:\/\/yoast.com\/product\/yoast-seo-wordpress\/ -->\n<title>Mehr - milq<\/title>\n<meta name=\"robots\" content=\"index, follow, max-snippet:-1, max-image-preview:large, max-video-preview:-1\" \/>\n<link rel=\"canonical\" href=\"https:\/\/www.milq.info\/sample-page\/\" \/>\n<meta property=\"og:locale\" content=\"en_US\" \/>\n<meta property=\"og:type\" content=\"article\" \/>\n<meta property=\"og:title\" content=\"Mehr - milq\" \/>\n<meta property=\"og:description\" content=\"Aus milq heraus haben sich weitere Lehrg\u00e4nge entwickelt. Diese sind: Der milq10-Lehrgang ist eine auf Niedersachsen angepasste Version von milq f\u00fcr die 10. Jahrgangsstufe. Das Sch\u00fclerprogramm zur Quantenreflexion (S\u00b7P\u00b7Q\u00b7R) bietet ein auf dem milq-Lehrgang basierendes Unterrichtskonzept f\u00fcr die Oberstufe an. Die Spezialgebiete besch\u00e4ftigen sich mit weiteren spannenden Themen rund um die Quantenphysik.\" \/>\n<meta property=\"og:url\" content=\"https:\/\/www.milq.info\/sample-page\/\" \/>\n<meta property=\"og:site_name\" content=\"milq\" \/>\n<meta property=\"article:modified_time\" content=\"2018-05-03T10:40:35+00:00\" \/>\n<meta name=\"twitter:card\" content=\"summary_large_image\" \/>\n<script type=\"application\/ld+json\" class=\"yoast-schema-graph\">{\"@context\":\"https:\\\/\\\/schema.org\",\"@graph\":[{\"@type\":\"WebPage\",\"@id\":\"https:\\\/\\\/www.milq.info\\\/sample-page\\\/\",\"url\":\"https:\\\/\\\/www.milq.info\\\/sample-page\\\/\",\"name\":\"Mehr - milq\",\"isPartOf\":{\"@id\":\"https:\\\/\\\/www.milq.info\\\/#website\"},\"datePublished\":\"2017-12-07T17:15:59+00:00\",\"dateModified\":\"2018-05-03T10:40:35+00:00\",\"breadcrumb\":{\"@id\":\"https:\\\/\\\/www.milq.info\\\/sample-page\\\/#breadcrumb\"},\"inLanguage\":\"en-US\",\"potentialAction\":[{\"@type\":\"ReadAction\",\"target\":[\"https:\\\/\\\/www.milq.info\\\/sample-page\\\/\"]}]},{\"@type\":\"BreadcrumbList\",\"@id\":\"https:\\\/\\\/www.milq.info\\\/sample-page\\\/#breadcrumb\",\"itemListElement\":[{\"@type\":\"ListItem\",\"position\":1,\"name\":\"Startseite\",\"item\":\"https:\\\/\\\/www.milq.info\\\/\"},{\"@type\":\"ListItem\",\"position\":2,\"name\":\"Mehr\"}]},{\"@type\":\"WebSite\",\"@id\":\"https:\\\/\\\/www.milq.info\\\/#website\",\"url\":\"https:\\\/\\\/www.milq.info\\\/\",\"name\":\"milq\",\"description\":\"Quantenphysik in der Schule\",\"potentialAction\":[{\"@type\":\"SearchAction\",\"target\":{\"@type\":\"EntryPoint\",\"urlTemplate\":\"https:\\\/\\\/www.milq.info\\\/?s={search_term_string}\"},\"query-input\":{\"@type\":\"PropertyValueSpecification\",\"valueRequired\":true,\"valueName\":\"search_term_string\"}}],\"inLanguage\":\"en-US\"}]}<\/script>\n<!-- \/ Yoast SEO plugin. -->","yoast_head_json":{"title":"Mehr - milq","robots":{"index":"index","follow":"follow","max-snippet":"max-snippet:-1","max-image-preview":"max-image-preview:large","max-video-preview":"max-video-preview:-1"},"canonical":"https:\/\/www.milq.info\/sample-page\/","og_locale":"en_US","og_type":"article","og_title":"Mehr - milq","og_description":"Aus milq heraus haben sich weitere Lehrg\u00e4nge entwickelt. Diese sind: Der milq10-Lehrgang ist eine auf Niedersachsen angepasste Version von milq f\u00fcr die 10. Jahrgangsstufe. Das Sch\u00fclerprogramm zur Quantenreflexion (S\u00b7P\u00b7Q\u00b7R) bietet ein auf dem milq-Lehrgang basierendes Unterrichtskonzept f\u00fcr die Oberstufe an. Die Spezialgebiete besch\u00e4ftigen sich mit weiteren spannenden Themen rund um die Quantenphysik.","og_url":"https:\/\/www.milq.info\/sample-page\/","og_site_name":"milq","article_modified_time":"2018-05-03T10:40:35+00:00","twitter_card":"summary_large_image","schema":{"@context":"https:\/\/schema.org","@graph":[{"@type":"WebPage","@id":"https:\/\/www.milq.info\/sample-page\/","url":"https:\/\/www.milq.info\/sample-page\/","name":"Mehr - milq","isPartOf":{"@id":"https:\/\/www.milq.info\/#website"},"datePublished":"2017-12-07T17:15:59+00:00","dateModified":"2018-05-03T10:40:35+00:00","breadcrumb":{"@id":"https:\/\/www.milq.info\/sample-page\/#breadcrumb"},"inLanguage":"en-US","potentialAction":[{"@type":"ReadAction","target":["https:\/\/www.milq.info\/sample-page\/"]}]},{"@type":"BreadcrumbList","@id":"https:\/\/www.milq.info\/sample-page\/#breadcrumb","itemListElement":[{"@type":"ListItem","position":1,"name":"Startseite","item":"https:\/\/www.milq.info\/"},{"@type":"ListItem","position":2,"name":"Mehr"}]},{"@type":"WebSite","@id":"https:\/\/www.milq.info\/#website","url":"https:\/\/www.milq.info\/","name":"milq","description":"Quantenphysik in der Schule","potentialAction":[{"@type":"SearchAction","target":{"@type":"EntryPoint","urlTemplate":"https:\/\/www.milq.info\/?s={search_term_string}"},"query-input":{"@type":"PropertyValueSpecification","valueRequired":true,"valueName":"search_term_string"}}],"inLanguage":"en-US"}]}},"_links":{"self":[{"href":"https:\/\/www.milq.info\/en\/wp-json\/wp\/v2\/pages\/2","targetHints":{"allow":["GET"]}}],"collection":[{"href":"https:\/\/www.milq.info\/en\/wp-json\/wp\/v2\/pages"}],"about":[{"href":"https:\/\/www.milq.info\/en\/wp-json\/wp\/v2\/types\/page"}],"author":[{"embeddable":true,"href":"https:\/\/www.milq.info\/en\/wp-json\/wp\/v2\/users\/5"}],"replies":[{"embeddable":true,"href":"https:\/\/www.milq.info\/en\/wp-json\/wp\/v2\/comments?post=2"}],"version-history":[{"count":6,"href":"https:\/\/www.milq.info\/en\/wp-json\/wp\/v2\/pages\/2\/revisions"}],"predecessor-version":[{"id":178,"href":"https:\/\/www.milq.info\/en\/wp-json\/wp\/v2\/pages\/2\/revisions\/178"}],"wp:attachment":[{"href":"https:\/\/www.milq.info\/en\/wp-json\/wp\/v2\/media?parent=2"}],"curies":[{"name":"wp","href":"https:\/\/api.w.org\/{rel}","templated":true}]}}